{"id":582661,"date":"2025-03-04T09:40:45","date_gmt":"2025-03-04T08:40:45","guid":{"rendered":"https:\/\/shop.kustom.ch\/?post_type=product&#038;p=582661"},"modified":"2026-03-31T08:36:41","modified_gmt":"2026-03-31T07:36:41","slug":"high-vis-winter-latzhose","status":"publish","type":"product","link":"https:\/\/shop.kustom.ch\/en\/product\/high-vis-winter-latzhose\/","title":{"rendered":"High Vis Winter dungarees"},"content":{"rendered":"<p>Lined winter trousers with taped seams in durable, strong material. The trousers are available in two different materials, namely 1900 beaver nylon, which is very durable and water-repellent, and 1977 material, which is breathable and has a windproof membrane. All in all, highly functional winter trousers. 65 mm wide reflective strips Certified to EN471 class 2, EN342 protection against the cold.<\/p>\n<p>CLOSURE: Leg ends with zip. DETAILS: Recessed ID card pocket. Hammer loop on the side. Detachable braces with elasticated drawstring. Metal press studs. Loops, one with D-ring. Snow skirt with Velcro fastener and button. High waistband at the back. FUNCTIONALITY: Windproof &amp; waterproof material with breathability, taped seams. MAIN FEATURES: Craftsman. EN ISO 20471. REFLEX: 65 mm wide reflective stripes. FABRIC: Men's. High-vis yellow. waterproof. High visibility. POCKETS: Leg pocket with bellows. Back pocket with bellows and flap with Velcro fastening. Knee pad pockets. CORDURA\u00ae nail pockets sold separately (2183). Side pockets with fleece lining. Folding rule pocket with knife holder and pen pocket. WASHING INSTRUCTIONS: Number of washes: 20, do not bleach. REINFORCEMENT: CORDURA\u00ae-reinforced at the knees. CERTIFICATION: EN 14404:2004+A1:2010 together with knee pads 4027, 4057, 4058 and 4032. EN 342 together with 4426, 4827, 4851, 4819 and 4870. EN 343, class 3.1. EN ISO 20471, class 2. ACCESSORIES: Article 2183<\/p>\n<p>70% polyester, 30% cotton, twill, water-repellent outer fabric, 230g\/m\u00b2<\/p>","protected":false},"excerpt":{"rendered":"<p>Gef\u00fctterte Winterhose mit verschweissten N\u00e4hten aus langlebigem, festen Material. Die Hose ist in zwei verschiedenen Materialien erh\u00e4ltlich, n\u00e4mlich in 1900 Bibernylon, das sehr langlebig und wasserabweisend ist und in 1977-Material, das atmungsaktiv ist und eine winddichte Membrane hat. Insgesamt eine hochfunktionelle Winterhose. 65 mm breite Reflexstreifen Zertifiziert nach EN471 Klasse 2, EN342 Schutz gegen K\u00e4lte. [&hellip;]<\/p>\n","protected":false},"featured_media":582698,"template":"","meta":[],"product_brand":[],"product_cat":[4185],"product_tag":[],"class_list":{"0":"post-582661","1":"product","2":"type-product","3":"status-publish","4":"has-post-thumbnail","6":"product_cat-hosen","7":"pa_brand-blaklaeder","8":"pa_brand-type-workwear","9":"pa_filter-color-blau","10":"pa_filter-color-gelb","11":"pa_filter-color-grau","12":"pa_filter-color-orange","13":"pa_filter-color-rot","14":"pa_filter-color-schwarz","16":"first","17":"instock","18":"sale","19":"taxable","20":"shipping-taxable","21":"purchasable","22":"product-type-variable","23":"add-to-wishlist-before_image"},"exclude_global_add_ons":[],"addons":[],"acf":[],"_links":{"self":[{"href":"https:\/\/shop.kustom.ch\/en\/wp-json\/wp\/v2\/product\/582661"}],"collection":[{"href":"https:\/\/shop.kustom.ch\/en\/wp-json\/wp\/v2\/product"}],"about":[{"href":"https:\/\/shop.kustom.ch\/en\/wp-json\/wp\/v2\/types\/product"}],"wp:featuredmedia":[{"embeddable":true,"href":"https:\/\/shop.kustom.ch\/en\/wp-json\/wp\/v2\/media\/582698"}],"wp:attachment":[{"href":"https:\/\/shop.kustom.ch\/en\/wp-json\/wp\/v2\/media?parent=582661"}],"wp:term":[{"taxonomy":"product_brand","embeddable":true,"href":"https:\/\/shop.kustom.ch\/en\/wp-json\/wp\/v2\/product_brand?post=582661"},{"taxonomy":"product_cat","embeddable":true,"href":"https:\/\/shop.kustom.ch\/en\/wp-json\/wp\/v2\/product_cat?post=582661"},{"taxonomy":"product_tag","embeddable":true,"href":"https:\/\/shop.kustom.ch\/en\/wp-json\/wp\/v2\/product_tag?post=582661"}],"curies":[{"name":"wp","href":"https:\/\/api.w.org\/{rel}","templated":true}]}}