{"id":582625,"date":"2025-03-04T09:40:37","date_gmt":"2025-03-04T08:40:37","guid":{"rendered":"https:\/\/shop.kustom.ch\/?post_type=product&#038;p=582625"},"modified":"2026-03-31T08:36:30","modified_gmt":"2026-03-31T07:36:30","slug":"multinorm-arbeitshose-shell","status":"publish","type":"product","link":"https:\/\/shop.kustom.ch\/en\/product\/multinorm-arbeitshose-shell\/","title":{"rendered":"Multinorm work trousers shell"},"content":{"rendered":"<p>High-quality, metal-free shell trousers made from High Vis, which are inherently flame-retardant. The oil, dirt and water repellent trousers, which can be used as a layered garment, are both wind and water resistant and have taped seams so that they can be worn in all weather-exposed environments. The braces are detachable and can be adjusted as required. The material of the shell trousers is thin, very flexible and polyester-free. The trousers have an extended back, a ruler pocket, leg pockets and knee pad pockets with CORDURA\u00ae\/Kevlar\u00ae\/Protal\u00ae reinforcement. Certified according to EN 1149-5, EN 14404, EN 13034, EN ISO 20471, EN 343, EN ISO 11611, EN ISO 11612, IEC 61482-2.<\/p>\n<p>CLOSURE: Adjustable leg cuffs with detachable snow guard. DETAILS: Detachable ID card pocket for flame-retardant clothing. External certification labels. Adjustable and detachable braces with elasticated drawstring. Plastic buttons. Taped seams. Plastic zip at the crotch. Loops. High waistband at the back. FUNCTIONALITY: Oil, dirt and water repellent. MAIN PROPERTIES: Road and construction workers. EN ISO 11611. REFLEX: Interrupted flame-retardant transfer reflective stripes. FABRIC: Men's. High-vis yellow. Metal-free. Flame retardant. POCKETS: Leg pocket with bellows and flap. External knee pad pockets. Front pockets with flap and press stud. Folding rule pocket with knife and pen pocket. WASHING INSTRUCTIONS: Do not spin-dry. REINFORCEMENT: Reinforced at the hem. CERTIFICATION: EN 1149-5. EN 13034 PB (6). EN 14404:2004+A1:2010 together with knee pads 4027, 4057, 4058 and 4032. EN 343, class 4.3. ATPV - 21 cal\/cm\u00b2. EN ISO 11611 class 2, A1+A2. EN ISO 11612 A1, A2, B1, C1, D1, E3, F1. EN ISO 20471, class 2<\/p>\n<p>59% viscose, 40% modacrylic, 1% antistatic, coated, waterproof 16,000mm, windproof, breathable Ret 12.6, 250 g\/m\u00b2<\/p>","protected":false},"excerpt":{"rendered":"<p>Eine hochwertige und metallfreie Shell Hose aus High Vis, die inh\u00e4rent flammhemmend ist. Die \u00f6l-, schmutz- und wasserabweisende Hose, welche als Kleidungsst\u00fcck im Lagen-Prinzip genutzt werden kann, ist sowohl wind- als auch wasserfest und verf\u00fcgt \u00fcber verschweisste N\u00e4hte, so dass man mit ihr problemlos in allen wetterexponierten Umgebungen arbeiten kann. Die Hosentr\u00e4ger sind abnehmbar und [&hellip;]<\/p>\n","protected":false},"featured_media":582665,"template":"","meta":[],"product_brand":[],"product_cat":[4185],"product_tag":[],"class_list":{"0":"post-582625","1":"product","2":"type-product","3":"status-publish","4":"has-post-thumbnail","6":"product_cat-hosen","7":"pa_brand-blaklaeder","8":"pa_brand-type-workwear","9":"pa_filter-color-blau","10":"pa_filter-color-gelb","12":"first","13":"instock","14":"sale","15":"taxable","16":"shipping-taxable","17":"purchasable","18":"product-type-variable","19":"add-to-wishlist-before_image"},"exclude_global_add_ons":[],"addons":[],"acf":[],"_links":{"self":[{"href":"https:\/\/shop.kustom.ch\/en\/wp-json\/wp\/v2\/product\/582625"}],"collection":[{"href":"https:\/\/shop.kustom.ch\/en\/wp-json\/wp\/v2\/product"}],"about":[{"href":"https:\/\/shop.kustom.ch\/en\/wp-json\/wp\/v2\/types\/product"}],"wp:featuredmedia":[{"embeddable":true,"href":"https:\/\/shop.kustom.ch\/en\/wp-json\/wp\/v2\/media\/582665"}],"wp:attachment":[{"href":"https:\/\/shop.kustom.ch\/en\/wp-json\/wp\/v2\/media?parent=582625"}],"wp:term":[{"taxonomy":"product_brand","embeddable":true,"href":"https:\/\/shop.kustom.ch\/en\/wp-json\/wp\/v2\/product_brand?post=582625"},{"taxonomy":"product_cat","embeddable":true,"href":"https:\/\/shop.kustom.ch\/en\/wp-json\/wp\/v2\/product_cat?post=582625"},{"taxonomy":"product_tag","embeddable":true,"href":"https:\/\/shop.kustom.ch\/en\/wp-json\/wp\/v2\/product_tag?post=582625"}],"curies":[{"name":"wp","href":"https:\/\/api.w.org\/{rel}","templated":true}]}}