{"id":582144,"date":"2025-03-04T09:33:44","date_gmt":"2025-03-04T08:33:44","guid":{"rendered":"https:\/\/shop.kustom.ch\/?post_type=product&#038;p=582144"},"modified":"2026-03-31T08:35:53","modified_gmt":"2026-03-31T07:35:53","slug":"unterhose-xlight-100-merinowolle","status":"publish","type":"product","link":"https:\/\/shop.kustom.ch\/en\/product\/unterhose-xlight-100-merinowolle\/","title":{"rendered":"Pants XLIGHT, 100% merino wool"},"content":{"rendered":"<p>Thin and pliable long johns with reinforced knees made from 100% merino wool that keeps you warm and dry all year round. The material consists of extra-thin merino wool, which provides good insulation with excellent transport and temperature-regulating properties. Recommended for temperatures between +10\u00b0C and -10\u00b0C.<\/p>\n<p>DETAILS: Contrast stitching. Elasticated waist with Bl\u00e5kl\u00e4der logo. FUNCTIONALITY: Recommended temperature +10\u00b0C to -10\u00b0C. MAIN FEATURES: Men. FABRIC: Men. grey. Wind \/ wet \/ cold. WASHING INSTRUCTIONS: Use wool detergent. 40\u00b0 C - mild. REINFORCEMENT: Reinforced knees<\/p>\n<p>100% Merino wool, single jersey, 160 g\/m\u00b2<\/p>","protected":false},"excerpt":{"rendered":"<p>D\u00fcnne und nachgiebige lange Unterhose mit verst\u00e4rkten Knien aus 100% Merinowolle die das ganze Jahr warm und trocken h\u00e4lt. Das Material besteht aus extra d\u00fcnner Merinowolle, die gute Isolation mit exzellenten Transport- und Temperaturregulierungs Eigenschaften. Empfohlen bei Temperaturen zwischen +10\u00b0C und -10\u00b0C. DETAILS: Kontrastn\u00e4hte. Gummizug an der Taille mit Bl\u00e5kl\u00e4der Logo. FUNKTIONALIT\u00c4T: Empfohlene Temperatur +10\u00b0C [&hellip;]<\/p>\n","protected":false},"featured_media":582191,"template":"","meta":[],"product_brand":[],"product_cat":[4206],"product_tag":[],"class_list":{"0":"post-582144","1":"product","2":"type-product","3":"status-publish","4":"has-post-thumbnail","6":"product_cat-underwear","7":"pa_brand-blaklaeder","8":"pa_brand-type-workwear","9":"pa_filter-color-gelb","10":"pa_filter-color-grau","12":"first","13":"instock","14":"sale","15":"taxable","16":"shipping-taxable","17":"purchasable","18":"product-type-variable","19":"add-to-wishlist-before_image"},"exclude_global_add_ons":[],"addons":[],"acf":[],"_links":{"self":[{"href":"https:\/\/shop.kustom.ch\/en\/wp-json\/wp\/v2\/product\/582144"}],"collection":[{"href":"https:\/\/shop.kustom.ch\/en\/wp-json\/wp\/v2\/product"}],"about":[{"href":"https:\/\/shop.kustom.ch\/en\/wp-json\/wp\/v2\/types\/product"}],"wp:featuredmedia":[{"embeddable":true,"href":"https:\/\/shop.kustom.ch\/en\/wp-json\/wp\/v2\/media\/582191"}],"wp:attachment":[{"href":"https:\/\/shop.kustom.ch\/en\/wp-json\/wp\/v2\/media?parent=582144"}],"wp:term":[{"taxonomy":"product_brand","embeddable":true,"href":"https:\/\/shop.kustom.ch\/en\/wp-json\/wp\/v2\/product_brand?post=582144"},{"taxonomy":"product_cat","embeddable":true,"href":"https:\/\/shop.kustom.ch\/en\/wp-json\/wp\/v2\/product_cat?post=582144"},{"taxonomy":"product_tag","embeddable":true,"href":"https:\/\/shop.kustom.ch\/en\/wp-json\/wp\/v2\/product_tag?post=582144"}],"curies":[{"name":"wp","href":"https:\/\/api.w.org\/{rel}","templated":true}]}}