{"id":582122,"date":"2025-03-04T09:33:39","date_gmt":"2025-03-04T08:33:39","guid":{"rendered":"https:\/\/shop.kustom.ch\/?post_type=product&#038;p=582122"},"modified":"2026-03-31T08:35:25","modified_gmt":"2026-03-31T07:35:25","slug":"shell-hose","status":"publish","type":"product","link":"https:\/\/shop.kustom.ch\/en\/product\/shell-hose\/","title":{"rendered":"Shell trousers"},"content":{"rendered":"<p>Wind and waterproof shell trousers made from a breathable material with taped seams to keep you dry in the rain. The trousers feature a high waist at the back, a side zip up to the knee and an integrated snow skirt with opening. Other great features include detachable elasticated braces, discreet reflective details on the back pockets and on the sides of the legs. Ideal to wear with the 4881 and 4988 jackets, certified with EN 343, protective clothing against bad weather. Loose nail pockets item 2183, sold separately.<\/p>\n<p>CLOSURE: Adjustable leg cuffs. DETAILS: Detachable ID card pocket. Detachable braces with elasticated waist. Snow skirt with Velcro fastening and button. High waistband at the back. FUNCTIONALITY: Windproof &amp; waterproof material with breathability, taped seams. MAIN PROPERTIES: Gardener. Men's. EN 343. REFLEX: Reflective details on the leg. FABRIC: Men. black. Knee pad pockets. Wind \/ wet \/ cold. POCKETS: Leg pocket with three-part pen pocket and mobile phone pocket. Back pockets with bellows and flap. Knee pad pockets. Prefabricated holders for detachable nail pockets. Front pockets with zip fasteners. Folding rule pocket with knife holder and pen pocket. WASHING INSTRUCTIONS: 40\u00b0 C. REINFORCEMENT: Reinforced at the hem. CERTIFICATION: EN 14404:2004+A1:2010 together with knee pads 4027, 4057, 4058 and 4032. EN 343, class 3.3. ACCESSORIES: Article 2183<\/p>\n<p>100% polyester, Oxford, coated, waterproof 15,000 mm, windproof, breathable Ret 8.5, 200g\/m\u00b2<\/p>","protected":false},"excerpt":{"rendered":"<p>Wind- und wasserdichte Shell Hose aus einem atmungsaktiven Material mit verschweissten N\u00e4hten, um Sie im Regen trocken zu halten. Die Hose bietet eine hohe Taille hinten, einen seitlichen Reissverschluss hoch bis zum Knie und einen integrierten Schneefang mit \u00d6ffnung. Andere tolle Eigenschaften beinhalten abnehmbare elastische Hosentr\u00e4ger, diskrete Reflexdetails an den Ges\u00e4sstaschen und an den Seiten [&hellip;]<\/p>\n","protected":false},"featured_media":582161,"template":"","meta":[],"product_brand":[],"product_cat":[4185],"product_tag":[],"class_list":{"0":"post-582122","1":"product","2":"type-product","3":"status-publish","4":"has-post-thumbnail","6":"product_cat-hosen","7":"pa_brand-blaklaeder","8":"pa_brand-type-workwear","9":"pa_filter-color-schwarz","11":"first","12":"instock","13":"sale","14":"taxable","15":"shipping-taxable","16":"purchasable","17":"product-type-variable","18":"add-to-wishlist-before_image"},"exclude_global_add_ons":[],"addons":[],"acf":[],"_links":{"self":[{"href":"https:\/\/shop.kustom.ch\/en\/wp-json\/wp\/v2\/product\/582122"}],"collection":[{"href":"https:\/\/shop.kustom.ch\/en\/wp-json\/wp\/v2\/product"}],"about":[{"href":"https:\/\/shop.kustom.ch\/en\/wp-json\/wp\/v2\/types\/product"}],"wp:featuredmedia":[{"embeddable":true,"href":"https:\/\/shop.kustom.ch\/en\/wp-json\/wp\/v2\/media\/582161"}],"wp:attachment":[{"href":"https:\/\/shop.kustom.ch\/en\/wp-json\/wp\/v2\/media?parent=582122"}],"wp:term":[{"taxonomy":"product_brand","embeddable":true,"href":"https:\/\/shop.kustom.ch\/en\/wp-json\/wp\/v2\/product_brand?post=582122"},{"taxonomy":"product_cat","embeddable":true,"href":"https:\/\/shop.kustom.ch\/en\/wp-json\/wp\/v2\/product_cat?post=582122"},{"taxonomy":"product_tag","embeddable":true,"href":"https:\/\/shop.kustom.ch\/en\/wp-json\/wp\/v2\/product_tag?post=582122"}],"curies":[{"name":"wp","href":"https:\/\/api.w.org\/{rel}","templated":true}]}}