{"id":581906,"date":"2025-03-04T09:30:39","date_gmt":"2025-03-04T08:30:39","guid":{"rendered":"https:\/\/shop.kustom.ch\/?post_type=product&#038;p=581906"},"modified":"2026-03-31T08:30:28","modified_gmt":"2026-03-31T07:30:28","slug":"high-vis-arbeitshose-mit-stretch","status":"publish","type":"product","link":"https:\/\/shop.kustom.ch\/en\/product\/high-vis-arbeitshose-mit-stretch\/","title":{"rendered":"High vis work trousers with stretch"},"content":{"rendered":"<p>High-vis work trousers with stretch inserts at the crotch and hips and knee pad pockets made of CORDURA\u00ae stretch for optimum comfort. Certified according to EN ISO 20471, class 1. knee pad pocket matching knee pad 4027.<\/p>\n<p>DETAILS: Plastic zip at the crotch. D-ring on the waistband. FUNCTIONALITY: Stretch inserts in the crotch, knees and seat. Particularly ergonomically shaped trouser legs. MAIN PROPERTIES: Road and construction workers. EN 14004. REFLEX: 65 mm wide reflective stripes. FABRIC: Men's. blue. Stretch insert. Stretch. POCKETS: Leg pockets with bellows, zip, pen and knife pocket. Back pockets. Mobile phone pocket inside. Inside knee pad pockets. Side pockets. WASHING INSTRUCTIONS: Number of washes: 50, do not bleach. REINFORCEMENT: Cordura\u00ae stretch-reinforced knee pad pockets. CERTIFICATION: EN 14404:2004+A1:2010 together with knee pads 4027, 4057, 4058 and 4032. EN ISO 20471, class 1<\/p>\n<p>65% polyester, 35% cotton, twill, water-repellent outer fabric, 240g\/m\u00b2<\/p>","protected":false},"excerpt":{"rendered":"<p>High Vis Arbeitshose mit Stretch Eins\u00e4tzen im Schritt, an der H\u00fcfte und Kniepolstertaschen aus CORDURA\u00ae Stretch f\u00fcr optimalen Komfort. Zertifiziert nach EN ISO 20471, Klasse 1. Kniepolstertasche passend zu Kniepolster 4027. DETAILS: Kunststoff-Reissverschluss im Schritt. D-Ring am Bund. FUNKTIONALIT\u00c4T: Stretch-Eins\u00e4tze im Schritt, den Knien und am Ges\u00e4ss. Besonders ergonomisch geformte Hosenbeine. HAUPTEIGENSCHAFTEN: Strassen- und Bauarbeiter. [&hellip;]<\/p>\n","protected":false},"featured_media":581943,"template":"","meta":[],"product_brand":[],"product_cat":[4185],"product_tag":[],"class_list":{"0":"post-581906","1":"product","2":"type-product","3":"status-publish","4":"has-post-thumbnail","6":"product_cat-hosen","7":"pa_brand-blaklaeder","8":"pa_brand-type-workwear","9":"pa_filter-color-blau","10":"pa_filter-color-gelb","11":"pa_filter-color-grau","12":"pa_filter-color-orange","13":"pa_filter-color-rot","14":"pa_filter-color-schwarz","16":"first","17":"instock","18":"sale","19":"taxable","20":"shipping-taxable","21":"purchasable","22":"product-type-variable","23":"add-to-wishlist-before_image"},"exclude_global_add_ons":[],"addons":[],"acf":[],"_links":{"self":[{"href":"https:\/\/shop.kustom.ch\/en\/wp-json\/wp\/v2\/product\/581906"}],"collection":[{"href":"https:\/\/shop.kustom.ch\/en\/wp-json\/wp\/v2\/product"}],"about":[{"href":"https:\/\/shop.kustom.ch\/en\/wp-json\/wp\/v2\/types\/product"}],"wp:featuredmedia":[{"embeddable":true,"href":"https:\/\/shop.kustom.ch\/en\/wp-json\/wp\/v2\/media\/581943"}],"wp:attachment":[{"href":"https:\/\/shop.kustom.ch\/en\/wp-json\/wp\/v2\/media?parent=581906"}],"wp:term":[{"taxonomy":"product_brand","embeddable":true,"href":"https:\/\/shop.kustom.ch\/en\/wp-json\/wp\/v2\/product_brand?post=581906"},{"taxonomy":"product_cat","embeddable":true,"href":"https:\/\/shop.kustom.ch\/en\/wp-json\/wp\/v2\/product_cat?post=581906"},{"taxonomy":"product_tag","embeddable":true,"href":"https:\/\/shop.kustom.ch\/en\/wp-json\/wp\/v2\/product_tag?post=581906"}],"curies":[{"name":"wp","href":"https:\/\/api.w.org\/{rel}","templated":true}]}}