{"id":581866,"date":"2025-03-04T09:30:03","date_gmt":"2025-03-04T08:30:03","guid":{"rendered":"https:\/\/shop.kustom.ch\/?post_type=product&#038;p=581866"},"modified":"2026-03-31T08:30:19","modified_gmt":"2026-03-31T07:30:19","slug":"sweathose","status":"publish","type":"product","link":"https:\/\/shop.kustom.ch\/en\/product\/sweathose\/","title":{"rendered":"Sweat trousers"},"content":{"rendered":"<p>The trousers made of certified sweat fabric are a perfect choice for anyone who works in the transport industry. The trousers have a leg pocket with a flap, a back pocket and a mobile phone pocket with zip inside the side pocket. Cuffs at the ankle. Certified according to EN ISO 20471, class 1.<\/p>\n<p>CLOSURE: Ribbed waistband. Cuffs at the leg ends. DETAILS: Elasticated waist and drawstring. FUNCTIONALITY: Minimal seams. Loose fit. MAIN FEATURES: Driver. EN ISO 20471. REFLEX: 50 mm wide transfer reflective stripes. FABRIC: Men's. yellow. Stretch. Transport. POCKETS: Leg pocket with bellows and flap. Back pocket with bellows. Side pockets, one with inside mobile phone pocket with zip. WASHING INSTRUCTIONS: Number of washes: 25, do not iron. CERTIFICATION: EN ISO 20471, class 1<\/p>\n<p>100% polyester, piqu\u00e9 fleece, brushed on one side, 260 g\/m\u00b2<\/p>","protected":false},"excerpt":{"rendered":"<p>Die Hose aus zertifiziertem Sweatstoff ist eine perfekte Wahl f\u00fcr alle, die im Transportgewerbe arbeiten. Die Hose hat eine Beintasche mit einer Schliesslasche, eine Ges\u00e4sstasche und eine Handytasche mit Reissverschluss innerhalb der Seitentasche. B\u00fcndchen am Kn\u00f6chel. Zertifiziert nach EN ISO 20471, Klasse 1. ABSCHLUSS: Gerippter Taillenbund. Manschetten an den Beinabschl\u00fcssen. DETAILS: Gummizug und Kordelzug in [&hellip;]<\/p>\n","protected":false},"featured_media":581916,"template":"","meta":[],"product_brand":[],"product_cat":[4185],"product_tag":[],"class_list":{"0":"post-581866","1":"product","2":"type-product","3":"status-publish","4":"has-post-thumbnail","6":"product_cat-hosen","7":"pa_brand-blaklaeder","8":"pa_brand-type-workwear","9":"pa_filter-color-blau","10":"pa_filter-color-gelb","11":"pa_filter-color-orange","12":"pa_filter-color-rot","13":"pa_filter-color-schwarz","15":"first","16":"instock","17":"sale","18":"taxable","19":"shipping-taxable","20":"purchasable","21":"product-type-variable","22":"add-to-wishlist-before_image"},"exclude_global_add_ons":[],"addons":[],"acf":[],"_links":{"self":[{"href":"https:\/\/shop.kustom.ch\/en\/wp-json\/wp\/v2\/product\/581866"}],"collection":[{"href":"https:\/\/shop.kustom.ch\/en\/wp-json\/wp\/v2\/product"}],"about":[{"href":"https:\/\/shop.kustom.ch\/en\/wp-json\/wp\/v2\/types\/product"}],"wp:featuredmedia":[{"embeddable":true,"href":"https:\/\/shop.kustom.ch\/en\/wp-json\/wp\/v2\/media\/581916"}],"wp:attachment":[{"href":"https:\/\/shop.kustom.ch\/en\/wp-json\/wp\/v2\/media?parent=581866"}],"wp:term":[{"taxonomy":"product_brand","embeddable":true,"href":"https:\/\/shop.kustom.ch\/en\/wp-json\/wp\/v2\/product_brand?post=581866"},{"taxonomy":"product_cat","embeddable":true,"href":"https:\/\/shop.kustom.ch\/en\/wp-json\/wp\/v2\/product_cat?post=581866"},{"taxonomy":"product_tag","embeddable":true,"href":"https:\/\/shop.kustom.ch\/en\/wp-json\/wp\/v2\/product_tag?post=581866"}],"curies":[{"name":"wp","href":"https:\/\/api.w.org\/{rel}","templated":true}]}}