{"id":581865,"date":"2025-03-04T09:30:03","date_gmt":"2025-03-04T08:30:03","guid":{"rendered":"https:\/\/shop.kustom.ch\/?post_type=product&#038;p=581865"},"modified":"2026-03-31T08:30:18","modified_gmt":"2026-03-31T07:30:18","slug":"arbeitshose-x1500-kinder","status":"publish","type":"product","link":"https:\/\/shop.kustom.ch\/en\/product\/arbeitshose-x1500-kinder\/","title":{"rendered":"Work trousers X1500 children"},"content":{"rendered":"<p>CLOSURE: Adjustable leg cuffs with drawstring. DETAILS: Metal zip at the crotch. Loops. Elasticated waist. MAIN FEATURES: Craftsman. FABRIC: Kids. black. Craftsman. POCKETS: Leg pocket with small mobile phone pocket. Back pockets with bellows. Nail pockets - can be tucked into trousers. Folding rule pocket with pen pocket. WASHING INSTRUCTIONS: Do not bleach. REINFORCEMENT: CORDURA\u00ae-reinforced at the knees<\/p>\n<p>100% Cotton, canvas, 270 g\/m\u00b2<\/p>","protected":false},"excerpt":{"rendered":"<p>ABSCHLUSS: Verstellbare Beinabschl\u00fcsse mit Kordelzug. DETAILS: Metall-Reissverschluss im Schritt. Schlaufen. Gummizug an der Taille. HAUPTEIGENSCHAFTEN: Handwerker. STOFF: Kinder. schwarz. Handwerk. TASCHEN: Beintasche mit kleiner Handytasche. Ges\u00e4sstaschen mit Balg. Nageltaschen &#8211; k\u00f6nnen in die Hosen gesteckt werden. Zollstocktasche mit Stifttasche. WASCHANLEITUNG: Nicht bleichen. VERST\u00c4RKUNG: CORDURA\u00ae-verst\u00e4rkt an den Knien 100% Baumwolle, Canvas, 270 g\/m\u00b2<\/p>","protected":false},"featured_media":581915,"template":"","meta":[],"product_brand":[],"product_cat":[4185],"product_tag":[],"class_list":{"0":"post-581865","1":"product","2":"type-product","3":"status-publish","4":"has-post-thumbnail","6":"product_cat-hosen","7":"pa_brand-blaklaeder","8":"pa_brand-type-workwear","9":"pa_filter-color-schwarz","11":"first","12":"instock","13":"sale","14":"taxable","15":"shipping-taxable","16":"purchasable","17":"product-type-variable","18":"add-to-wishlist-before_image"},"exclude_global_add_ons":[],"addons":[],"acf":[],"_links":{"self":[{"href":"https:\/\/shop.kustom.ch\/en\/wp-json\/wp\/v2\/product\/581865"}],"collection":[{"href":"https:\/\/shop.kustom.ch\/en\/wp-json\/wp\/v2\/product"}],"about":[{"href":"https:\/\/shop.kustom.ch\/en\/wp-json\/wp\/v2\/types\/product"}],"wp:featuredmedia":[{"embeddable":true,"href":"https:\/\/shop.kustom.ch\/en\/wp-json\/wp\/v2\/media\/581915"}],"wp:attachment":[{"href":"https:\/\/shop.kustom.ch\/en\/wp-json\/wp\/v2\/media?parent=581865"}],"wp:term":[{"taxonomy":"product_brand","embeddable":true,"href":"https:\/\/shop.kustom.ch\/en\/wp-json\/wp\/v2\/product_brand?post=581865"},{"taxonomy":"product_cat","embeddable":true,"href":"https:\/\/shop.kustom.ch\/en\/wp-json\/wp\/v2\/product_cat?post=581865"},{"taxonomy":"product_tag","embeddable":true,"href":"https:\/\/shop.kustom.ch\/en\/wp-json\/wp\/v2\/product_tag?post=581865"}],"curies":[{"name":"wp","href":"https:\/\/api.w.org\/{rel}","templated":true}]}}