{"id":581658,"date":"2025-03-04T09:27:19","date_gmt":"2025-03-04T08:27:19","guid":{"rendered":"https:\/\/shop.kustom.ch\/?post_type=product&#038;p=581658"},"modified":"2026-03-31T08:30:09","modified_gmt":"2026-03-31T07:30:09","slug":"high-vis-piraten-shorts","status":"publish","type":"product","link":"https:\/\/shop.kustom.ch\/en\/product\/high-vis-piraten-shorts\/","title":{"rendered":"High Vis Pirate Shorts"},"content":{"rendered":"<p>With these pirate shorts you get a flexible design without compromise. 3\/4-length legs give you a cool feeling. Two Cordura\u00ae reinforced back pockets with bellows. Certified to EN ISO 20471 Class 2, increases visibility when working in extreme environments.<\/p>\n<p>DETAILS: ID card pocket. Hammer loop on the side. Plastic zip at the crotch. Loops, one with D-ring. FUNCTIONALITY: Particularly ergonomically shaped trouser legs. MAIN FEATURES: Riders. Men's. EN 14004. REFLEX: Reflective material around the legs. FABRIC: High-vis yellow. Knee pad pockets. High visibility protection. POCKETS: Back pockets with bellows. Mobile phone pocket. Knee pad pockets. Nail pockets can be inserted into the front pockets with bellows. Front pockets with bellows. Folding rule pocket with knife holder and pen pocket. WASHING INSTRUCTIONS: Number of washes: 30. tumble dryer - low. REINFORCEMENT: CORDURA\u00ae reinforcement on the back pockets. CERTIFICATION: EN 14404:2004+A1:2010 together with knee pads 4027, 4057, 4058 and 4032. certification group X<\/p>\n<p>85% polyester, 15% cotton, satin, 300g\/m\u00b2<\/p>","protected":false},"excerpt":{"rendered":"<p>Mit dieser Piraten Shorts erhalten Sie ein flexibles Design ohne Kompromisse. 3\/4-lange Beine geben Ihnen ein k\u00fchles Gef\u00fchl. Zwei Cordura\u00ae verst\u00e4rkte Ges\u00e4sstaschen mit Balg. Zertifiziert nach EN ISO 20471 Klasse 2, erh\u00f6ht die Sichtbarkeit bei der Arbeit in extremer Umgebung. DETAILS: Ausweistasche. Hammerschlaufe an der Seite. Kunststoff-Reissverschluss im Schritt. Schlaufen, davon eine mit D-Ring. FUNKTIONALIT\u00c4T: [&hellip;]<\/p>\n","protected":false},"featured_media":581714,"template":"","meta":[],"product_brand":[],"product_cat":[4198],"product_tag":[],"class_list":{"0":"post-581658","1":"product","2":"type-product","3":"status-publish","4":"has-post-thumbnail","6":"product_cat-shorts","7":"pa_brand-blaklaeder","8":"pa_brand-type-workwear","9":"pa_filter-color-gelb","10":"pa_filter-color-orange","12":"first","13":"instock","14":"sale","15":"taxable","16":"shipping-taxable","17":"purchasable","18":"product-type-variable","19":"add-to-wishlist-before_image"},"exclude_global_add_ons":[],"addons":[],"acf":[],"_links":{"self":[{"href":"https:\/\/shop.kustom.ch\/en\/wp-json\/wp\/v2\/product\/581658"}],"collection":[{"href":"https:\/\/shop.kustom.ch\/en\/wp-json\/wp\/v2\/product"}],"about":[{"href":"https:\/\/shop.kustom.ch\/en\/wp-json\/wp\/v2\/types\/product"}],"wp:featuredmedia":[{"embeddable":true,"href":"https:\/\/shop.kustom.ch\/en\/wp-json\/wp\/v2\/media\/581714"}],"wp:attachment":[{"href":"https:\/\/shop.kustom.ch\/en\/wp-json\/wp\/v2\/media?parent=581658"}],"wp:term":[{"taxonomy":"product_brand","embeddable":true,"href":"https:\/\/shop.kustom.ch\/en\/wp-json\/wp\/v2\/product_brand?post=581658"},{"taxonomy":"product_cat","embeddable":true,"href":"https:\/\/shop.kustom.ch\/en\/wp-json\/wp\/v2\/product_cat?post=581658"},{"taxonomy":"product_tag","embeddable":true,"href":"https:\/\/shop.kustom.ch\/en\/wp-json\/wp\/v2\/product_tag?post=581658"}],"curies":[{"name":"wp","href":"https:\/\/api.w.org\/{rel}","templated":true}]}}