{"id":581633,"date":"2025-03-04T09:26:47","date_gmt":"2025-03-04T08:26:47","guid":{"rendered":"https:\/\/shop.kustom.ch\/?post_type=product&#038;p=581633"},"modified":"2026-03-31T08:30:05","modified_gmt":"2026-03-31T07:30:05","slug":"arbeitshose-zip-off","status":"publish","type":"product","link":"https:\/\/shop.kustom.ch\/en\/product\/arbeitshose-zip-off\/","title":{"rendered":"Zip off work trousers"},"content":{"rendered":"<p>Durable, comfortable work trousers with detachable legs that can be converted into shorts in no time at all. The trousers have two reinforced, loose nail pockets and two back pockets with bellows and CORDURA\u00ae reinforcement in particularly exposed areas.<\/p>\n<p>DETAILS: ID card pocket. Metal buttons. Inside leg seam with triple stitching. Metal zip at the crotch. Two belt loops at the sides with a button for a hammer loop, one belt loop with D-ring at the front. Wide belt loop at the back. FUNCTIONALITY: Zip-off model. MAIN FEATURES: Mechanic. EN 14004. FABRIC: Men's. black. Nail pockets. Craft. POCKETS: Leg pocket with bellows, flap and pen pocket, additional pocket, mobile phone pocket and ID card pocket. Back pockets with bellows. Knee pad pockets. Nail pockets - with screwdriver compartments and tool loops that can be inserted into the front pockets with bellows. Front pockets with bellows. Folding rule pocket with knife holder and pen pocket. WASHING INSTRUCTIONS: Ironing - medium. REINFORCEMENT: CORDURA\u00ae-reinforced knees and back pockets. CERTIFICATION: EN 14404:2004+A1:2010 together with knee pads 4027, 4057, 4058 and 4032<\/p>\n<p>65% polyester, 35% cotton, twill, 300g\/m\u00b2<\/p>","protected":false},"excerpt":{"rendered":"<p>Strapazierf\u00e4hige, bequeme Arbeitshose mit abnehmbaren Beinen, die im Handumdrehen zur Shorts wird. Die Hose hat zwei verst\u00e4rkte, lose Nageltaschen und zwei Ges\u00e4sstaschen mit Balg und CORDURA\u00ae-Verst\u00e4rkung an besonders beanspruchten Stellen. DETAILS: Ausweistasche. Metallkn\u00f6pfe. Innenbeinnaht mit 3-fach-Naht. Metall-Reissverschluss im Schritt. Zwei G\u00fcrtelschlaufen an den Seiten mit einem Knopf f\u00fcr eine Hammerschlaufe, eine G\u00fcrtelschlaufe mit D-Ring vorne. [&hellip;]<\/p>\n","protected":false},"featured_media":581694,"template":"","meta":[],"product_brand":[],"product_cat":[4185],"product_tag":[],"class_list":{"0":"post-581633","1":"product","2":"type-product","3":"status-publish","4":"has-post-thumbnail","6":"product_cat-hosen","7":"pa_brand-blaklaeder","8":"pa_brand-type-workwear","9":"pa_filter-color-schwarz","11":"first","12":"instock","13":"sale","14":"taxable","15":"shipping-taxable","16":"purchasable","17":"product-type-variable","18":"add-to-wishlist-before_image"},"exclude_global_add_ons":[],"addons":[],"acf":[],"_links":{"self":[{"href":"https:\/\/shop.kustom.ch\/en\/wp-json\/wp\/v2\/product\/581633"}],"collection":[{"href":"https:\/\/shop.kustom.ch\/en\/wp-json\/wp\/v2\/product"}],"about":[{"href":"https:\/\/shop.kustom.ch\/en\/wp-json\/wp\/v2\/types\/product"}],"wp:featuredmedia":[{"embeddable":true,"href":"https:\/\/shop.kustom.ch\/en\/wp-json\/wp\/v2\/media\/581694"}],"wp:attachment":[{"href":"https:\/\/shop.kustom.ch\/en\/wp-json\/wp\/v2\/media?parent=581633"}],"wp:term":[{"taxonomy":"product_brand","embeddable":true,"href":"https:\/\/shop.kustom.ch\/en\/wp-json\/wp\/v2\/product_brand?post=581633"},{"taxonomy":"product_cat","embeddable":true,"href":"https:\/\/shop.kustom.ch\/en\/wp-json\/wp\/v2\/product_cat?post=581633"},{"taxonomy":"product_tag","embeddable":true,"href":"https:\/\/shop.kustom.ch\/en\/wp-json\/wp\/v2\/product_tag?post=581633"}],"curies":[{"name":"wp","href":"https:\/\/api.w.org\/{rel}","templated":true}]}}