{"id":581546,"date":"2025-03-04T09:25:58","date_gmt":"2025-03-04T08:25:58","guid":{"rendered":"https:\/\/shop.kustom.ch\/?post_type=product&#038;p=581546"},"modified":"2026-03-31T08:29:59","modified_gmt":"2026-03-31T07:29:59","slug":"handwerker-shorts","status":"publish","type":"product","link":"https:\/\/shop.kustom.ch\/en\/product\/handwerker-shorts\/","title":{"rendered":"Craftsman shorts"},"content":{"rendered":"<p>Comfortable and functional craftsman shorts in a classic design made from 100% cotton. These shorts feature carefully crafted details and a high level of functionality.<\/p>\n<p>DETAILS: Metal buttons. Inside leg seam with triple stitching. Metal zip at the crotch. Two belt loops at the sides with a button for a hammer loop, one belt loop with D-ring at the front. Wide belt loop at the back. MAIN FEATURES: Fitter. Men. FABRIC: Men's. khaki. Nail pockets. Craft. POCKETS: Leg pocket with bellows, flap and pen pocket, additional pocket, mobile phone pocket and ID card pocket. Back pockets with bellows. Nail pockets - with screwdriver compartments and tool loops that can be inserted into the front pockets with bellows. Front pockets with bellows. Folding rule pocket with knife holder and pen pocket. WASHING INSTRUCTIONS: Ironing - medium. REINFORCEMENT: CORDURA\u00ae reinforcement on the back pockets<\/p>\n<p>100% Cotton, canvas, 270 g\/m\u00b2<\/p>","protected":false},"excerpt":{"rendered":"<p>Komfortable und funktionelle Handwerker-Shorts im klassischen Design aus 100% Baumwolle. Diese Shorts verf\u00fcgen \u00fcber sorgf\u00e4ltigst gearbeitete Details und eine hohe Funktionalit\u00e4t. DETAILS: Metallkn\u00f6pfe. Innenbeinnaht mit 3-fach-Naht. Metall-Reissverschluss im Schritt. Zwei G\u00fcrtelschlaufen an den Seiten mit einem Knopf f\u00fcr eine Hammerschlaufe, eine G\u00fcrtelschlaufe mit D-Ring vorne. Breite G\u00fcrtelschlaufe hinten. HAUPTEIGENSCHAFTEN: Installateur. Herren. STOFF: Herren. khaki. Nageltaschen. [&hellip;]<\/p>\n","protected":false},"featured_media":581601,"template":"","meta":[],"product_brand":[],"product_cat":[4198],"product_tag":[],"class_list":{"0":"post-581546","1":"product","2":"type-product","3":"status-publish","4":"has-post-thumbnail","6":"product_cat-shorts","7":"pa_brand-blaklaeder","8":"pa_brand-type-workwear","9":"pa_filter-color-beige","10":"pa_filter-color-blau","11":"pa_filter-color-grau","12":"pa_filter-color-schwarz","14":"first","15":"instock","16":"sale","17":"taxable","18":"shipping-taxable","19":"purchasable","20":"product-type-variable","21":"add-to-wishlist-before_image"},"exclude_global_add_ons":[],"addons":[],"acf":[],"_links":{"self":[{"href":"https:\/\/shop.kustom.ch\/en\/wp-json\/wp\/v2\/product\/581546"}],"collection":[{"href":"https:\/\/shop.kustom.ch\/en\/wp-json\/wp\/v2\/product"}],"about":[{"href":"https:\/\/shop.kustom.ch\/en\/wp-json\/wp\/v2\/types\/product"}],"wp:featuredmedia":[{"embeddable":true,"href":"https:\/\/shop.kustom.ch\/en\/wp-json\/wp\/v2\/media\/581601"}],"wp:attachment":[{"href":"https:\/\/shop.kustom.ch\/en\/wp-json\/wp\/v2\/media?parent=581546"}],"wp:term":[{"taxonomy":"product_brand","embeddable":true,"href":"https:\/\/shop.kustom.ch\/en\/wp-json\/wp\/v2\/product_brand?post=581546"},{"taxonomy":"product_cat","embeddable":true,"href":"https:\/\/shop.kustom.ch\/en\/wp-json\/wp\/v2\/product_cat?post=581546"},{"taxonomy":"product_tag","embeddable":true,"href":"https:\/\/shop.kustom.ch\/en\/wp-json\/wp\/v2\/product_tag?post=581546"}],"curies":[{"name":"wp","href":"https:\/\/api.w.org\/{rel}","templated":true}]}}