{"id":581402,"date":"2025-03-04T09:24:20","date_gmt":"2025-03-04T08:24:20","guid":{"rendered":"https:\/\/shop.kustom.ch\/?post_type=product&#038;p=581402"},"modified":"2026-03-31T08:29:54","modified_gmt":"2026-03-31T07:29:54","slug":"high-vis-arbeitshose-2","status":"publish","type":"product","link":"https:\/\/shop.kustom.ch\/en\/product\/high-vis-arbeitshose-2\/","title":{"rendered":"High Vis work trousers"},"content":{"rendered":"<p>Trendy craftsman trousers that combine high-vis and modern design with many functional pocket solutions. 65 mm wide reflective stripes. Certified to EN ISO 20471, C44 class 1, C46 and larger, class 2.<\/p>\n<p>DETAILS: ID card pocket. Hammer loop on the side. Loops, one with D-ring. FUNCTIONALITY: Particularly ergonomically shaped trouser legs. MAIN PROPERTIES: Craftsman. EN 14004. REFLEX: 70 mm wide reflective stripes. FABRIC: Men's. green. Knee pad pockets. High visibility protection. POCKETS: Leg pocket with bellows, flap and pen pocket, additional pocket, mobile phone pocket and ID card pocket. Back pockets with bellows, reinforced. One with flap. Knee pad pockets. Nail pockets - with screwdriver compartments and tool loops that can be inserted into the front pockets with bellows. Front pockets with bellows. Folding rule pocket with additional pocket and knife holder. WASHING INSTRUCTIONS: Household wash X 50, do not dry clean. REINFORCEMENT: CORDURA\u00ae-reinforced at the knees. CERTIFICATION: EN 14404:2004+A1:2010 together with knee pads 4027, 4057, 4058 and 4032. certification group Y C46 -&gt;<\/p>\n<p>65% polyester, 35% cotton, twill, 300g\/m\u00b2<\/p>","protected":false},"excerpt":{"rendered":"<p>Trendige Handwerkerhose, die High-Vis und modernes Design mit vielen funktionellen Taschenl\u00f6sungen kombiniert. 65 mm breite Reflexstreifen. Zertifiziert nach EN ISO 20471, C44 Klasse 1, C46 und gr\u00f6sser, Klasse 2. DETAILS: Ausweistasche. Hammerschlaufe an der Seite. Schlaufen, davon eine mit D-Ring. FUNKTIONALIT\u00c4T: Besonders ergonomisch geformte Hosenbeine. HAUPTEIGENSCHAFTEN: Handwerker. EN 14004. REFLEX: 70 mm breite Reflexstreifen. STOFF: [&hellip;]<\/p>\n","protected":false},"featured_media":581415,"template":"","meta":[],"product_brand":[],"product_cat":[4185],"product_tag":[],"class_list":{"0":"post-581402","1":"product","2":"type-product","3":"status-publish","4":"has-post-thumbnail","6":"product_cat-hosen","7":"pa_brand-blaklaeder","8":"pa_brand-type-workwear","9":"pa_filter-color-gruen","10":"pa_filter-color-orange","12":"first","13":"instock","14":"sale","15":"taxable","16":"shipping-taxable","17":"purchasable","18":"product-type-variable","19":"add-to-wishlist-before_image"},"exclude_global_add_ons":[],"addons":[],"acf":[],"_links":{"self":[{"href":"https:\/\/shop.kustom.ch\/en\/wp-json\/wp\/v2\/product\/581402"}],"collection":[{"href":"https:\/\/shop.kustom.ch\/en\/wp-json\/wp\/v2\/product"}],"about":[{"href":"https:\/\/shop.kustom.ch\/en\/wp-json\/wp\/v2\/types\/product"}],"wp:featuredmedia":[{"embeddable":true,"href":"https:\/\/shop.kustom.ch\/en\/wp-json\/wp\/v2\/media\/581415"}],"wp:attachment":[{"href":"https:\/\/shop.kustom.ch\/en\/wp-json\/wp\/v2\/media?parent=581402"}],"wp:term":[{"taxonomy":"product_brand","embeddable":true,"href":"https:\/\/shop.kustom.ch\/en\/wp-json\/wp\/v2\/product_brand?post=581402"},{"taxonomy":"product_cat","embeddable":true,"href":"https:\/\/shop.kustom.ch\/en\/wp-json\/wp\/v2\/product_cat?post=581402"},{"taxonomy":"product_tag","embeddable":true,"href":"https:\/\/shop.kustom.ch\/en\/wp-json\/wp\/v2\/product_tag?post=581402"}],"curies":[{"name":"wp","href":"https:\/\/api.w.org\/{rel}","templated":true}]}}