{"id":580666,"date":"2025-03-04T09:16:12","date_gmt":"2025-03-04T08:16:12","guid":{"rendered":"https:\/\/shop.kustom.ch\/?post_type=product&#038;p=580666"},"modified":"2026-03-31T08:29:25","modified_gmt":"2026-03-31T07:29:25","slug":"handwerker-arbeitshose-4-wege-stretch","status":"publish","type":"product","link":"https:\/\/shop.kustom.ch\/en\/product\/handwerker-arbeitshose-4-wege-stretch\/","title":{"rendered":"Craftsman work trousers 4-way stretch"},"content":{"rendered":"<p>The craftsman trousers are made from a lightweight 4-way stretch fabric that provides ultimate comfort. The trousers have a narrower cut and a tighter look. The trousers have CORDURA\u00ae stretch knee pad pockets with opening at the bottom, holster pockets, one with zip, back pockets with bellows, one with zip, a ruler pocket and a loop for hammer holders on both sides. The mesh insert at the back of the knees provides better ventilation, which is very welcome on long and strenuous days.<\/p>\n<p>CLOSURE: Cuff with press stud. DETAILS: Detachable ID card pocket. Metal buttons. Knife holder with button. Double crotch seam. Plastic zip at the crotch. Two loops on the sides with a button for hammer holder. D-ring on the waistband. FUNCTIONALITY: 4-way stretch. MAIN PROPERTIES: Garden worker. EN 14004. REFLEX: Reflective details on the leg. FABRIC: Available for men and women. green. Knee pad pockets. Craft. POCKETS: Leg pocket with bellows, flap and pen pocket, additional pocket, mobile phone pocket and ID card pocket. Back pockets reinforced with bellows. External knee pad pockets. Nail pockets - with tool holders and extra pocket with zip. Pockets with bellows, pen and knife pocket. Flap with concealed magnetic button. Side pockets. Reinforced folding rule pocket with knife holder and pen pocket. WASHING INSTRUCTIONS: Do not spin-dry. REINFORCEMENT: CORDURA\u00ae reinforcement on hanging pockets, back pockets, ruler pocket, leg pockets, knees and bottom edge. CERTIFICATION: EN 14404:2004+A1:2010 together with knee pads 4027, 4057, 4058 and 4032<\/p>\n<p>92% polyamide, 8% elastane, double woven, 4-way stretch, 230 g\/m\u00b2<\/p>","protected":false},"excerpt":{"rendered":"<p>Die Handwerkerhose besteht aus einem leichten 4-Wege-Stretch Stoff, der den ultimativen Komfort liefert. Die Hose ist schmaler geschnitten und sieht enger aus. Die Hose besitzt CORDURA\u00ae-Stretch Kniepolstertaschen mit \u00d6ffnung an der Unterseite, Holstertaschen, eine davon mit Reissverschluss, Ges\u00e4sstaschen mit Balg, eine davon mit Reissverschluss, eine Zollstocktasche und eine Schlaufe f\u00fcr Hammerhalter an beiden Seiten. Der [&hellip;]<\/p>\n","protected":false},"featured_media":580712,"template":"","meta":[],"product_brand":[],"product_cat":[4185],"product_tag":[],"class_list":{"0":"post-580666","1":"product","2":"type-product","3":"status-publish","4":"has-post-thumbnail","6":"product_cat-hosen","7":"pa_brand-blaklaeder","8":"pa_brand-type-workwear","9":"pa_filter-color-blau","10":"pa_filter-color-gelb","11":"pa_filter-color-grau","12":"pa_filter-color-gruen","13":"pa_filter-color-rot","14":"pa_filter-color-schwarz","16":"first","17":"instock","18":"sale","19":"taxable","20":"shipping-taxable","21":"purchasable","22":"product-type-variable","23":"add-to-wishlist-before_image"},"exclude_global_add_ons":[],"addons":[],"acf":[],"_links":{"self":[{"href":"https:\/\/shop.kustom.ch\/en\/wp-json\/wp\/v2\/product\/580666"}],"collection":[{"href":"https:\/\/shop.kustom.ch\/en\/wp-json\/wp\/v2\/product"}],"about":[{"href":"https:\/\/shop.kustom.ch\/en\/wp-json\/wp\/v2\/types\/product"}],"wp:featuredmedia":[{"embeddable":true,"href":"https:\/\/shop.kustom.ch\/en\/wp-json\/wp\/v2\/media\/580712"}],"wp:attachment":[{"href":"https:\/\/shop.kustom.ch\/en\/wp-json\/wp\/v2\/media?parent=580666"}],"wp:term":[{"taxonomy":"product_brand","embeddable":true,"href":"https:\/\/shop.kustom.ch\/en\/wp-json\/wp\/v2\/product_brand?post=580666"},{"taxonomy":"product_cat","embeddable":true,"href":"https:\/\/shop.kustom.ch\/en\/wp-json\/wp\/v2\/product_cat?post=580666"},{"taxonomy":"product_tag","embeddable":true,"href":"https:\/\/shop.kustom.ch\/en\/wp-json\/wp\/v2\/product_tag?post=580666"}],"curies":[{"name":"wp","href":"https:\/\/api.w.org\/{rel}","templated":true}]}}