{"id":580619,"date":"2025-03-04T09:15:31","date_gmt":"2025-03-04T08:15:31","guid":{"rendered":"https:\/\/shop.kustom.ch\/?post_type=product&#038;p=580619"},"modified":"2026-03-31T08:29:13","modified_gmt":"2026-03-31T07:29:13","slug":"handwerker-shorts-4-wege-stretch","status":"publish","type":"product","link":"https:\/\/shop.kustom.ch\/en\/product\/handwerker-shorts-4-wege-stretch\/","title":{"rendered":"Craftsman shorts 4-way stretch"},"content":{"rendered":"<p>The shorts version of the 1522 craftsman trousers, with a slightly lighter 4-way stretch material that really offers the ultimate in comfort. The shorts have a narrower fit and a tighter look. It has hanging pockets, one of which is zipped, back pockets with bellows, one of which is zipped, a folding rule pocket and a loop for hammer holders on the left and right side. This is the perfect craftsman's garment for warm days. <\/p>\n<p>DETAILS: Detachable ID card pocket. Metal buttons. Knife holder with button. Crotch seam as double seam. Plastic zip at the crotch. Wide loop at the back. D-ring on the waistband. FUNCTIONALITY: 4-way stretch. MAIN FEATURES: Electrician. Men's. FABRIC: Men's. blue. Stretch insert. Craft. POCKETS: Leg pocket with bellows, flap and pen pocket, additional pocket, mobile phone pocket and ID card pocket. Back pockets reinforced with bellows. Nail pockets - with tool holders and extra pocket with zip. Pockets with bellows, pen and knife pocket. Flap with concealed magnetic button. Side pockets. Reinforced folding rule pocket with knife holder and pen pocket. WASHING INSTRUCTIONS: Do not spin-dry. REINFORCEMENT: CORDURA\u00ae-reinforced hanging pockets, back pockets, ruler pocket, leg pockets<\/p>\n<p>92% polyamide, 8% elastane, double woven, 4-way stretch, 230 g\/m\u00b2<\/p>","protected":false},"excerpt":{"rendered":"<p>Die Shorts-Version der Handwerkerhose 1522. Sie hat ein etwas leichteres Material aus 4-Wege-Stretch, das wirklich den ultimativen Komfort bietet. Die Shorts hat eine schmalere Passform und einen engeren Look. Sie hat H\u00e4ngetaschen, davon eine mit Reissverschluss, Ges\u00e4sstaschen mit Balg, davon eine mit Reissverschluss, eine Zollstocktasche und eine Schlaufe f\u00fcr Hammerhalter auf der linken und rechten [&hellip;]<\/p>\n","protected":false},"featured_media":580660,"template":"","meta":[],"product_brand":[],"product_cat":[4198],"product_tag":[],"class_list":{"0":"post-580619","1":"product","2":"type-product","3":"status-publish","4":"has-post-thumbnail","6":"product_cat-shorts","7":"pa_brand-blaklaeder","8":"pa_brand-type-workwear","9":"pa_filter-color-blau","10":"pa_filter-color-grau","11":"pa_filter-color-schwarz","13":"first","14":"instock","15":"sale","16":"taxable","17":"shipping-taxable","18":"purchasable","19":"product-type-variable","20":"add-to-wishlist-before_image"},"exclude_global_add_ons":[],"addons":[],"acf":[],"_links":{"self":[{"href":"https:\/\/shop.kustom.ch\/en\/wp-json\/wp\/v2\/product\/580619"}],"collection":[{"href":"https:\/\/shop.kustom.ch\/en\/wp-json\/wp\/v2\/product"}],"about":[{"href":"https:\/\/shop.kustom.ch\/en\/wp-json\/wp\/v2\/types\/product"}],"wp:featuredmedia":[{"embeddable":true,"href":"https:\/\/shop.kustom.ch\/en\/wp-json\/wp\/v2\/media\/580660"}],"wp:attachment":[{"href":"https:\/\/shop.kustom.ch\/en\/wp-json\/wp\/v2\/media?parent=580619"}],"wp:term":[{"taxonomy":"product_brand","embeddable":true,"href":"https:\/\/shop.kustom.ch\/en\/wp-json\/wp\/v2\/product_brand?post=580619"},{"taxonomy":"product_cat","embeddable":true,"href":"https:\/\/shop.kustom.ch\/en\/wp-json\/wp\/v2\/product_cat?post=580619"},{"taxonomy":"product_tag","embeddable":true,"href":"https:\/\/shop.kustom.ch\/en\/wp-json\/wp\/v2\/product_tag?post=580619"}],"curies":[{"name":"wp","href":"https:\/\/api.w.org\/{rel}","templated":true}]}}