{"id":580595,"date":"2025-03-04T09:14:54","date_gmt":"2025-03-04T08:14:54","guid":{"rendered":"https:\/\/shop.kustom.ch\/?post_type=product&#038;p=580595"},"modified":"2026-03-31T08:29:12","modified_gmt":"2026-03-31T07:29:12","slug":"flammschutz-nageltaschen","status":"publish","type":"product","link":"https:\/\/shop.kustom.ch\/en\/product\/flammschutz-nageltaschen\/","title":{"rendered":"Flame retardant nail pockets"},"content":{"rendered":"<p>Detachable and flame-retardant nail pockets in thin and flexible material, now in quality 1512. They match the Bl\u00e5kl\u00e4der trousers without nail pockets in quality 1512. Used together with belt 4039.<\/p>\n<p>FUNCTIONALITY: For fastening to the belt. MAIN FEATURES: Unisex. FITS TO: Bl\u00e5kl\u00e4der trousers without nail pockets. POCKETS: Nail pockets - 3-piece and extra wide. WASHING INSTRUCTIONS: Do not iron. PACKAGING: Supplied in pairs<\/p>\n<p>44% modacrylic, 30% cotton, 20% FR polyamide, 5% aramid, 1% antistatic, ripstop, flame-retardant, antistatic, 260 g\/m\u00b2<\/p>","protected":false},"excerpt":{"rendered":"<p>Abnehmbare und flammhemmende Nageltaschen aus d\u00fcnnem und flexiblen Material, jetzt in der Qualit\u00e4t 1512. Sie passen zu den Bl\u00e5kl\u00e4der Hosen ohne Nageltaschen in der Qualit\u00e4t 1512. Wird zusammen mit dem G\u00fcrtel 4039 verwendet. FUNKTIONALIT\u00c4T: Zur Befestigung am G\u00fcrtel. HAUPTEIGENSCHAFTEN: Unisex. PASST ZU: Bl\u00e5kl\u00e4der Hose ohne Nageltaschen. TASCHEN: Nageltaschen &#8211; 3-teilig und extra breit. WASCHANLEITUNG: Nicht [&hellip;]<\/p>\n","protected":false},"featured_media":580658,"template":"","meta":[],"product_brand":[],"product_cat":[9643,4209],"product_tag":[],"class_list":{"0":"post-580595","1":"product","2":"type-product","3":"status-publish","4":"has-post-thumbnail","6":"product_cat-equipment","7":"product_cat-zubehoer","8":"pa_brand-blaklaeder","9":"pa_brand-type-workwear","10":"pa_filter-color-blau","11":"pa_filter-color-gelb","12":"pa_filter-color-schwarz","14":"first","15":"instock","16":"sale","17":"taxable","18":"shipping-taxable","19":"purchasable","20":"product-type-variable","21":"add-to-wishlist-before_image"},"exclude_global_add_ons":[],"addons":[],"acf":[],"_links":{"self":[{"href":"https:\/\/shop.kustom.ch\/en\/wp-json\/wp\/v2\/product\/580595"}],"collection":[{"href":"https:\/\/shop.kustom.ch\/en\/wp-json\/wp\/v2\/product"}],"about":[{"href":"https:\/\/shop.kustom.ch\/en\/wp-json\/wp\/v2\/types\/product"}],"wp:featuredmedia":[{"embeddable":true,"href":"https:\/\/shop.kustom.ch\/en\/wp-json\/wp\/v2\/media\/580658"}],"wp:attachment":[{"href":"https:\/\/shop.kustom.ch\/en\/wp-json\/wp\/v2\/media?parent=580595"}],"wp:term":[{"taxonomy":"product_brand","embeddable":true,"href":"https:\/\/shop.kustom.ch\/en\/wp-json\/wp\/v2\/product_brand?post=580595"},{"taxonomy":"product_cat","embeddable":true,"href":"https:\/\/shop.kustom.ch\/en\/wp-json\/wp\/v2\/product_cat?post=580595"},{"taxonomy":"product_tag","embeddable":true,"href":"https:\/\/shop.kustom.ch\/en\/wp-json\/wp\/v2\/product_tag?post=580595"}],"curies":[{"name":"wp","href":"https:\/\/api.w.org\/{rel}","templated":true}]}}