{"id":580524,"date":"2025-03-04T09:14:07","date_gmt":"2025-03-04T08:14:07","guid":{"rendered":"https:\/\/shop.kustom.ch\/?post_type=product&#038;p=580524"},"modified":"2026-03-31T08:29:10","modified_gmt":"2026-03-31T07:29:10","slug":"x1500-maler-arbeitshose","status":"publish","type":"product","link":"https:\/\/shop.kustom.ch\/en\/product\/x1500-maler-arbeitshose\/","title":{"rendered":"X1500 Painter work trousers"},"content":{"rendered":"<p>X1500 painter's work trousers. These robust painter's trousers combine modern design with well thought-out functions and reinforcements for everyday use. These trousers have been developed for bricklayers and painters, with double layers of fabric on the thigh and special pockets for tools such as brushes and spatulas.<\/p>\n<p>CLOSURE: Adjustable leg cuffs with drawstring and CORDURA\u00ae reinforcement. DETAILS: Detachable ID card pocket. Hammer loop on the side. Metal buttons. Loops, one with D-ring. FUNCTIONALITY: Particularly ergonomically shaped trouser legs. MAIN FEATURES: Painter. EN 14004. FABRIC: Men's. grey. Nail pockets. Painter. POCKETS: Thigh pocket with zip. Back pockets with bellows. Knee pad pockets. Nail pockets - with tool loops for painting tools. Can be tucked into the trousers. Slanted pockets. WASHING INSTRUCTIONS: Tumble dry - low. REINFORCEMENT: CORDURA\u00ae reinforcement on front pockets, back pockets, ruler pocket, leg pockets, knees and lower edge. CERTIFICATION: EN 14404:2004+A1:2010 together with knee pads 4027, 4057, 4058 and 4032<\/p>\n<p>100% Cotton, twill, 320 g\/m\u00b2<\/p>","protected":false},"excerpt":{"rendered":"<p>X1500 Maler Arbeitshose. Diese robuste Malerhose kombiniert modernes Design mit durchdachten Funktionen und Verst\u00e4rkungen f\u00fcr den t\u00e4glichen Einsatz. Diese Hose wurde f\u00fcr Maurer und Maler entwickelt, mit doppelten Stofflagen am Oberschenkel und speziellen Taschen f\u00fcr Werkzeug, wie Pinsel und Spachtel. ABSCHLUSS: Verstellbare Beinabschl\u00fcsse mit Kordelzug und CORDURA\u00ae-Verst\u00e4rkung. DETAILS: Abnehmbare Ausweistasche. Hammerschlaufe an der Seite. Metallkn\u00f6pfe. [&hellip;]<\/p>\n","protected":false},"featured_media":580568,"template":"","meta":[],"product_brand":[],"product_cat":[4185],"product_tag":[],"class_list":{"0":"post-580524","1":"product","2":"type-product","3":"status-publish","4":"has-post-thumbnail","6":"product_cat-hosen","7":"pa_brand-blaklaeder","8":"pa_brand-type-workwear","9":"pa_filter-color-grau","10":"pa_filter-color-weiss","12":"first","13":"instock","14":"sale","15":"taxable","16":"shipping-taxable","17":"purchasable","18":"product-type-variable","19":"add-to-wishlist-before_image"},"exclude_global_add_ons":[],"addons":[],"acf":[],"_links":{"self":[{"href":"https:\/\/shop.kustom.ch\/en\/wp-json\/wp\/v2\/product\/580524"}],"collection":[{"href":"https:\/\/shop.kustom.ch\/en\/wp-json\/wp\/v2\/product"}],"about":[{"href":"https:\/\/shop.kustom.ch\/en\/wp-json\/wp\/v2\/types\/product"}],"wp:featuredmedia":[{"embeddable":true,"href":"https:\/\/shop.kustom.ch\/en\/wp-json\/wp\/v2\/media\/580568"}],"wp:attachment":[{"href":"https:\/\/shop.kustom.ch\/en\/wp-json\/wp\/v2\/media?parent=580524"}],"wp:term":[{"taxonomy":"product_brand","embeddable":true,"href":"https:\/\/shop.kustom.ch\/en\/wp-json\/wp\/v2\/product_brand?post=580524"},{"taxonomy":"product_cat","embeddable":true,"href":"https:\/\/shop.kustom.ch\/en\/wp-json\/wp\/v2\/product_cat?post=580524"},{"taxonomy":"product_tag","embeddable":true,"href":"https:\/\/shop.kustom.ch\/en\/wp-json\/wp\/v2\/product_tag?post=580524"}],"curies":[{"name":"wp","href":"https:\/\/api.w.org\/{rel}","templated":true}]}}