{"id":580105,"date":"2025-03-04T09:08:59","date_gmt":"2025-03-04T08:08:59","guid":{"rendered":"https:\/\/shop.kustom.ch\/?post_type=product&#038;p=580105"},"modified":"2026-03-31T08:28:58","modified_gmt":"2026-03-31T07:28:58","slug":"handwerker-arbeitshose-x1500","status":"publish","type":"product","link":"https:\/\/shop.kustom.ch\/en\/product\/handwerker-arbeitshose-x1500\/","title":{"rendered":"Craftsman work trousers X1500"},"content":{"rendered":"<p>Discover the new, extreme CORDURA\u00ae Denim X1500: It looks like a pair of jeans, wears like a pair of jeans, but is 4 x stronger! And it has the same tried-and-tested features and details as all X1500 trousers.<\/p>\n<p>CLOSURE: Adjustable leg cuffs with drawstring and CORDURA\u00ae reinforcement. DETAILS: Detachable ID card pocket. Inside leg seam with triple stitching. Button placket at the crotch. Loops, one with D-ring. FUNCTIONALITY: Particularly ergonomically shaped trouser legs. MAIN PROPERTIES: Concrete worker. EN 14004. FABRIC: Men's. black. Knee pad pockets. Craft. POCKETS: Leg pocket with double pockets with zip, pen pocket and inside mesh mobile phone pocket. Thigh pocket with zip. Back pockets with bellows. Knee pad pockets. Nail pockets - with tool loops, can be tucked into the trousers. Slanted front pockets. Extra wide CORDURA\u00ae-reinforced folding rule pocket with pen pocket and knife holder. WASHING INSTRUCTIONS: Tumble dryer - low. REINFORCEMENT: CORDURA\u00ae reinforcement on hanging pockets, back pockets, ruler pocket, leg pockets, knees and bottom edge. CERTIFICATION: EN 14404:2004+A1:2010 together with knee pads 4027, 4057, 4058 and 4032<\/p>\n<p>88% cotton, 12% polyamide, denim, coated, CORDURA\u00ae denim, 375g\/m\u00b2<\/p>","protected":false},"excerpt":{"rendered":"<p>Entdecken Sie die neue, extreme CORDURA\u00ae Denim X1500: Sie sieht aus wie eine Jeans, tr\u00e4gt sich wie eine Jeans, ist aber 4 x st\u00e4rker! Und hat die selben, bew\u00e4hrten Funktionen und Details wie alle X1500-Hosen. ABSCHLUSS: Verstellbare Beinabschl\u00fcsse mit Kordelzug und CORDURA\u00ae-Verst\u00e4rkung. DETAILS: Abnehmbare Ausweistasche. Innenbeinnaht mit 3-fach-Naht. Knopfleiste im Schritt. Schlaufen, davon eine mit [&hellip;]<\/p>\n","protected":false},"featured_media":580134,"template":"","meta":[],"product_brand":[],"product_cat":[4185],"product_tag":[],"class_list":{"0":"post-580105","1":"product","2":"type-product","3":"status-publish","4":"has-post-thumbnail","6":"product_cat-hosen","7":"pa_brand-blaklaeder","8":"pa_brand-type-workwear","9":"pa_filter-color-beige","10":"pa_filter-color-blau","11":"pa_filter-color-grau","12":"pa_filter-color-gruen","13":"pa_filter-color-schwarz","15":"first","16":"instock","17":"sale","18":"taxable","19":"shipping-taxable","20":"purchasable","21":"product-type-variable","22":"add-to-wishlist-before_image"},"exclude_global_add_ons":[],"addons":[],"acf":[],"_links":{"self":[{"href":"https:\/\/shop.kustom.ch\/en\/wp-json\/wp\/v2\/product\/580105"}],"collection":[{"href":"https:\/\/shop.kustom.ch\/en\/wp-json\/wp\/v2\/product"}],"about":[{"href":"https:\/\/shop.kustom.ch\/en\/wp-json\/wp\/v2\/types\/product"}],"wp:featuredmedia":[{"embeddable":true,"href":"https:\/\/shop.kustom.ch\/en\/wp-json\/wp\/v2\/media\/580134"}],"wp:attachment":[{"href":"https:\/\/shop.kustom.ch\/en\/wp-json\/wp\/v2\/media?parent=580105"}],"wp:term":[{"taxonomy":"product_brand","embeddable":true,"href":"https:\/\/shop.kustom.ch\/en\/wp-json\/wp\/v2\/product_brand?post=580105"},{"taxonomy":"product_cat","embeddable":true,"href":"https:\/\/shop.kustom.ch\/en\/wp-json\/wp\/v2\/product_cat?post=580105"},{"taxonomy":"product_tag","embeddable":true,"href":"https:\/\/shop.kustom.ch\/en\/wp-json\/wp\/v2\/product_tag?post=580105"}],"curies":[{"name":"wp","href":"https:\/\/api.w.org\/{rel}","templated":true}]}}