{"id":579995,"date":"2025-03-04T09:07:36","date_gmt":"2025-03-04T08:07:36","guid":{"rendered":"https:\/\/shop.kustom.ch\/?post_type=product&#038;p=579995"},"modified":"2026-03-31T08:26:47","modified_gmt":"2026-03-31T07:26:47","slug":"service-arbeitshose-denim-stretch-3","status":"publish","type":"product","link":"https:\/\/shop.kustom.ch\/en\/product\/service-arbeitshose-denim-stretch-3\/","title":{"rendered":"Service work trousers denim stretch"},"content":{"rendered":"<p>Denim stretch service work trousers made from denim. For an optimum cut and perfect comfort, the waistband trousers have stretch inserts on the calves and crotch, as well as knee pad pockets made of CORDURA\u00ae stretch that can be filled from above. Carefully selected details, such as discreet reflective piping and a mobile phone pocket with a lightweight mesh lining, make these trousers the perfect companion for everyday work. <\/p>\n<p>CLOSURE: Adjustable leg cuffs with buttons. DETAILS: D-ring. Hammer loop on the side. Metal buttons. Metal zip at the crotch. FUNCTIONALITY: Stretch insert on knee pocket and calf. Particularly ergonomically shaped trouser legs. MAIN PROPERTIES: Warehouse worker. EN 14004. REFLEX: Reflective details. FABRIC: Men's. black. Stretch. Stretch. POCKETS: Two leg pockets with flaps. One with pen pocket and inside mesh mobile phone pocket, one with pen and knife pocket and opening for folding rule. Back pockets. Knee pad pockets - top with cover and Velcro fastening. Stretch material on the outside and inside for a better ergonomic fit. Side pockets. WASHING INSTRUCTIONS: Ironing - low. REINFORCEMENT: Cordura\u00ae stretch reinforced knee pad pockets. CERTIFICATION: EN 14404:2004+A1:2010 together with knee pad 4027 and 4057<\/p>\n<p>55% cotton, 15% polyamide, 30% polyester, denim, coated, CORDURA\u00ae denim, stretch, 340 g\/m\u00b2<\/p>","protected":false},"excerpt":{"rendered":"<p>Denim Stretch Service Arbeitshose aus Jeansstoff. F\u00fcr einen optimalen Schnitt und perfekten Tragekomfort hat die Bundhose Stretch-Eins\u00e4tze an den Waden und im Schritt, so wie von oben zu f\u00fcllende Kniepolstertaschen aus CORDURA\u00ae-Stretch. Sorgf\u00e4ltig gew\u00e4hlte Details, wie zum Beispiel, diskrete Reflexpaspeln und eine Handytasche aus leichtem Netzfutter machen diese Bundhose zu einem passenden Begleiter im Arbeitsalltag. [&hellip;]<\/p>\n","protected":false},"featured_media":580013,"template":"","meta":[],"product_brand":[],"product_cat":[4185],"product_tag":[],"class_list":{"0":"post-579995","1":"product","2":"type-product","3":"status-publish","4":"has-post-thumbnail","6":"product_cat-hosen","7":"pa_brand-blaklaeder","8":"pa_brand-type-workwear","9":"pa_filter-color-blau","10":"pa_filter-color-schwarz","12":"first","13":"instock","14":"sale","15":"taxable","16":"shipping-taxable","17":"purchasable","18":"product-type-variable","19":"add-to-wishlist-before_image"},"exclude_global_add_ons":[],"addons":[],"acf":[],"_links":{"self":[{"href":"https:\/\/shop.kustom.ch\/en\/wp-json\/wp\/v2\/product\/579995"}],"collection":[{"href":"https:\/\/shop.kustom.ch\/en\/wp-json\/wp\/v2\/product"}],"about":[{"href":"https:\/\/shop.kustom.ch\/en\/wp-json\/wp\/v2\/types\/product"}],"wp:featuredmedia":[{"embeddable":true,"href":"https:\/\/shop.kustom.ch\/en\/wp-json\/wp\/v2\/media\/580013"}],"wp:attachment":[{"href":"https:\/\/shop.kustom.ch\/en\/wp-json\/wp\/v2\/media?parent=579995"}],"wp:term":[{"taxonomy":"product_brand","embeddable":true,"href":"https:\/\/shop.kustom.ch\/en\/wp-json\/wp\/v2\/product_brand?post=579995"},{"taxonomy":"product_cat","embeddable":true,"href":"https:\/\/shop.kustom.ch\/en\/wp-json\/wp\/v2\/product_cat?post=579995"},{"taxonomy":"product_tag","embeddable":true,"href":"https:\/\/shop.kustom.ch\/en\/wp-json\/wp\/v2\/product_tag?post=579995"}],"curies":[{"name":"wp","href":"https:\/\/api.w.org\/{rel}","templated":true}]}}