{"id":579820,"date":"2025-03-04T09:05:43","date_gmt":"2025-03-04T08:05:43","guid":{"rendered":"https:\/\/shop.kustom.ch\/?post_type=product&#038;p=579820"},"modified":"2026-03-31T08:26:38","modified_gmt":"2026-03-31T07:26:38","slug":"service-arbeitshose-mit-stretch-und-nageltaschen","status":"publish","type":"product","link":"https:\/\/shop.kustom.ch\/en\/product\/service-arbeitshose-mit-stretch-und-nageltaschen\/","title":{"rendered":"Service work trousers with stretch and nail pockets"},"content":{"rendered":"<p>Functional ripstop service work trousers with CORDURA\u00ae-reinforced nail pockets. The waistband trousers have stretch inserts on the calves and crotch for an optimum cut and perfect comfort. Top-filling knee pad pockets made from CORDURA\u00ae stretch. Carefully selected details, such as discreet reflective piping, a mobile phone pocket with a lightweight mesh lining, a folding rule pocket with a holder for digital calipers and a practical knife holder make these trousers the perfect companion for everyday work.<\/p>\n<p>CLOSURE: Adjustable leg cuffs with buttons. DETAILS: D-ring. Hammer loop on the side. Concealed buttons. Plastic zip at the crotch. FUNCTIONALITY: Stretch inserts at the crotch, calf and knee pad pocket. Particularly ergonomically shaped trouser legs. MAIN PROPERTIES: Mechanic. EN 14004. REFLEX: Reflective details. FABRIC: Men's. Stretch insert. Unite. POCKETS: Leg pocket with bellows, pen pocket and mobile phone pocket inside made of mesh. Back pockets. Knee pad pockets - top with cover and Velcro fastening. Stretch material on the outside and inside for a better ergonomic fit. Nail pockets. Side pockets. Ruler pocket with holder for digital caliper, knife and pen pocket. WASHING INSTRUCTIONS: Do not spin. REINFORCEMENT: CORDURA\u00ae-reinforced nail pockets. CERTIFICATION: EN 14404:2004+A1:2010 together with knee pad 4027 and 4057<\/p>\n<p>60% cotton, 40% polyester, ripstop 250g\/m\u00b2<\/p>","protected":false},"excerpt":{"rendered":"<p>Funktionelle Ripstop Service Arbeitshose mit CORDURA\u00ae-verst\u00e4rkten Nageltaschen. F\u00fcr einen optimalen Schnitt und perfekten Tragekomfort hat die Bundhose Stretch-Eins\u00e4tze an den Waden und im Schritt. Von oben zu f\u00fcllende Kniepolstertaschen aus CORDURA\u00ae-Stretch. Sorgf\u00e4ltig gew\u00e4hlte Details, wie zum Beispiel diskrete Reflexpaspeln, Handytasche aus leichtem Netzfutter, Zollstocktasche mit Halter f\u00fcr digitalen Messschieber und ein praktischer Messerhalter machen diese [&hellip;]<\/p>\n","protected":false},"featured_media":579826,"template":"","meta":[],"product_brand":[],"product_cat":[4185],"product_tag":[],"class_list":{"0":"post-579820","1":"product","2":"type-product","3":"status-publish","4":"has-post-thumbnail","6":"product_cat-hosen","7":"pa_brand-blaklaeder","8":"pa_brand-type-workwear","9":"pa_filter-color-blau","10":"pa_filter-color-gelb","12":"first","13":"instock","14":"sale","15":"taxable","16":"shipping-taxable","17":"purchasable","18":"product-type-variable","19":"add-to-wishlist-before_image"},"exclude_global_add_ons":[],"addons":[],"acf":[],"_links":{"self":[{"href":"https:\/\/shop.kustom.ch\/en\/wp-json\/wp\/v2\/product\/579820"}],"collection":[{"href":"https:\/\/shop.kustom.ch\/en\/wp-json\/wp\/v2\/product"}],"about":[{"href":"https:\/\/shop.kustom.ch\/en\/wp-json\/wp\/v2\/types\/product"}],"wp:featuredmedia":[{"embeddable":true,"href":"https:\/\/shop.kustom.ch\/en\/wp-json\/wp\/v2\/media\/579826"}],"wp:attachment":[{"href":"https:\/\/shop.kustom.ch\/en\/wp-json\/wp\/v2\/media?parent=579820"}],"wp:term":[{"taxonomy":"product_brand","embeddable":true,"href":"https:\/\/shop.kustom.ch\/en\/wp-json\/wp\/v2\/product_brand?post=579820"},{"taxonomy":"product_cat","embeddable":true,"href":"https:\/\/shop.kustom.ch\/en\/wp-json\/wp\/v2\/product_cat?post=579820"},{"taxonomy":"product_tag","embeddable":true,"href":"https:\/\/shop.kustom.ch\/en\/wp-json\/wp\/v2\/product_tag?post=579820"}],"curies":[{"name":"wp","href":"https:\/\/api.w.org\/{rel}","templated":true}]}}