{"id":579650,"date":"2025-03-04T09:04:15","date_gmt":"2025-03-04T08:04:15","guid":{"rendered":"https:\/\/shop.kustom.ch\/?post_type=product&#038;p=579650"},"modified":"2026-03-31T08:26:19","modified_gmt":"2026-03-31T07:26:19","slug":"service-arbeitshose-mit-stretch-2","status":"publish","type":"product","link":"https:\/\/shop.kustom.ch\/en\/product\/service-arbeitshose-mit-stretch-2\/","title":{"rendered":"Service work trousers with stretch"},"content":{"rendered":"<p>Robust and functional ripstop service work trousers. For an optimum cut and perfect comfort, the waistband trousers have stretch inserts on the calves and crotch, as well as knee pad pockets made of CORDURA\u00ae stretch that can be filled from above. Carefully selected details such as discreet reflective piping, a mobile phone pocket with a light mesh lining, a folding rule pocket and a practical knife holder make these trousers the perfect companion for everyday work. <\/p>\n<p>CLOSURE: Adjustable leg cuffs with buttons. DETAILS: D-ring. Hammer loop on the side. Concealed buttons. Plastic zip at the crotch. FUNCTIONALITY: Stretch inserts at the crotch, calf and knee pad pocket. Particularly ergonomically shaped trouser legs. MAIN PROPERTIES: Cleaning power. EN 14004. REFLEX: Reflective details. FABRIC: Men's. Knee pad pockets. Unite. POCKETS: Leg pocket with bellows, pen pocket and mobile phone pocket inside made of mesh. Back pockets. Knee pad pockets - top with cover and Velcro fastening. Stretch material on the outside and inside for a better ergonomic fit. Side pockets. Folding rule pocket with knife holder and pen pocket. WASHING INSTRUCTIONS: Ironing - low. REINFORCEMENT: Cordura\u00ae stretch-reinforced knee pad pockets. CERTIFICATION: EN 14404:2004+A1:2010 together with knee pad 4027 and 4057<\/p>\n<p>60% cotton, 40% polyester, ripstop 250g\/m\u00b2<\/p>","protected":false},"excerpt":{"rendered":"<p>Robuste und funktionelle Ripstop Service Arbeitshose. F\u00fcr einen optimalen Schnitt und perfekten Tragekomfort hat die Bundhose Stretch-Eins\u00e4tze an den Waden und im Schritt, so wie von oben zu f\u00fcllende Kniepolstertaschen aus CORDURA\u00ae-Stretch. Sorgf\u00e4ltig gew\u00e4hlte Details, wie zum Beispiel, diskrete Reflexpaspeln, Handytasche aus leichtem Netzfutter, Zollstocktasche und ein praktischer Messerhalter machen diese Bundhose zu einem passenden [&hellip;]<\/p>\n","protected":false},"featured_media":579706,"template":"","meta":[],"product_brand":[],"product_cat":[4185],"product_tag":[],"class_list":{"0":"post-579650","1":"product","2":"type-product","3":"status-publish","4":"has-post-thumbnail","6":"product_cat-hosen","7":"pa_brand-blaklaeder","8":"pa_brand-type-workwear","9":"pa_filter-color-blau","10":"pa_filter-color-gelb","12":"first","13":"instock","14":"sale","15":"taxable","16":"shipping-taxable","17":"purchasable","18":"product-type-variable","19":"add-to-wishlist-before_image"},"exclude_global_add_ons":[],"addons":[],"acf":[],"_links":{"self":[{"href":"https:\/\/shop.kustom.ch\/en\/wp-json\/wp\/v2\/product\/579650"}],"collection":[{"href":"https:\/\/shop.kustom.ch\/en\/wp-json\/wp\/v2\/product"}],"about":[{"href":"https:\/\/shop.kustom.ch\/en\/wp-json\/wp\/v2\/types\/product"}],"wp:featuredmedia":[{"embeddable":true,"href":"https:\/\/shop.kustom.ch\/en\/wp-json\/wp\/v2\/media\/579706"}],"wp:attachment":[{"href":"https:\/\/shop.kustom.ch\/en\/wp-json\/wp\/v2\/media?parent=579650"}],"wp:term":[{"taxonomy":"product_brand","embeddable":true,"href":"https:\/\/shop.kustom.ch\/en\/wp-json\/wp\/v2\/product_brand?post=579650"},{"taxonomy":"product_cat","embeddable":true,"href":"https:\/\/shop.kustom.ch\/en\/wp-json\/wp\/v2\/product_cat?post=579650"},{"taxonomy":"product_tag","embeddable":true,"href":"https:\/\/shop.kustom.ch\/en\/wp-json\/wp\/v2\/product_tag?post=579650"}],"curies":[{"name":"wp","href":"https:\/\/api.w.org\/{rel}","templated":true}]}}