{"id":579451,"date":"2025-03-04T09:01:39","date_gmt":"2025-03-04T08:01:39","guid":{"rendered":"https:\/\/shop.kustom.ch\/?post_type=product&#038;p=579451"},"modified":"2026-03-31T08:25:26","modified_gmt":"2026-03-31T07:25:26","slug":"multinorm-arbeitshose-inhaerent-mit-stretch","status":"publish","type":"product","link":"https:\/\/shop.kustom.ch\/en\/product\/multinorm-arbeitshose-inhaerent-mit-stretch\/","title":{"rendered":"Multinorm work trousers with inherent stretch"},"content":{"rendered":"<p>Oil, dirt and water-repellent flame-retardant work trousers with stretch function. The ideal work trousers with a high level of comfort for people working in hazardous environments. The trousers have intelligent details such as stretch inserts for better freedom of movement and flexibility. The fabric is inherently highly abrasion resistant. The trousers feature CORDURA\u00ae\/Kevlar\u00ae\/Protal\u00ae reinforcement on the knees, a ruler pocket and a knife pocket with space for a mobile phone. Particularly suitable for electricians and similar professions. Certified according to EN 14404, EN 1149-5, EN ISO 20471, EN ISO 11612, IEC 61482-2.<\/p>\n<p>CLOSURE: Extension option at the leg hem. DETAILS: Detachable ID card pocket for flame-retardant clothing. External certification labels. Plastic zip at the crotch. Loops, one with D-ring. FUNCTIONALITY: Stretch insert at crotch and seat. MAIN FEATURES: Service personnel. IEC 61482-2. REFLEX: Flame retardant reflective stripes with double stitching. FABRIC: Men's. yellow. Stretch. Flame retardant. POCKETS: Leg pocket with bellows, flap and mobile phone pocket. Back pocket. External knee pad pockets. Reinforced, three-part nail pockets. Side pockets. Reinforced folding rule pocket with two knife pockets and a pen pocket. WASHING INSTRUCTIONS: Do not iron. REINFORCEMENT: CORDURA\u00ae\/Kevlar\u00ae\/Protal\u00ae - reinforced at the knees. CERTIFICATION: EN 1149-5. EN 14404:2004+A1:2010 together with knee pads 4027 and 4057. EN ISO 11612 A1, B1, C1, F1. Certification group W. IEC 61482-2, APC 1<\/p>\n<p>44% modacrylic, 30% cotton, 20% FR polyamide, 5% aramid, 1% antistatic, ripstop, flame-retardant, antistatic, 260 g\/m\u00b2<\/p>","protected":false},"excerpt":{"rendered":"<p>\u00d6l-, schmutz- und wasserabweisende Flammschutz Arbeitshose mit Stretch Funktion. Die ideale Arbeitshose mit einem hohen Level an Komfort f\u00fcr Leute, die in gef\u00e4hrdeten Umgebungen arbeiten. Die Hose besitzt intelligente Details wie Stretch Eins\u00e4tze f\u00fcr eine bessere Bewegungsfreiheit und Flexibilit\u00e4t. Der Stoff ist inh\u00e4rent mit hoher Abriebfestigkeit. Die Hose bietet eine CORDURA\u00ae\/Kevlar\u00ae\/Protal\u00ae- Verst\u00e4rkung an den Knien, [&hellip;]<\/p>\n","protected":false},"featured_media":579492,"template":"","meta":[],"product_brand":[],"product_cat":[4185],"product_tag":[],"class_list":{"0":"post-579451","1":"product","2":"type-product","3":"status-publish","4":"has-post-thumbnail","6":"product_cat-hosen","7":"pa_brand-blaklaeder","8":"pa_brand-type-workwear","9":"pa_filter-color-blau","10":"pa_filter-color-gelb","12":"first","13":"instock","14":"sale","15":"taxable","16":"shipping-taxable","17":"purchasable","18":"product-type-variable","19":"add-to-wishlist-before_image"},"exclude_global_add_ons":[],"addons":[],"acf":[],"_links":{"self":[{"href":"https:\/\/shop.kustom.ch\/en\/wp-json\/wp\/v2\/product\/579451"}],"collection":[{"href":"https:\/\/shop.kustom.ch\/en\/wp-json\/wp\/v2\/product"}],"about":[{"href":"https:\/\/shop.kustom.ch\/en\/wp-json\/wp\/v2\/types\/product"}],"wp:featuredmedia":[{"embeddable":true,"href":"https:\/\/shop.kustom.ch\/en\/wp-json\/wp\/v2\/media\/579492"}],"wp:attachment":[{"href":"https:\/\/shop.kustom.ch\/en\/wp-json\/wp\/v2\/media?parent=579451"}],"wp:term":[{"taxonomy":"product_brand","embeddable":true,"href":"https:\/\/shop.kustom.ch\/en\/wp-json\/wp\/v2\/product_brand?post=579451"},{"taxonomy":"product_cat","embeddable":true,"href":"https:\/\/shop.kustom.ch\/en\/wp-json\/wp\/v2\/product_cat?post=579451"},{"taxonomy":"product_tag","embeddable":true,"href":"https:\/\/shop.kustom.ch\/en\/wp-json\/wp\/v2\/product_tag?post=579451"}],"curies":[{"name":"wp","href":"https:\/\/api.w.org\/{rel}","templated":true}]}}