{"id":579428,"date":"2025-03-04T09:01:00","date_gmt":"2025-03-04T08:01:00","guid":{"rendered":"https:\/\/shop.kustom.ch\/?post_type=product&#038;p=579428"},"modified":"2026-03-31T08:25:13","modified_gmt":"2026-03-31T07:25:13","slug":"flammschutz-arbeitshose-inhaerent-mit-stretch","status":"publish","type":"product","link":"https:\/\/shop.kustom.ch\/en\/product\/flammschutz-arbeitshose-inhaerent-mit-stretch\/","title":{"rendered":"Flame-resistant work trousers with inherent stretch"},"content":{"rendered":"<p>Flexible and durable service work trousers made of an inherent material with stretch inserts, suitable for maintenance work both indoors and outdoors in warm temperatures. These oil, dirt and water repellent trousers have a tighter fit and stretch inserts in the crotch, seat and knees. This gives the trousers more flexibility and freedom of movement. Certified according to EN 1149-5, EN ISO 11612, IEC 61482-2, ATPV: 10.7 cal\/cm\u00b2, HAF 72.5% (refers to the stretch material).<\/p>\n<p>CLOSURE: Extension option at the leg hem. DETAILS: Detachable ID card pocket for flame-retardant clothing. Label on the outside. Plastic zip at the crotch. Loops, one with D-ring. FUNCTIONALITY: Stretch inserts in the crotch, knees and seat. MAIN PROPERTIES: Craftsman. IEC 61482-2. FABRIC: Men's. black. Stretch. Flame protection. POCKETS: Leg pockets with flap and press stud. Side pockets. WASHING INSTRUCTIONS: Do not dry clean. CERTIFICATION: EN 1149-5. EN ISO 11612 A1, B1, C1, F1. IEC 61482-2, APC 1<\/p>\n<p>44% modacrylic, 30% cotton, 20% FR polyamide, 5% aramid, 1% antistatic, ripstop, flame-retardant, antistatic, 260 g\/m\u00b2<\/p>","protected":false},"excerpt":{"rendered":"<p>Flexible und strapazierf\u00e4hige Service Arbeitshose aus einem inh\u00e4renten Material mit Stretch Eins\u00e4tzen, gut geeignet f\u00fcr Wartungsarbeiten sowohl drinnen als auch draussen bei warmen Temperaturen. Diese \u00f6l-, schmutz- und wasserabweisende Hose hat eine engere Passform und Stretch Eins\u00e4tze im Schritt, am Ges\u00e4ss und an den Knien. Dies gibt der Hose mehr Flexibilit\u00e4t und Bewegungsfreiheit. Zertifiziert nach [&hellip;]<\/p>\n","protected":false},"featured_media":579430,"template":"","meta":[],"product_brand":[],"product_cat":[4185],"product_tag":[],"class_list":{"0":"post-579428","1":"product","2":"type-product","3":"status-publish","4":"has-post-thumbnail","6":"product_cat-hosen","7":"pa_brand-blaklaeder","8":"pa_brand-type-workwear","9":"pa_filter-color-schwarz","11":"first","12":"instock","13":"sale","14":"taxable","15":"shipping-taxable","16":"purchasable","17":"product-type-variable","18":"add-to-wishlist-before_image"},"exclude_global_add_ons":[],"addons":[],"acf":[],"_links":{"self":[{"href":"https:\/\/shop.kustom.ch\/en\/wp-json\/wp\/v2\/product\/579428"}],"collection":[{"href":"https:\/\/shop.kustom.ch\/en\/wp-json\/wp\/v2\/product"}],"about":[{"href":"https:\/\/shop.kustom.ch\/en\/wp-json\/wp\/v2\/types\/product"}],"wp:featuredmedia":[{"embeddable":true,"href":"https:\/\/shop.kustom.ch\/en\/wp-json\/wp\/v2\/media\/579430"}],"wp:attachment":[{"href":"https:\/\/shop.kustom.ch\/en\/wp-json\/wp\/v2\/media?parent=579428"}],"wp:term":[{"taxonomy":"product_brand","embeddable":true,"href":"https:\/\/shop.kustom.ch\/en\/wp-json\/wp\/v2\/product_brand?post=579428"},{"taxonomy":"product_cat","embeddable":true,"href":"https:\/\/shop.kustom.ch\/en\/wp-json\/wp\/v2\/product_cat?post=579428"},{"taxonomy":"product_tag","embeddable":true,"href":"https:\/\/shop.kustom.ch\/en\/wp-json\/wp\/v2\/product_tag?post=579428"}],"curies":[{"name":"wp","href":"https:\/\/api.w.org\/{rel}","templated":true}]}}