{"id":579260,"date":"2025-03-04T08:59:22","date_gmt":"2025-03-04T07:59:22","guid":{"rendered":"https:\/\/shop.kustom.ch\/?post_type=product&#038;p=579260"},"modified":"2026-03-31T08:24:47","modified_gmt":"2026-03-31T07:24:47","slug":"service-arbeitshose-stretch","status":"publish","type":"product","link":"https:\/\/shop.kustom.ch\/en\/product\/service-arbeitshose-stretch\/","title":{"rendered":"Service work trousers stretch"},"content":{"rendered":"<p>Modern and comfortable service work trousers with nail pockets, external knee pad pockets and stretch inserts in carefully selected areas such as the crotch, knees and seat for increased freedom of movement and comfort. The legs are pre-shaped. The trousers have many functional pockets and storage options for tools or accessories.<\/p>\n<p>DETAILS: Plastic zip at the crotch. D-ring on the waistband. FUNCTIONALITY: Stretch inserts in the crotch, knees and seat. Particularly ergonomically shaped trouser legs. MAIN PROPERTIES: Cleaning power. EN 14004. FABRIC: Men's. black. Nail pockets. Industry \/ Service. POCKETS: Leg pockets with bellows, zip, pen and knife pocket. Back pockets. Mobile phone pocket inside. External knee pad pockets. Front nail pockets. Side pockets. WASHING INSTRUCTIONS: Do not spin-dry. CERTIFICATION: EN 14404:2004+A1:2010 together with knee pad 4057<\/p>\n<p>65% polyester, 35% cotton, finely woven, 166g\/m\u00b2<\/p>","protected":false},"excerpt":{"rendered":"<p>Moderne und komfortable Service Arbeitshose mit Nageltaschen, aussenliegenden Kniepolstertaschen und Stretch-Eins\u00e4tzen an sorgf\u00e4ltig ausgesuchten Stellen, wie zum Beispiel im Schritt, an den Knien und dem Ges\u00e4ss f\u00fcr erh\u00f6hte Bewegungsfreiheit und Komfort. Die Beine sind vorgeformt. Die Bundhose besitzt viele, funktionelle Taschen und Verstaum\u00f6glichkeiten f\u00fcr Werkzeug oder Zubeh\u00f6r. DETAILS: Kunststoff-Reissverschluss im Schritt. D-Ring am Bund. FUNKTIONALIT\u00c4T: [&hellip;]<\/p>\n","protected":false},"featured_media":579319,"template":"","meta":[],"product_brand":[],"product_cat":[4185],"product_tag":[],"class_list":{"0":"post-579260","1":"product","2":"type-product","3":"status-publish","4":"has-post-thumbnail","6":"product_cat-hosen","7":"pa_brand-blaklaeder","8":"pa_brand-type-workwear","9":"pa_filter-color-schwarz","11":"first","12":"instock","13":"sale","14":"taxable","15":"shipping-taxable","16":"purchasable","17":"product-type-variable","18":"add-to-wishlist-before_image"},"exclude_global_add_ons":[],"addons":[],"acf":[],"_links":{"self":[{"href":"https:\/\/shop.kustom.ch\/en\/wp-json\/wp\/v2\/product\/579260"}],"collection":[{"href":"https:\/\/shop.kustom.ch\/en\/wp-json\/wp\/v2\/product"}],"about":[{"href":"https:\/\/shop.kustom.ch\/en\/wp-json\/wp\/v2\/types\/product"}],"wp:featuredmedia":[{"embeddable":true,"href":"https:\/\/shop.kustom.ch\/en\/wp-json\/wp\/v2\/media\/579319"}],"wp:attachment":[{"href":"https:\/\/shop.kustom.ch\/en\/wp-json\/wp\/v2\/media?parent=579260"}],"wp:term":[{"taxonomy":"product_brand","embeddable":true,"href":"https:\/\/shop.kustom.ch\/en\/wp-json\/wp\/v2\/product_brand?post=579260"},{"taxonomy":"product_cat","embeddable":true,"href":"https:\/\/shop.kustom.ch\/en\/wp-json\/wp\/v2\/product_cat?post=579260"},{"taxonomy":"product_tag","embeddable":true,"href":"https:\/\/shop.kustom.ch\/en\/wp-json\/wp\/v2\/product_tag?post=579260"}],"curies":[{"name":"wp","href":"https:\/\/api.w.org\/{rel}","templated":true}]}}