{"id":579194,"date":"2025-03-04T08:58:06","date_gmt":"2025-03-04T07:58:06","guid":{"rendered":"https:\/\/shop.kustom.ch\/?post_type=product&#038;p=579194"},"modified":"2026-03-31T08:24:30","modified_gmt":"2026-03-31T07:24:30","slug":"chinohose-stretch","status":"publish","type":"product","link":"https:\/\/shop.kustom.ch\/en\/product\/chinohose-stretch\/","title":{"rendered":"Stretch chinos"},"content":{"rendered":"<p>Chino trousers with a slightly tighter fit in stretch fabric with a high level of comfort whether you are working in the shop or in the field. The trousers have an intelligent zip pocket. These trousers are suitable for industrial laundering.<\/p>\n<p>DETAILS: Plastic buttons. Plastic zip at the crotch. FUNCTIONALITY: 2-way stretch. MAIN FEATURES: Craftsman. FABRIC: Men's. blue. Stretch. Industry \/ Service. POCKETS: Back pockets. Inside pocket with hidden zip pocket. WASHING INSTRUCTIONS: Ironing - medium<\/p>\n<p>63% polyester, 33% cotton, 4% elastofin, twill, stretch, 245 g\/m\u00b2<\/p>","protected":false},"excerpt":{"rendered":"<p>Chinohose mit leicht engerer Passform aus Stretch Stoff mit einem hohen Level an Komfort egal ob man im Laden oder im Aussendienst t\u00e4tig ist. Die Hose besitzt eine intelligente Reissverschlusstasche. Diese Hose ist Industriew\u00e4sche geeignet. DETAILS: Kunststoff-Kn\u00f6pfe. Kunststoff-Reissverschluss im Schritt. FUNKTIONALIT\u00c4T: 2-Wege-Stretch. HAUPTEIGENSCHAFTEN: Handwerker. STOFF: Herren. blau. Stretch. Industrie \/ Service. TASCHEN: Ges\u00e4sstaschen. Innenliegende Tasche [&hellip;]<\/p>\n","protected":false},"featured_media":579257,"template":"","meta":[],"product_brand":[],"product_cat":[4185],"product_tag":[],"class_list":{"0":"post-579194","1":"product","2":"type-product","3":"status-publish","4":"has-post-thumbnail","6":"product_cat-hosen","7":"pa_brand-blaklaeder","8":"pa_brand-type-workwear","9":"pa_filter-color-blau","10":"pa_filter-color-schwarz","12":"first","13":"instock","14":"sale","15":"taxable","16":"shipping-taxable","17":"purchasable","18":"product-type-variable","19":"add-to-wishlist-before_image"},"exclude_global_add_ons":[],"addons":[],"acf":[],"_links":{"self":[{"href":"https:\/\/shop.kustom.ch\/en\/wp-json\/wp\/v2\/product\/579194"}],"collection":[{"href":"https:\/\/shop.kustom.ch\/en\/wp-json\/wp\/v2\/product"}],"about":[{"href":"https:\/\/shop.kustom.ch\/en\/wp-json\/wp\/v2\/types\/product"}],"wp:featuredmedia":[{"embeddable":true,"href":"https:\/\/shop.kustom.ch\/en\/wp-json\/wp\/v2\/media\/579257"}],"wp:attachment":[{"href":"https:\/\/shop.kustom.ch\/en\/wp-json\/wp\/v2\/media?parent=579194"}],"wp:term":[{"taxonomy":"product_brand","embeddable":true,"href":"https:\/\/shop.kustom.ch\/en\/wp-json\/wp\/v2\/product_brand?post=579194"},{"taxonomy":"product_cat","embeddable":true,"href":"https:\/\/shop.kustom.ch\/en\/wp-json\/wp\/v2\/product_cat?post=579194"},{"taxonomy":"product_tag","embeddable":true,"href":"https:\/\/shop.kustom.ch\/en\/wp-json\/wp\/v2\/product_tag?post=579194"}],"curies":[{"name":"wp","href":"https:\/\/api.w.org\/{rel}","templated":true}]}}