{"id":578537,"date":"2025-03-04T08:51:27","date_gmt":"2025-03-04T07:51:27","guid":{"rendered":"https:\/\/shop.kustom.ch\/?post_type=product&#038;p=578537"},"modified":"2026-03-31T08:23:13","modified_gmt":"2026-03-31T07:23:13","slug":"service-arbeitshose-mit-stretch","status":"publish","type":"product","link":"https:\/\/shop.kustom.ch\/en\/product\/service-arbeitshose-mit-stretch\/","title":{"rendered":"Service work trousers with stretch"},"content":{"rendered":"<p>Flexible and strong service\/transport work trousers suitable for various situations that require comfort and freedom of movement. These trousers have an elasticated waist with a slightly tighter fit and stretch inserts for better flexibility. The reinforced knees with CORDURA\u00ae stretch fabric increase durability even more. The trousers have two back pockets, front bellows pockets and a leg pocket for stowing documents. Contrasting colours on the zip and seams enhance the overall look. Black reflective details make the garment more visible.<\/p>\n<p>CLOSURE: Leg ends with CORDURA\u00ae reinforcement. DETAILS: D-ring. Metal button. Plastic zip at the crotch. Elasticated waist. FUNCTIONALITY: Stretch fabric over the front, on the yoke, on the front and back of the knees and in the crotch. Particularly ergonomically shaped trouser legs. MAIN FEATURES: Service staff. REFLEX: Reflective details on the leg. FABRIC: Available for men and women. black. Stretch insert. Unite. POCKETS: Leg pockets with bellows, zip, pen and knife pocket. Document pocket. Back pockets. Inside mobile phone pocket. Inside knee pad pockets. Side pockets. WASHING INSTRUCTIONS: Do not spin-dry. REINFORCEMENT: CORDURA\u00ae-reinforced at the knees. CERTIFICATION: EN 14404 2004+A1 2010, Type 1, Level 0 together with knee pads Art. 4057<\/p>\n<p>65% polyester, 35% cotton, finely woven, 166g\/m\u00b2<\/p>","protected":false},"excerpt":{"rendered":"<p>Flexible und starke Service\/Transport Arbeitshose geeignet f\u00fcr verschiedene Situationen, die Komfort und Bewegungsfreiheit erfordern. Diese Hose hat eine elastische Taille durch Gummizug mit leicht engerer Passform und sie hat Stretch Eins\u00e4tze f\u00fcr bessere Flexibilit\u00e4t. Die verst\u00e4rkten Knie mit CORDURA\u00ae Stretch Stoff erh\u00f6hen die Haltbarkeit noch mehr. Die Hose hat zwei Ges\u00e4sstaschen, Balgtaschen vorne und eine [&hellip;]<\/p>\n","protected":false},"featured_media":578584,"template":"","meta":[],"product_brand":[],"product_cat":[4185],"product_tag":[],"class_list":{"0":"post-578537","1":"product","2":"type-product","3":"status-publish","4":"has-post-thumbnail","6":"product_cat-hosen","7":"pa_brand-blaklaeder","8":"pa_brand-type-workwear","9":"pa_filter-color-blau","10":"pa_filter-color-gelb","11":"pa_filter-color-grau","12":"pa_filter-color-gruen","13":"pa_filter-color-rot","14":"pa_filter-color-schwarz","16":"first","17":"instock","18":"sale","19":"taxable","20":"shipping-taxable","21":"purchasable","22":"product-type-variable","23":"add-to-wishlist-before_image"},"exclude_global_add_ons":[],"addons":[],"acf":[],"_links":{"self":[{"href":"https:\/\/shop.kustom.ch\/en\/wp-json\/wp\/v2\/product\/578537"}],"collection":[{"href":"https:\/\/shop.kustom.ch\/en\/wp-json\/wp\/v2\/product"}],"about":[{"href":"https:\/\/shop.kustom.ch\/en\/wp-json\/wp\/v2\/types\/product"}],"wp:featuredmedia":[{"embeddable":true,"href":"https:\/\/shop.kustom.ch\/en\/wp-json\/wp\/v2\/media\/578584"}],"wp:attachment":[{"href":"https:\/\/shop.kustom.ch\/en\/wp-json\/wp\/v2\/media?parent=578537"}],"wp:term":[{"taxonomy":"product_brand","embeddable":true,"href":"https:\/\/shop.kustom.ch\/en\/wp-json\/wp\/v2\/product_brand?post=578537"},{"taxonomy":"product_cat","embeddable":true,"href":"https:\/\/shop.kustom.ch\/en\/wp-json\/wp\/v2\/product_cat?post=578537"},{"taxonomy":"product_tag","embeddable":true,"href":"https:\/\/shop.kustom.ch\/en\/wp-json\/wp\/v2\/product_tag?post=578537"}],"curies":[{"name":"wp","href":"https:\/\/api.w.org\/{rel}","templated":true}]}}