{"id":578519,"date":"2025-03-04T08:51:23","date_gmt":"2025-03-04T07:51:23","guid":{"rendered":"https:\/\/shop.kustom.ch\/?post_type=product&#038;p=578519"},"modified":"2026-03-31T08:22:50","modified_gmt":"2026-03-31T07:22:50","slug":"garten-arbeitshose","status":"publish","type":"product","link":"https:\/\/shop.kustom.ch\/en\/product\/garten-arbeitshose\/","title":{"rendered":"Garden work trousers"},"content":{"rendered":"<p>Garden work trousers made from recycled polyester and cotton. The pockets of the trousers are designed for tools such as secateurs, hand spades, folding ruler, pad and pencil.<\/p>\n<p>DETAILS: Crotch seam as a double seam. Metal zip at the crotch. Wide belt loops at the back and sides. FUNCTIONALITY: Particularly ergonomically shaped trouser legs. MAIN PROPERTIES: Cleaning power. EN 14004. FABRIC: Available for men and women. black. Knee pad pockets. Craft. POCKETS: Leg pocket with flap and press stud and sewn-on smaller pocket. Back pockets with bellows. Knee pad pockets. Slanted pockets. Extra wide CORDURA\u00ae-reinforced folding rule pocket with pen pocket, knife holder and additional pocket. WASHING INSTRUCTIONS: Tumble dryer - low. REINFORCEMENT: CORDURA\u00ae reinforcement on front pockets, back pockets, ruler pocket, leg pockets, knees and lower edge. CERTIFICATION: EN 14404:2004+A1:2010 together with knee pads 4027, 4057, 4058 and 4032<\/p>\n<p>55% polyester\/45 % cotton, twill, recycled polyester 270 g\/m\u00b2<\/p>","protected":false},"excerpt":{"rendered":"<p>Garten Arbeitshose aus Recycling-Polyester und Baumwolle. Die Taschen der Hose sind an Werkzeuge wie Gartenschere, Handspaten, Zollstock sowie Block und Bleistift angepasst. DETAILS: Schrittnaht als Zweifachnaht. Metall-Reissverschluss im Schritt. Breite G\u00fcrtelschlaufen hinten und an den Seiten. FUNKTIONALIT\u00c4T: Besonders ergonomisch geformte Hosenbeine. HAUPTEIGENSCHAFTEN: Reinigungskraft. EN 14004. STOFF: Erh\u00e4ltlich f\u00fcr Damen und Herren. schwarz. Kniepolstertaschen. Handwerk. TASCHEN: [&hellip;]<\/p>\n","protected":false},"featured_media":578543,"template":"","meta":[],"product_brand":[],"product_cat":[4185],"product_tag":[],"class_list":{"0":"post-578519","1":"product","2":"type-product","3":"status-publish","4":"has-post-thumbnail","6":"product_cat-hosen","7":"pa_brand-blaklaeder","8":"pa_brand-type-workwear","9":"pa_filter-color-gruen","10":"pa_filter-color-schwarz","12":"first","13":"instock","14":"sale","15":"taxable","16":"shipping-taxable","17":"purchasable","18":"product-type-variable","19":"add-to-wishlist-before_image"},"exclude_global_add_ons":[],"addons":[],"acf":[],"_links":{"self":[{"href":"https:\/\/shop.kustom.ch\/en\/wp-json\/wp\/v2\/product\/578519"}],"collection":[{"href":"https:\/\/shop.kustom.ch\/en\/wp-json\/wp\/v2\/product"}],"about":[{"href":"https:\/\/shop.kustom.ch\/en\/wp-json\/wp\/v2\/types\/product"}],"wp:featuredmedia":[{"embeddable":true,"href":"https:\/\/shop.kustom.ch\/en\/wp-json\/wp\/v2\/media\/578543"}],"wp:attachment":[{"href":"https:\/\/shop.kustom.ch\/en\/wp-json\/wp\/v2\/media?parent=578519"}],"wp:term":[{"taxonomy":"product_brand","embeddable":true,"href":"https:\/\/shop.kustom.ch\/en\/wp-json\/wp\/v2\/product_brand?post=578519"},{"taxonomy":"product_cat","embeddable":true,"href":"https:\/\/shop.kustom.ch\/en\/wp-json\/wp\/v2\/product_cat?post=578519"},{"taxonomy":"product_tag","embeddable":true,"href":"https:\/\/shop.kustom.ch\/en\/wp-json\/wp\/v2\/product_tag?post=578519"}],"curies":[{"name":"wp","href":"https:\/\/api.w.org\/{rel}","templated":true}]}}