{"id":577814,"date":"2025-03-04T08:43:58","date_gmt":"2025-03-04T07:43:58","guid":{"rendered":"https:\/\/shop.kustom.ch\/?post_type=product&#038;p=577814"},"modified":"2026-03-31T08:21:18","modified_gmt":"2026-03-31T07:21:18","slug":"industrie-arbeitshose-stretch-2","status":"publish","type":"product","link":"https:\/\/shop.kustom.ch\/en\/product\/industrie-arbeitshose-stretch-2\/","title":{"rendered":"Industrial work trousers stretch"},"content":{"rendered":"<p>These trousers are part of the new stretch industrial collection from Bl\u00e5kl\u00e4der. Suitable for industrial laundering, these scratch-resistant trousers are made entirely from 2-way stretch fabric and have an elasticated waistband for added comfort. Concealed features include an inner folding rule pocket, a zipped security pocket and press studs, making these extremely reliable trousers ideal for working in environments with sensitive surfaces. Reflective strips provide additional visibility when required.<\/p>\n<p>DETAILS: D-ring. Concealed buttons. Inside leg seam with triple stitching. Plastic zip at the crotch. Elasticated waist. FUNCTIONALITY: Scratch-free. Particularly ergonomically shaped trouser legs. MAIN FEATURES: Craftsman. REFLEX: Reflective details on the leg. FABRIC: Available for men and women. Stretch. Stretch. POCKETS: Leg pockets with bellows and flap, concealed metal buttons. Back pocket, one with flap. Mobile phone pocket inside. Inside pocket with concealed zip pocket. Folding rule pocket inside. WASHING INSTRUCTIONS: 70\u00b0 C. WASHING: Industrial laundry EN ISO 15797<\/p>\n<p>63% polyester, 33% cotton, 4% Elastofin, twill, stretch, 260 g\/m\u00b2<\/p>","protected":false},"excerpt":{"rendered":"<p>Diese Hose ist Teil der neuen Industriekollektion aus Stretch von Bl\u00e5kl\u00e4der. Geeignet f\u00fcr die Industriew\u00e4sche, ist diese kratzerresistente Hose komplett aus 2-Wege-Stretch Stoff gefertigt und hat einen elastischen Bund, der f\u00fcr noch mehr Tragekomfort sorgt. Zu den verdeckten Eigenschaften geh\u00f6ren eine Zollstock-Innentasche, eine Sicherheitstasche mit Reissverschluss und Druckkn\u00f6pfe, die diese \u00e4usserst zuverl\u00e4ssige Hose f\u00fcr das [&hellip;]<\/p>\n","protected":false},"featured_media":577820,"template":"","meta":[],"product_brand":[],"product_cat":[4185],"product_tag":[],"class_list":{"0":"post-577814","1":"product","2":"type-product","3":"status-publish","4":"has-post-thumbnail","6":"product_cat-hosen","7":"pa_brand-blaklaeder","8":"pa_brand-type-workwear","9":"pa_filter-color-blau","10":"pa_filter-color-gelb","12":"first","13":"instock","14":"sale","15":"taxable","16":"shipping-taxable","17":"purchasable","18":"product-type-variable","19":"add-to-wishlist-before_image"},"exclude_global_add_ons":[],"addons":[],"acf":[],"_links":{"self":[{"href":"https:\/\/shop.kustom.ch\/en\/wp-json\/wp\/v2\/product\/577814"}],"collection":[{"href":"https:\/\/shop.kustom.ch\/en\/wp-json\/wp\/v2\/product"}],"about":[{"href":"https:\/\/shop.kustom.ch\/en\/wp-json\/wp\/v2\/types\/product"}],"wp:featuredmedia":[{"embeddable":true,"href":"https:\/\/shop.kustom.ch\/en\/wp-json\/wp\/v2\/media\/577820"}],"wp:attachment":[{"href":"https:\/\/shop.kustom.ch\/en\/wp-json\/wp\/v2\/media?parent=577814"}],"wp:term":[{"taxonomy":"product_brand","embeddable":true,"href":"https:\/\/shop.kustom.ch\/en\/wp-json\/wp\/v2\/product_brand?post=577814"},{"taxonomy":"product_cat","embeddable":true,"href":"https:\/\/shop.kustom.ch\/en\/wp-json\/wp\/v2\/product_cat?post=577814"},{"taxonomy":"product_tag","embeddable":true,"href":"https:\/\/shop.kustom.ch\/en\/wp-json\/wp\/v2\/product_tag?post=577814"}],"curies":[{"name":"wp","href":"https:\/\/api.w.org\/{rel}","templated":true}]}}