{"id":577742,"date":"2025-03-04T08:43:14","date_gmt":"2025-03-04T07:43:14","guid":{"rendered":"https:\/\/shop.kustom.ch\/?post_type=product&#038;p=577742"},"modified":"2026-03-31T08:20:54","modified_gmt":"2026-03-31T07:20:54","slug":"service-arbeitshose-denim-stretch","status":"publish","type":"product","link":"https:\/\/shop.kustom.ch\/en\/product\/service-arbeitshose-denim-stretch\/","title":{"rendered":"Service work trousers denim stretch"},"content":{"rendered":"<p>Service work trousers with a slightly tighter fit made from a hard-wearing CORDURA\u00ae denim stretch fabric. Ideal for work in the automotive industry with high demands on flexibility and functionality. The trousers are abrasion-resistant and the fabric is strong and flexible. Smart pockets, a good fit with a tailored cut, pre-shaped legs and black reflective stripes to ensure visibility. Internal knee pad pockets. The garment is pre-washed for a softer feel.<\/p>\n<p>DETAILS: Concealed buttons. Crotch seam as a double seam. Metal zip at the crotch. Bl\u00e5kl\u00e4der embroidery on the back. FUNCTIONALITY: Scratch-free. Particularly ergonomically shaped trouser legs. MAIN FEATURES: Driver. EN 14004. REFLEX: Reflective details on the leg. FABRIC: Available for men and women. blue. Stretch. Stretch. POCKETS: Leg pocket with pen and knife pocket, inside ruler pocket. Back pockets. Inside knee pad pockets. Coin pocket. Side pockets. WASHING INSTRUCTIONS: 40\u00b0 C. CERTIFICATION: EN 14404:2004+A1:2010 together with knee pad 4057<\/p>\n<p>55% cotton, 15% polyamide, 30% polyester, denim, coated, CORDURA\u00ae denim, stretch, 340 g\/m\u00b2<\/p>","protected":false},"excerpt":{"rendered":"<p>Service Arbeitshose mit leicht engerer Passform aus einem strapazierf\u00e4higen CORDURA\u00ae Denim Stretch Stoff. Ideal f\u00fcr die Arbeit in der Automobilindustrie mit hohen Anforderungen an Flexibilit\u00e4t und Funktionen. Die Hose ist abriebbest\u00e4ndig und der Stoff ist stark und flexibel. Intelligente Taschen, eine gute Passform mit tailliertem Schnitt, vorgeformte Beine und schwarze Reflexstreifen, um die Sichtbarkeit sicher [&hellip;]<\/p>\n","protected":false},"featured_media":577782,"template":"","meta":[],"product_brand":[],"product_cat":[4185],"product_tag":[],"class_list":{"0":"post-577742","1":"product","2":"type-product","3":"status-publish","4":"has-post-thumbnail","6":"product_cat-hosen","7":"pa_brand-blaklaeder","8":"pa_brand-type-workwear","9":"pa_filter-color-blau","10":"pa_filter-color-schwarz","12":"first","13":"instock","14":"sale","15":"taxable","16":"shipping-taxable","17":"purchasable","18":"product-type-variable","19":"add-to-wishlist-before_image"},"exclude_global_add_ons":[],"addons":[],"acf":[],"_links":{"self":[{"href":"https:\/\/shop.kustom.ch\/en\/wp-json\/wp\/v2\/product\/577742"}],"collection":[{"href":"https:\/\/shop.kustom.ch\/en\/wp-json\/wp\/v2\/product"}],"about":[{"href":"https:\/\/shop.kustom.ch\/en\/wp-json\/wp\/v2\/types\/product"}],"wp:featuredmedia":[{"embeddable":true,"href":"https:\/\/shop.kustom.ch\/en\/wp-json\/wp\/v2\/media\/577782"}],"wp:attachment":[{"href":"https:\/\/shop.kustom.ch\/en\/wp-json\/wp\/v2\/media?parent=577742"}],"wp:term":[{"taxonomy":"product_brand","embeddable":true,"href":"https:\/\/shop.kustom.ch\/en\/wp-json\/wp\/v2\/product_brand?post=577742"},{"taxonomy":"product_cat","embeddable":true,"href":"https:\/\/shop.kustom.ch\/en\/wp-json\/wp\/v2\/product_cat?post=577742"},{"taxonomy":"product_tag","embeddable":true,"href":"https:\/\/shop.kustom.ch\/en\/wp-json\/wp\/v2\/product_tag?post=577742"}],"curies":[{"name":"wp","href":"https:\/\/api.w.org\/{rel}","templated":true}]}}