{"id":577552,"date":"2025-03-04T08:41:21","date_gmt":"2025-03-04T07:41:21","guid":{"rendered":"https:\/\/shop.kustom.ch\/?post_type=product&#038;p=577552"},"modified":"2026-03-31T08:20:08","modified_gmt":"2026-03-31T07:20:08","slug":"service-arbeitshose-4-wege-stretch","status":"publish","type":"product","link":"https:\/\/shop.kustom.ch\/en\/product\/service-arbeitshose-4-wege-stretch\/","title":{"rendered":"Service work trousers 4-way stretch"},"content":{"rendered":"<p>Scratch-resistant service work trousers made of comfortable 4-way stretch fibre that can be worn both at work and in leisure time outdoors. The trousers have a slimmer fit and look tighter, which is popular with many wearers today. The elasticated waistband provides extra comfort. The hem is adjustable and the mesh insert at the back of the knees provides increased ventilation. Uncomfortable days at work will be a distant memory.<\/p>\n<p>CLOSURE: Elasticated leg cuffs. DETAILS: Good surfaces for finishing. Metal buttons. Plastic zip at the crotch. Elasticated waist. FUNCTIONALITY: Mesh insert at the back of the knee. Particularly ergonomically shaped trouser legs. MAIN PROPERTIES: Warehouse worker. REFLEX: Black reflective details. FABRIC: Available for men and women. green. Stretch. Stretch. POCKETS: Left leg pocket with flap and concealed magnetic button and inside mesh mobile phone pocket. Inside pocket with concealed zip pocket. Folding rule pocket with knife and pen pocket. WASHING INSTRUCTIONS: Do not iron. REINFORCEMENT: CORDURA\u00ae-reinforced pockets<\/p>\n<p>92% polyamide, 8% elastane, double woven, 4-way stretch, 230 g\/m\u00b2<\/p>","protected":false},"excerpt":{"rendered":"<p>Kratzerresistente Service Arbeitshose aus bequemer 4-Wege-Stretch Faser, die sowohl bei der Arbeit als auch in der Freizeit im Freien getragen werden kann. Die Hose hat eine schlankere Passform und sieht enger aus, was heute bei vielen Tr\u00e4gern beliebt ist. Der elastische Bund sorgt f\u00fcr zus\u00e4tzlichen Komfort. Der Saum ist verstellbar und der Netzeinsatz an der [&hellip;]<\/p>\n","protected":false},"featured_media":577594,"template":"","meta":[],"product_brand":[],"product_cat":[4185],"product_tag":[],"class_list":{"0":"post-577552","1":"product","2":"type-product","3":"status-publish","4":"has-post-thumbnail","6":"product_cat-hosen","7":"pa_brand-blaklaeder","8":"pa_brand-type-workwear","9":"pa_filter-color-blau","10":"pa_filter-color-gelb","11":"pa_filter-color-grau","12":"pa_filter-color-gruen","13":"pa_filter-color-rot","14":"pa_filter-color-schwarz","16":"first","17":"instock","18":"sale","19":"taxable","20":"shipping-taxable","21":"purchasable","22":"product-type-variable","23":"add-to-wishlist-before_image"},"exclude_global_add_ons":[],"addons":[],"acf":[],"_links":{"self":[{"href":"https:\/\/shop.kustom.ch\/en\/wp-json\/wp\/v2\/product\/577552"}],"collection":[{"href":"https:\/\/shop.kustom.ch\/en\/wp-json\/wp\/v2\/product"}],"about":[{"href":"https:\/\/shop.kustom.ch\/en\/wp-json\/wp\/v2\/types\/product"}],"wp:featuredmedia":[{"embeddable":true,"href":"https:\/\/shop.kustom.ch\/en\/wp-json\/wp\/v2\/media\/577594"}],"wp:attachment":[{"href":"https:\/\/shop.kustom.ch\/en\/wp-json\/wp\/v2\/media?parent=577552"}],"wp:term":[{"taxonomy":"product_brand","embeddable":true,"href":"https:\/\/shop.kustom.ch\/en\/wp-json\/wp\/v2\/product_brand?post=577552"},{"taxonomy":"product_cat","embeddable":true,"href":"https:\/\/shop.kustom.ch\/en\/wp-json\/wp\/v2\/product_cat?post=577552"},{"taxonomy":"product_tag","embeddable":true,"href":"https:\/\/shop.kustom.ch\/en\/wp-json\/wp\/v2\/product_tag?post=577552"}],"curies":[{"name":"wp","href":"https:\/\/api.w.org\/{rel}","templated":true}]}}