{"id":577134,"date":"2025-03-04T08:35:55","date_gmt":"2025-03-04T07:35:55","guid":{"rendered":"https:\/\/shop.kustom.ch\/?post_type=product&#038;p=577134"},"modified":"2026-03-31T08:18:54","modified_gmt":"2026-03-31T07:18:54","slug":"high-vis-latzhose-level-3","status":"publish","type":"product","link":"https:\/\/shop.kustom.ch\/en\/product\/high-vis-latzhose-level-3\/","title":{"rendered":"High Vis Dungarees Level 3"},"content":{"rendered":"<p>Dungarees in high vis for all those with work tasks that require extremely hard-wearing rainwear. The dungarees are wind and waterproof with taped seams. Good fit with adjustable waist with buttons, adjustable braces with elasticated band and adjustable leg ends with buttons. Certified according to EN 343, protective clothing against bad weather and EN 471 \/ EN ISO 20471, class 2, high visibility protective clothing.<\/p>\n<p>CLOSURE: Adjustable leg cuffs with buttons. DETAILS: Adjustable braces with elasticated waist. Adjustable drawstring at the waist. FUNCTIONALITY: Wind and waterproof with taped seams. MAIN FEATURES: Craftsman. Men's. EN ISO 20471. FABRIC: Men. High-vis yellow. windproof. High visibility. WASHING INSTRUCTIONS: Number of washes: 25. 40\u00b0 C. CERTIFICATION: EN 343, class 3.1. EN ISO 20471, class 2<\/p>\n<p>100% polyester (84% PVC\/16% PU), wind and waterproof, breathable, 350 g\/m\u00b2<\/p>","protected":false},"excerpt":{"rendered":"<p>Latzhose in High Vis f\u00fcr all jene mit Arbeitsaufgaben, die extrem verschleissfeste Regenkleidung erfordern. Die Latzhose ist wind- und wasserdicht mit verschweissten N\u00e4hten. Gute Passform mit verstellbarer Taille mit Kn\u00f6pfen, verstellbare Hosentr\u00e4ger mit Gummiband und einstellbare Beinenden mit Kn\u00f6pfen. Zertifiziert nach EN 343, Schutzkleidung vor schlechtem Wetter und EN 471 \/ EN ISO 20471, Klasse [&hellip;]<\/p>\n","protected":false},"featured_media":577179,"template":"","meta":[],"product_brand":[],"product_cat":[10448],"product_tag":[],"class_list":{"0":"post-577134","1":"product","2":"type-product","3":"status-publish","4":"has-post-thumbnail","6":"product_cat-latzhose","7":"pa_brand-blaklaeder","8":"pa_brand-type-workwear","9":"pa_filter-color-gelb","10":"pa_filter-color-orange","12":"first","13":"instock","14":"sale","15":"taxable","16":"shipping-taxable","17":"purchasable","18":"product-type-variable","19":"add-to-wishlist-before_image"},"exclude_global_add_ons":[],"addons":[],"acf":[],"_links":{"self":[{"href":"https:\/\/shop.kustom.ch\/en\/wp-json\/wp\/v2\/product\/577134"}],"collection":[{"href":"https:\/\/shop.kustom.ch\/en\/wp-json\/wp\/v2\/product"}],"about":[{"href":"https:\/\/shop.kustom.ch\/en\/wp-json\/wp\/v2\/types\/product"}],"wp:featuredmedia":[{"embeddable":true,"href":"https:\/\/shop.kustom.ch\/en\/wp-json\/wp\/v2\/media\/577179"}],"wp:attachment":[{"href":"https:\/\/shop.kustom.ch\/en\/wp-json\/wp\/v2\/media?parent=577134"}],"wp:term":[{"taxonomy":"product_brand","embeddable":true,"href":"https:\/\/shop.kustom.ch\/en\/wp-json\/wp\/v2\/product_brand?post=577134"},{"taxonomy":"product_cat","embeddable":true,"href":"https:\/\/shop.kustom.ch\/en\/wp-json\/wp\/v2\/product_cat?post=577134"},{"taxonomy":"product_tag","embeddable":true,"href":"https:\/\/shop.kustom.ch\/en\/wp-json\/wp\/v2\/product_tag?post=577134"}],"curies":[{"name":"wp","href":"https:\/\/api.w.org\/{rel}","templated":true}]}}