{"id":577082,"date":"2025-03-04T08:34:45","date_gmt":"2025-03-04T07:34:45","guid":{"rendered":"https:\/\/shop.kustom.ch\/?post_type=product&#038;p=577082"},"modified":"2026-03-31T08:18:31","modified_gmt":"2026-03-31T07:18:31","slug":"flammschutz-regenhose-level-2","status":"publish","type":"product","link":"https:\/\/shop.kustom.ch\/en\/product\/flammschutz-regenhose-level-2\/","title":{"rendered":"Flame protection rain trousers level 2"},"content":{"rendered":"<p>Flame-retardant rain trousers for tasks that require robust yet flexible rainwear in which you also need to be visible. The trousers are wind and waterproof with taped seams that prevent moisture from penetrating. They have a good fit with a wide elasticated back, adjustable and detachable braces and adjustable leg cuffs with buttons and Velcro fastening. In addition, the trousers have a leg pocket with bellows and flap and openings with flaps to hang out the nail pockets. The trousers have transfer reflective strips. Certified according to EN 1149-5, EN ISO 20471, EN 343, EN ISO 14116, IEC 61482-2.<\/p>\n<p>CLOSURE: Adjustable leg cuffs with Velcro fastening. DETAILS: Printed reflective stripes. Adjustable and detachable braces with elasticated drawstring. Plastic press studs. Taped seams. Loops. Elasticated waist and drawstring. FUNCTIONALITY: Wind and waterproof with taped seams. MAIN FEATURES: Craftsman. EN ISO 14116. REFLEX: Printed reflective stripes. FABRIC: Men's. blue. windproof. Flame retardant. POCKETS: Leg pocket with bellows and flap. Opening with flap to allow nail pockets to be hung out. WASHING INSTRUCTIONS: Do not dry clean. CERTIFICATION: EN 1149-5. EN 343, class 4.1. EN ISO 14116, index 3. EN ISO 20471, class 2. IEC 61482-2, APC 1<\/p>\n<p>67% polyester, 33% cotton, PVC-coated, wind and waterproof, flame-retardant, antistatic, 390 g\/m\u00b2<\/p>","protected":false},"excerpt":{"rendered":"<p>Eine flammhemmende Regenhose f\u00fcr Aufgaben, die robuste und gleichzeitig flexible Regenkleidung erfordern, in der Sie auch sichtbar sein m\u00fcssen. Die Hose ist wind- und wasserdicht mit verschweissten N\u00e4hten, die keine Feuchtigkeit eindringen lassen. Sie hat eine gute Passform mit breitem Gummizug am R\u00fccken, verstellbaren und abnehmbaren Hosentr\u00e4gern und verstellbaren Beinabschl\u00fcssen mit Kn\u00f6pfen und Klettverschluss. Zus\u00e4tzlich [&hellip;]<\/p>\n","protected":false},"featured_media":577129,"template":"","meta":[],"product_brand":[],"product_cat":[4185],"product_tag":[],"class_list":{"0":"post-577082","1":"product","2":"type-product","3":"status-publish","4":"has-post-thumbnail","6":"product_cat-hosen","7":"pa_brand-blaklaeder","8":"pa_brand-type-workwear","9":"pa_filter-color-blau","10":"pa_filter-color-gelb","12":"first","13":"instock","14":"sale","15":"taxable","16":"shipping-taxable","17":"purchasable","18":"product-type-variable","19":"add-to-wishlist-before_image"},"exclude_global_add_ons":[],"addons":[],"acf":[],"_links":{"self":[{"href":"https:\/\/shop.kustom.ch\/en\/wp-json\/wp\/v2\/product\/577082"}],"collection":[{"href":"https:\/\/shop.kustom.ch\/en\/wp-json\/wp\/v2\/product"}],"about":[{"href":"https:\/\/shop.kustom.ch\/en\/wp-json\/wp\/v2\/types\/product"}],"wp:featuredmedia":[{"embeddable":true,"href":"https:\/\/shop.kustom.ch\/en\/wp-json\/wp\/v2\/media\/577129"}],"wp:attachment":[{"href":"https:\/\/shop.kustom.ch\/en\/wp-json\/wp\/v2\/media?parent=577082"}],"wp:term":[{"taxonomy":"product_brand","embeddable":true,"href":"https:\/\/shop.kustom.ch\/en\/wp-json\/wp\/v2\/product_brand?post=577082"},{"taxonomy":"product_cat","embeddable":true,"href":"https:\/\/shop.kustom.ch\/en\/wp-json\/wp\/v2\/product_cat?post=577082"},{"taxonomy":"product_tag","embeddable":true,"href":"https:\/\/shop.kustom.ch\/en\/wp-json\/wp\/v2\/product_tag?post=577082"}],"curies":[{"name":"wp","href":"https:\/\/api.w.org\/{rel}","templated":true}]}}