{"id":576986,"date":"2025-03-04T08:33:30","date_gmt":"2025-03-04T07:33:30","guid":{"rendered":"https:\/\/shop.kustom.ch\/?post_type=product&#038;p=576986"},"modified":"2026-03-31T08:18:06","modified_gmt":"2026-03-31T07:18:06","slug":"regenhose-level-1","status":"publish","type":"product","link":"https:\/\/shop.kustom.ch\/en\/product\/regenhose-level-1\/","title":{"rendered":"Level 1 rain trousers"},"content":{"rendered":"<p>Rain trousers for all those with work tasks that require light and soft rainwear. They are wind and waterproof and have taped seams. They have a good fit with elasticated waist and drawstring and adjustable leg ends with buttons. The trousers have reflective strips on the front and back. Certified according to EN 343, protective clothing against bad weather. The colours 4600 and 9900 have been updated. The old model is available while stocks last.<\/p>\n<p>CLOSURE: Adjustable leg cuffs with buttons. DETAILS: Elasticated waist and drawstring. FUNCTIONALITY: Wind and waterproof with taped seams. MAIN PROPERTIES: Road and construction workers. EN 343. REFLEX: Reflective details on the leg. FABRIC: Men's. green. windproof. Rain. WASHING INSTRUCTIONS: Number of washes: 25. do not spin. CERTIFICATION: EN 343, class 3.1<\/p>\n<p>100% polyester, PU-coated, wind and waterproof, 185g\/m\u00b2<\/p>","protected":false},"excerpt":{"rendered":"<p>Eine Regenhose f\u00fcr all jene mit Arbeitsaufgaben, die leichte und sanfte Regenkleidung erfordern. Sie ist wind- und wasserdicht und hat verschweisste N\u00e4hte. Sie hat eine gute Passform mit Gummiband und Kordelzug an der Taille und verstellbare Beinenden mit Kn\u00f6pfen. Die Hose besitzt Reflexstreifen vorne und am R\u00fccken. Zertifiziert nach EN 343, Schutzkleidung vor schlechtem Wetter. [&hellip;]<\/p>\n","protected":false},"featured_media":576989,"template":"","meta":[],"product_brand":[],"product_cat":[4185],"product_tag":[],"class_list":{"0":"post-576986","1":"product","2":"type-product","3":"status-publish","4":"has-post-thumbnail","6":"product_cat-hosen","7":"pa_brand-blaklaeder","8":"pa_brand-type-workwear","9":"pa_filter-color-gruen","10":"pa_filter-color-schwarz","12":"first","13":"instock","14":"sale","15":"taxable","16":"shipping-taxable","17":"purchasable","18":"product-type-variable","19":"add-to-wishlist-before_image"},"exclude_global_add_ons":[],"addons":[],"acf":[],"_links":{"self":[{"href":"https:\/\/shop.kustom.ch\/en\/wp-json\/wp\/v2\/product\/576986"}],"collection":[{"href":"https:\/\/shop.kustom.ch\/en\/wp-json\/wp\/v2\/product"}],"about":[{"href":"https:\/\/shop.kustom.ch\/en\/wp-json\/wp\/v2\/types\/product"}],"wp:featuredmedia":[{"embeddable":true,"href":"https:\/\/shop.kustom.ch\/en\/wp-json\/wp\/v2\/media\/576989"}],"wp:attachment":[{"href":"https:\/\/shop.kustom.ch\/en\/wp-json\/wp\/v2\/media?parent=576986"}],"wp:term":[{"taxonomy":"product_brand","embeddable":true,"href":"https:\/\/shop.kustom.ch\/en\/wp-json\/wp\/v2\/product_brand?post=576986"},{"taxonomy":"product_cat","embeddable":true,"href":"https:\/\/shop.kustom.ch\/en\/wp-json\/wp\/v2\/product_cat?post=576986"},{"taxonomy":"product_tag","embeddable":true,"href":"https:\/\/shop.kustom.ch\/en\/wp-json\/wp\/v2\/product_tag?post=576986"}],"curies":[{"name":"wp","href":"https:\/\/api.w.org\/{rel}","templated":true}]}}