{"id":576692,"date":"2025-03-04T08:30:03","date_gmt":"2025-03-04T07:30:03","guid":{"rendered":"https:\/\/shop.kustom.ch\/?post_type=product&#038;p=576692"},"modified":"2026-03-31T08:15:32","modified_gmt":"2026-03-31T07:15:32","slug":"maler-arbeitshose","status":"publish","type":"product","link":"https:\/\/shop.kustom.ch\/en\/product\/maler-arbeitshose\/","title":{"rendered":"Painter work trousers"},"content":{"rendered":"<p>Painter's trousers with sophisticated functions and reinforcements for everyday use. The cotton fabric has excellent absorbency to protect your skin from the paint. Reinforced knee pad pockets, loose tool pockets and pockets for brushes, made of robust CORDURA\u00ae.<\/p>\n<p>DETAILS: Hammer loop on the side. Metal buttons. Inside leg seam with triple stitching. Plastic zip at the crotch. Loops, one with D-ring. MAIN PROPERTIES: Bricklayer \/ tiler. EN 14004. FABRIC: Men's. White. Knee pad pockets. Painter. POCKETS: Leg pocket with pencil pocket, mobile phone pocket and ID card pocket. Back pockets with bellows. Knee pockets. Front pockets with bellows. WASHING INSTRUCTIONS: Do not bleach. REINFORCEMENT: CORDURA\u00ae-reinforced knees, back pockets and filler pocket. CERTIFICATION: EN 14404:2004+A1:2010 together with knee pads 4027, 4057, 4058 and 4032<\/p>\n<p>100% Cotton, twill, 320 g\/m\u00b2<\/p>","protected":false},"excerpt":{"rendered":"<p>Malerhose mit durchdachten Funktionen und Verst\u00e4rkungen f\u00fcr den t\u00e4glichenEinsatz. Der Baumwollstoff weist eine exzellente Saugf\u00e4higkeit auf, um ihre Haut vor der Farbe zu sch\u00fctzen. Verst\u00e4rkte Kniepolstertaschen, lose Werkzeugtaschen und Taschen f\u00fcr die Pinsel, aus robustem CORDURA\u00ae. DETAILS: Hammerschlaufe an der Seite. Metallkn\u00f6pfe. Innenbeinnaht mit 3-fach-Naht. Kunststoff-Reissverschluss im Schritt. Schlaufen, davon eine mit D-Ring. HAUPTEIGENSCHAFTEN: Maurer [&hellip;]<\/p>\n","protected":false},"featured_media":576713,"template":"","meta":[],"product_brand":[],"product_cat":[4185],"product_tag":[],"class_list":{"0":"post-576692","1":"product","2":"type-product","3":"status-publish","4":"has-post-thumbnail","6":"product_cat-hosen","7":"pa_brand-blaklaeder","8":"pa_brand-type-workwear","9":"pa_filter-color-grau","10":"pa_filter-color-weiss","12":"first","13":"instock","14":"sale","15":"taxable","16":"shipping-taxable","17":"purchasable","18":"product-type-variable","19":"add-to-wishlist-before_image"},"exclude_global_add_ons":[],"addons":[],"acf":[],"_links":{"self":[{"href":"https:\/\/shop.kustom.ch\/en\/wp-json\/wp\/v2\/product\/576692"}],"collection":[{"href":"https:\/\/shop.kustom.ch\/en\/wp-json\/wp\/v2\/product"}],"about":[{"href":"https:\/\/shop.kustom.ch\/en\/wp-json\/wp\/v2\/types\/product"}],"wp:featuredmedia":[{"embeddable":true,"href":"https:\/\/shop.kustom.ch\/en\/wp-json\/wp\/v2\/media\/576713"}],"wp:attachment":[{"href":"https:\/\/shop.kustom.ch\/en\/wp-json\/wp\/v2\/media?parent=576692"}],"wp:term":[{"taxonomy":"product_brand","embeddable":true,"href":"https:\/\/shop.kustom.ch\/en\/wp-json\/wp\/v2\/product_brand?post=576692"},{"taxonomy":"product_cat","embeddable":true,"href":"https:\/\/shop.kustom.ch\/en\/wp-json\/wp\/v2\/product_cat?post=576692"},{"taxonomy":"product_tag","embeddable":true,"href":"https:\/\/shop.kustom.ch\/en\/wp-json\/wp\/v2\/product_tag?post=576692"}],"curies":[{"name":"wp","href":"https:\/\/api.w.org\/{rel}","templated":true}]}}