{"id":522665,"date":"2025-03-03T20:49:58","date_gmt":"2025-03-03T19:49:58","guid":{"rendered":"https:\/\/shop.kustom.ch\/?post_type=product&#038;p=522665"},"modified":"2026-03-30T07:09:38","modified_gmt":"2026-03-30T06:09:38","slug":"hakro-damen-strickfleecejacke-churchill","status":"publish","type":"product","link":"https:\/\/shop.kustom.ch\/en\/product\/hakro-damen-strickfleecejacke-churchill\/","title":{"rendered":"HAKRO ladies knitted fleece jacket Churchill"},"content":{"rendered":"<p>Sporty knitted fleece jacket for women, with contrasting coloured inserts on the sides and shoulders, dividing seams on the front and back for a perfect fit, high-quality, contrasting coloured two-way front zip, side zip pockets, elasticated hem and sleeve cuffs, zip sleeve pocket on the left sleeve, neck tape and hanging strap at the back of the neck. All zips from YKK\u00ae. Made from breathable knitted fleece and lightweight, elasticated softshell material. Woven HAKRO neck label made of high-quality warp satin with soft, ultrasonically cut tape edges for maximum comfort and woven HAKRO flag label on the left side seam.<\/p>\n<p>- Material: knitted fleece and softshell made from 100 % polyester<br \/>\n- Weight: 280 g\/m\u00b2<br \/>\n- Finishing: anti-pilling<br \/>\n- Characteristics: easy-care, breathable, climate-neutral product<br \/>\n- Fit: Regular fit<br \/>\n- Certificates: Fair Wear, Climate Partner, OEKO-TEX\u00ae STANDARD 100<br \/>\n- Washing temperature: 30 \u00b0C<br \/>\n- Sizes: XS-3XL<\/p>\n<p><a href=\"https:\/\/media.hakro.com\/productsheets\/productsheet_0236_de.pdf\" target=\"_blank\" rel=\"noopener\"><u>Open product data sheet<\/u><\/a><\/p>","protected":false},"excerpt":{"rendered":"<p>Sportive Strickfleecejacke f\u00fcr Damen, mit kontrastfarbigen Eins\u00e4tzen an den Seiten und Schultern, Teilungsn\u00e4hten auf Vorder- und R\u00fcckenteil f\u00fcr perfekte Passform, hochwertigem, kontrastfarbigem Zwei-Wege-Frontreissverschluss, seitlichen Reissverschlusstaschen, elastischen Saum- und \u00c4rmelb\u00fcndchen, Reissverschluss-\u00c4rmeltasche am linken \u00c4rmel, Nackenband und Aufh\u00e4ngeband im Nacken. Alle Reissverschl\u00fcsse von YKK\u00ae. Hergestellt aus atmungsaktivem Strickfleece und leichtem, elastischem Softshellmaterial. Gewebtes HAKRO Necklabel aus hochwertigem [&hellip;]<\/p>\n","protected":false},"featured_media":522702,"template":"","meta":[],"product_brand":[],"product_cat":[4186],"product_tag":[],"class_list":{"0":"post-522665","1":"product","2":"type-product","3":"status-publish","4":"has-post-thumbnail","6":"product_cat-jacken","7":"pa_brand-hakro","8":"pa_brand-type-workwear","9":"pa_filter-color-blau","10":"pa_filter-color-grau","11":"pa_filter-color-gruen","12":"pa_filter-color-rot","14":"first","15":"instock","16":"sale","17":"taxable","18":"shipping-taxable","19":"purchasable","20":"product-type-variable","21":"add-to-wishlist-before_image"},"exclude_global_add_ons":[],"addons":[],"acf":[],"_links":{"self":[{"href":"https:\/\/shop.kustom.ch\/en\/wp-json\/wp\/v2\/product\/522665"}],"collection":[{"href":"https:\/\/shop.kustom.ch\/en\/wp-json\/wp\/v2\/product"}],"about":[{"href":"https:\/\/shop.kustom.ch\/en\/wp-json\/wp\/v2\/types\/product"}],"wp:featuredmedia":[{"embeddable":true,"href":"https:\/\/shop.kustom.ch\/en\/wp-json\/wp\/v2\/media\/522702"}],"wp:attachment":[{"href":"https:\/\/shop.kustom.ch\/en\/wp-json\/wp\/v2\/media?parent=522665"}],"wp:term":[{"taxonomy":"product_brand","embeddable":true,"href":"https:\/\/shop.kustom.ch\/en\/wp-json\/wp\/v2\/product_brand?post=522665"},{"taxonomy":"product_cat","embeddable":true,"href":"https:\/\/shop.kustom.ch\/en\/wp-json\/wp\/v2\/product_cat?post=522665"},{"taxonomy":"product_tag","embeddable":true,"href":"https:\/\/shop.kustom.ch\/en\/wp-json\/wp\/v2\/product_tag?post=522665"}],"curies":[{"name":"wp","href":"https:\/\/api.w.org\/{rel}","templated":true}]}}