{"id":516446,"date":"2025-01-25T01:19:56","date_gmt":"2025-01-25T00:19:56","guid":{"rendered":"https:\/\/shop.kustom.ch\/?post_type=product&#038;p=516446"},"modified":"2026-03-31T09:26:33","modified_gmt":"2026-03-31T08:26:33","slug":"smash","status":"publish","type":"product","link":"https:\/\/shop.kustom.ch\/en\/product\/smash\/","title":{"rendered":"Smash"},"content":{"rendered":"<p>Functional piqu\u00e9 polo shirt with two tone-on-tone buttons (four buttons in ladies version). 100% polyester. Oeko-Tex 100 certified.<\/p>\n<p>Material: 100% polyester, 180 g\/m\u00b2<\/p>","protected":false},"excerpt":{"rendered":"<p>Funktionelles piqu\u00e9 poloshirt mit zwei Ton-in-Ton Kn\u00f6pfen (vier Kn\u00f6pfenin Damen Version). 100% Polyester. Oeko-Tex 100 zertifiziert. Material: 100% Polyester, 180 g\/m\u00b2<\/p>","protected":false},"featured_media":516499,"template":"","meta":[],"product_brand":[],"product_cat":[4201],"product_tag":[],"class_list":{"0":"post-516446","1":"product","2":"type-product","3":"status-publish","4":"has-post-thumbnail","6":"product_cat-t-shirts","7":"pa_brand-printer-red","8":"pa_brand-type-sportswear","9":"pa_filter-color-blau","10":"pa_filter-color-grau","11":"pa_filter-color-rot","12":"pa_filter-color-schwarz","13":"pa_filter-color-weiss","15":"first","16":"instock","17":"sale","18":"taxable","19":"shipping-taxable","20":"purchasable","21":"product-type-variable","22":"add-to-wishlist-before_image"},"exclude_global_add_ons":[],"addons":[],"acf":[],"_links":{"self":[{"href":"https:\/\/shop.kustom.ch\/en\/wp-json\/wp\/v2\/product\/516446"}],"collection":[{"href":"https:\/\/shop.kustom.ch\/en\/wp-json\/wp\/v2\/product"}],"about":[{"href":"https:\/\/shop.kustom.ch\/en\/wp-json\/wp\/v2\/types\/product"}],"wp:featuredmedia":[{"embeddable":true,"href":"https:\/\/shop.kustom.ch\/en\/wp-json\/wp\/v2\/media\/516499"}],"wp:attachment":[{"href":"https:\/\/shop.kustom.ch\/en\/wp-json\/wp\/v2\/media?parent=516446"}],"wp:term":[{"taxonomy":"product_brand","embeddable":true,"href":"https:\/\/shop.kustom.ch\/en\/wp-json\/wp\/v2\/product_brand?post=516446"},{"taxonomy":"product_cat","embeddable":true,"href":"https:\/\/shop.kustom.ch\/en\/wp-json\/wp\/v2\/product_cat?post=516446"},{"taxonomy":"product_tag","embeddable":true,"href":"https:\/\/shop.kustom.ch\/en\/wp-json\/wp\/v2\/product_tag?post=516446"}],"curies":[{"name":"wp","href":"https:\/\/api.w.org\/{rel}","templated":true}]}}