{"id":515160,"date":"2025-01-25T01:11:12","date_gmt":"2025-01-25T00:11:12","guid":{"rendered":"https:\/\/shop.kustom.ch\/?post_type=product&#038;p=515160"},"modified":"2026-03-31T09:35:02","modified_gmt":"2026-03-31T08:35:02","slug":"prime-polosweater","status":"publish","type":"product","link":"https:\/\/shop.kustom.ch\/en\/product\/prime-polosweater\/","title":{"rendered":"Prime polo jumper"},"content":{"rendered":"<p>Two-coloured polo jumper with contrasting stripes on the collar. Contrast tape on the neck. 2\u00d72 ribbed cuffs and hem. Tear-away neck label and separate woven size label. There is a pocket in the inside left side seam for sewing in a laundry chip. Oeko-Tex 100 certified. Compostable polybag.<\/p>\n<p>Material: 50% organic cotton, 50% recycled polyester, 280 g\/m\u00b2<\/p>","protected":false},"excerpt":{"rendered":"<p>Zweifarbiger Polo Sweater mit Kontraststreifen am Kragen. Kontrastband im Nacken. 2&#215;2 Rippabschl\u00fcsse an \u00c4rmeln und Saum. Ausreissbares Nackenetikett und separates gewebtes Gr\u00f6ssenetikett. In der inneren linken Seitennaht ist eine Tasche zum Einn\u00e4hen eines W\u00e4schechips. \u00d6ko-Tex 100 zertifiziert. Kompostierbaren Polybag. Material: 50% Organic Baumwolle, 50% Recycling-Polyester, 280 g\/m\u00b2<\/p>","protected":false},"featured_media":515165,"template":"","meta":[],"product_brand":[],"product_cat":[4191],"product_tag":[],"class_list":{"0":"post-515160","1":"product","2":"type-product","3":"status-publish","4":"has-post-thumbnail","6":"product_cat-longsleeves-sweatshirts","7":"pa_brand-printer-prime","8":"pa_brand-type-sportswear","9":"pa_filter-color-blau","10":"pa_filter-color-grau","11":"pa_filter-color-orange","12":"pa_filter-color-rot","13":"pa_filter-color-schwarz","15":"first","16":"instock","17":"sale","18":"taxable","19":"shipping-taxable","20":"purchasable","21":"product-type-variable","22":"add-to-wishlist-before_image"},"exclude_global_add_ons":[],"addons":[],"acf":[],"_links":{"self":[{"href":"https:\/\/shop.kustom.ch\/en\/wp-json\/wp\/v2\/product\/515160"}],"collection":[{"href":"https:\/\/shop.kustom.ch\/en\/wp-json\/wp\/v2\/product"}],"about":[{"href":"https:\/\/shop.kustom.ch\/en\/wp-json\/wp\/v2\/types\/product"}],"wp:featuredmedia":[{"embeddable":true,"href":"https:\/\/shop.kustom.ch\/en\/wp-json\/wp\/v2\/media\/515165"}],"wp:attachment":[{"href":"https:\/\/shop.kustom.ch\/en\/wp-json\/wp\/v2\/media?parent=515160"}],"wp:term":[{"taxonomy":"product_brand","embeddable":true,"href":"https:\/\/shop.kustom.ch\/en\/wp-json\/wp\/v2\/product_brand?post=515160"},{"taxonomy":"product_cat","embeddable":true,"href":"https:\/\/shop.kustom.ch\/en\/wp-json\/wp\/v2\/product_cat?post=515160"},{"taxonomy":"product_tag","embeddable":true,"href":"https:\/\/shop.kustom.ch\/en\/wp-json\/wp\/v2\/product_tag?post=515160"}],"curies":[{"name":"wp","href":"https:\/\/api.w.org\/{rel}","templated":true}]}}