{"id":514955,"date":"2025-01-25T01:10:18","date_gmt":"2025-01-25T00:10:18","guid":{"rendered":"https:\/\/shop.kustom.ch\/?post_type=product&#038;p=514955"},"modified":"2026-03-31T09:34:45","modified_gmt":"2026-03-31T08:34:45","slug":"prime-padded-softshell","status":"publish","type":"product","link":"https:\/\/shop.kustom.ch\/en\/product\/prime-padded-softshell\/","title":{"rendered":"Prime Padded Softshell"},"content":{"rendered":"<p>Lined two-colour softshell jacket with detachable hood. Zip cover with press studs in the centre front. Adjustable Velcro fasteners on the lower sleeves and elasticated cord on the hood and lower hem. Two inside pockets with zip. Reflective tape on the lower back. Tear-off neck label and separate size label. Zips in contrasting colour. Replacement zips are available separately. Oeko-Tex 100 certified. Compostable polybag.<\/p>\n<p>Material: Outer material: 100% recycled polyester, 280 g\/m\u00b2, bonded with 100% recycled polyester fleece, WP 3000\/ MVP 3000, padding: 100 % recycled polyester<\/p>","protected":false},"excerpt":{"rendered":"<p>Gef\u00fctterte zweifarbige Softshell-Jacke mit abnehmbarer Kapuze. Reissverschlussabdeckung mit Druckkn\u00f6pfen in der vorderen Mitte. Verstellbare Klettverschl\u00fcsse an den unteren \u00c4rmeln und elastische Kordel an der Kapuze und am unteren Saum. Zwei Innentaschen mit Reissverschluss. Reflektierendes Bandes am unteren R\u00fccken. Abreissbares Halsetikett und separates Gr\u00f6ssenetikett. Reissverschl\u00fcsse in Kontrastfarbe. Ersatzreissverschl\u00fcsse sind separat erh\u00e4ltlich. \u00d6ko-Tex 100-zertifiziert. Kompostierbaren Polybag. Material: [&hellip;]<\/p>\n","protected":false},"featured_media":514968,"template":"","meta":[],"product_brand":[],"product_cat":[4186],"product_tag":[],"class_list":{"0":"post-514955","1":"product","2":"type-product","3":"status-publish","4":"has-post-thumbnail","6":"product_cat-jacken","7":"pa_brand-printer-prime","8":"pa_brand-type-sportswear","9":"pa_filter-color-blau","10":"pa_filter-color-grau","11":"pa_filter-color-orange","12":"pa_filter-color-rot","13":"pa_filter-color-schwarz","15":"first","16":"instock","17":"sale","18":"taxable","19":"shipping-taxable","20":"purchasable","21":"product-type-variable","22":"add-to-wishlist-before_image"},"exclude_global_add_ons":[],"addons":[],"acf":[],"_links":{"self":[{"href":"https:\/\/shop.kustom.ch\/en\/wp-json\/wp\/v2\/product\/514955"}],"collection":[{"href":"https:\/\/shop.kustom.ch\/en\/wp-json\/wp\/v2\/product"}],"about":[{"href":"https:\/\/shop.kustom.ch\/en\/wp-json\/wp\/v2\/types\/product"}],"wp:featuredmedia":[{"embeddable":true,"href":"https:\/\/shop.kustom.ch\/en\/wp-json\/wp\/v2\/media\/514968"}],"wp:attachment":[{"href":"https:\/\/shop.kustom.ch\/en\/wp-json\/wp\/v2\/media?parent=514955"}],"wp:term":[{"taxonomy":"product_brand","embeddable":true,"href":"https:\/\/shop.kustom.ch\/en\/wp-json\/wp\/v2\/product_brand?post=514955"},{"taxonomy":"product_cat","embeddable":true,"href":"https:\/\/shop.kustom.ch\/en\/wp-json\/wp\/v2\/product_cat?post=514955"},{"taxonomy":"product_tag","embeddable":true,"href":"https:\/\/shop.kustom.ch\/en\/wp-json\/wp\/v2\/product_tag?post=514955"}],"curies":[{"name":"wp","href":"https:\/\/api.w.org\/{rel}","templated":true}]}}