{"id":514457,"date":"2025-01-25T01:02:10","date_gmt":"2025-01-25T00:02:10","guid":{"rendered":"https:\/\/shop.kustom.ch\/?post_type=product&#038;p=514457"},"modified":"2026-03-31T09:52:37","modified_gmt":"2026-03-31T08:52:37","slug":"trial-vest","status":"publish","type":"product","link":"https:\/\/shop.kustom.ch\/en\/product\/trial-vest\/","title":{"rendered":"Trial Vest"},"content":{"rendered":"<p>Softshell waistcoat based on the Trial jacket. Two outside pockets with zip, inside two mesh-lined pouch pockets. Elasticated cuffs at the hem and arm openings. Colours, zips and zipper pullers match all Essentials articles.<\/p>\n<p>Material: 96% polyester, 4% spandex, brushed inside, 280 g\/m\u00b2<\/p>","protected":false},"excerpt":{"rendered":"<p>Sofshell Weste auf Basis der Trial Jacke. Zwei Aussentaschen mit Reissverschluss, Innen zwei Beuteltaschen Meshgef\u00fcttert. Elastische B\u00fcndchen am Saum und an den Arm\u00f6ffnungen. Farben, Reissverschl\u00fcsse und Zipper Puller sind passend zu allen Essentials Artikel. Material: 96% Polyester, 4% Spandex, angeraute Innenseite, 280 g\/m\u00b2<\/p>","protected":false},"featured_media":514478,"template":"","meta":[],"product_brand":[],"product_cat":[4208],"product_tag":[],"class_list":{"0":"post-514457","1":"product","2":"type-product","3":"status-publish","4":"has-post-thumbnail","6":"product_cat-westen","7":"pa_brand-printer","8":"pa_brand-type-sportswear","9":"pa_filter-color-blau","10":"pa_filter-color-grau","11":"pa_filter-color-gruen","12":"pa_filter-color-rot","13":"pa_filter-color-schwarz","14":"pa_filter-color-weiss","16":"first","17":"instock","18":"sale","19":"taxable","20":"shipping-taxable","21":"purchasable","22":"product-type-variable","23":"add-to-wishlist-before_image"},"exclude_global_add_ons":[],"addons":[],"acf":[],"_links":{"self":[{"href":"https:\/\/shop.kustom.ch\/en\/wp-json\/wp\/v2\/product\/514457"}],"collection":[{"href":"https:\/\/shop.kustom.ch\/en\/wp-json\/wp\/v2\/product"}],"about":[{"href":"https:\/\/shop.kustom.ch\/en\/wp-json\/wp\/v2\/types\/product"}],"wp:featuredmedia":[{"embeddable":true,"href":"https:\/\/shop.kustom.ch\/en\/wp-json\/wp\/v2\/media\/514478"}],"wp:attachment":[{"href":"https:\/\/shop.kustom.ch\/en\/wp-json\/wp\/v2\/media?parent=514457"}],"wp:term":[{"taxonomy":"product_brand","embeddable":true,"href":"https:\/\/shop.kustom.ch\/en\/wp-json\/wp\/v2\/product_brand?post=514457"},{"taxonomy":"product_cat","embeddable":true,"href":"https:\/\/shop.kustom.ch\/en\/wp-json\/wp\/v2\/product_cat?post=514457"},{"taxonomy":"product_tag","embeddable":true,"href":"https:\/\/shop.kustom.ch\/en\/wp-json\/wp\/v2\/product_tag?post=514457"}],"curies":[{"name":"wp","href":"https:\/\/api.w.org\/{rel}","templated":true}]}}