{"id":514183,"date":"2025-01-25T01:01:01","date_gmt":"2025-01-25T00:01:01","guid":{"rendered":"https:\/\/shop.kustom.ch\/?post_type=product&#038;p=514183"},"modified":"2026-03-31T09:54:10","modified_gmt":"2026-03-31T08:54:10","slug":"surf-stretch","status":"publish","type":"product","link":"https:\/\/shop.kustom.ch\/en\/product\/surf-stretch\/","title":{"rendered":"Surf Stretch"},"content":{"rendered":"<p>Polo pique with stretch. Men's polo with 3 buttons and women's polo with 4 buttons on the front placket. Neck tape, side slits and cuffs on the sleeves. Oeko-Tex.<\/p>\n<p>Material: 95% cotton, 5% elastane, 200 g\/m2<\/p>","protected":false},"excerpt":{"rendered":"<p>Polo Pique mit Stretch. M\u00e4nner Polo mit 3 Kn\u00f6pfen und Frauen Polo mit 4 Kn\u00f6pfen an der vorderen Knopfleiste. Nackenband, Seitenschlitze und Manschette an der \u00c4rmeln. Oeko-Tex. Material: 95% Baumwolle, 5% Elasthan, 200 g\/m2<\/p>","protected":false},"featured_media":514187,"template":"","meta":[],"product_brand":[],"product_cat":[4193],"product_tag":[],"class_list":{"0":"post-514183","1":"product","2":"type-product","3":"status-publish","4":"has-post-thumbnail","6":"product_cat-polos","7":"pa_brand-printer","8":"pa_brand-type-sportswear","9":"pa_filter-color-blau","10":"pa_filter-color-grau","11":"pa_filter-color-gruen","12":"pa_filter-color-rot","13":"pa_filter-color-schwarz","14":"pa_filter-color-weiss","16":"first","17":"instock","18":"sale","19":"taxable","20":"shipping-taxable","21":"purchasable","22":"product-type-variable","23":"add-to-wishlist-before_image"},"exclude_global_add_ons":[],"addons":[],"acf":[],"_links":{"self":[{"href":"https:\/\/shop.kustom.ch\/en\/wp-json\/wp\/v2\/product\/514183"}],"collection":[{"href":"https:\/\/shop.kustom.ch\/en\/wp-json\/wp\/v2\/product"}],"about":[{"href":"https:\/\/shop.kustom.ch\/en\/wp-json\/wp\/v2\/types\/product"}],"wp:featuredmedia":[{"embeddable":true,"href":"https:\/\/shop.kustom.ch\/en\/wp-json\/wp\/v2\/media\/514187"}],"wp:attachment":[{"href":"https:\/\/shop.kustom.ch\/en\/wp-json\/wp\/v2\/media?parent=514183"}],"wp:term":[{"taxonomy":"product_brand","embeddable":true,"href":"https:\/\/shop.kustom.ch\/en\/wp-json\/wp\/v2\/product_brand?post=514183"},{"taxonomy":"product_cat","embeddable":true,"href":"https:\/\/shop.kustom.ch\/en\/wp-json\/wp\/v2\/product_cat?post=514183"},{"taxonomy":"product_tag","embeddable":true,"href":"https:\/\/shop.kustom.ch\/en\/wp-json\/wp\/v2\/product_tag?post=514183"}],"curies":[{"name":"wp","href":"https:\/\/api.w.org\/{rel}","templated":true}]}}