{"id":513910,"date":"2025-01-25T00:59:56","date_gmt":"2025-01-24T23:59:56","guid":{"rendered":"https:\/\/shop.kustom.ch\/?post_type=product&#038;p=513910"},"modified":"2026-03-31T09:52:46","modified_gmt":"2026-03-31T08:52:46","slug":"surf-pro-ls-lady","status":"publish","type":"product","link":"https:\/\/shop.kustom.ch\/en\/product\/surf-pro-ls-lady\/","title":{"rendered":"Surf Pro LS Lady"},"content":{"rendered":"<p>Long-sleeved polo piqu\u00e9 in blended fabric, with jersey collar and side slits. There is a pocket in the inside left side seam for sewing in a laundry chip. Perfect for commercial use as workwear and suitable for frequent washing. Oeko-Tex 100, OCS &amp; GRS certified. Compostable polybag.<\/p>\n<p>Material: 60% organic cotton, 40% recycled polyester, 200 g\/m\u00b2<\/p>","protected":false},"excerpt":{"rendered":"<p>Langarm Polo Piqu\u00e9 in Mischgewebe, mit Trikotkragen und Seitenschlitzen. In der linken inneren Seitennaht befindet sich eine Tasche zum Einn\u00e4hen eines W\u00e4schechips. Perfekt f\u00fcr den gewerblichen Einsatz als Arbeitsbekleidung und f\u00fcr h\u00e4ufiges Waschen geeignet. \u00d6ko-Tex 100, OCS &amp; GRS zertifiziert. Kompostierbaren Polybeutel. Material: 60% Organic Baumwolle, 40% Recycled Polyester, 200 g\/m\u00b2<\/p>","protected":false},"featured_media":513940,"template":"","meta":[],"product_brand":[],"product_cat":[4201],"product_tag":[],"class_list":{"0":"post-513910","1":"product","2":"type-product","3":"status-publish","4":"has-post-thumbnail","6":"product_cat-t-shirts","7":"pa_brand-printer","8":"pa_brand-type-sportswear","9":"pa_filter-color-blau","10":"pa_filter-color-grau","11":"pa_filter-color-gruen","12":"pa_filter-color-rot","13":"pa_filter-color-schwarz","14":"pa_filter-color-weiss","16":"first","17":"instock","18":"sale","19":"taxable","20":"shipping-taxable","21":"purchasable","22":"product-type-variable","23":"add-to-wishlist-before_image"},"exclude_global_add_ons":[],"addons":[],"acf":[],"_links":{"self":[{"href":"https:\/\/shop.kustom.ch\/en\/wp-json\/wp\/v2\/product\/513910"}],"collection":[{"href":"https:\/\/shop.kustom.ch\/en\/wp-json\/wp\/v2\/product"}],"about":[{"href":"https:\/\/shop.kustom.ch\/en\/wp-json\/wp\/v2\/types\/product"}],"wp:featuredmedia":[{"embeddable":true,"href":"https:\/\/shop.kustom.ch\/en\/wp-json\/wp\/v2\/media\/513940"}],"wp:attachment":[{"href":"https:\/\/shop.kustom.ch\/en\/wp-json\/wp\/v2\/media?parent=513910"}],"wp:term":[{"taxonomy":"product_brand","embeddable":true,"href":"https:\/\/shop.kustom.ch\/en\/wp-json\/wp\/v2\/product_brand?post=513910"},{"taxonomy":"product_cat","embeddable":true,"href":"https:\/\/shop.kustom.ch\/en\/wp-json\/wp\/v2\/product_cat?post=513910"},{"taxonomy":"product_tag","embeddable":true,"href":"https:\/\/shop.kustom.ch\/en\/wp-json\/wp\/v2\/product_tag?post=513910"}],"curies":[{"name":"wp","href":"https:\/\/api.w.org\/{rel}","templated":true}]}}