{"id":513775,"date":"2025-01-25T00:59:14","date_gmt":"2025-01-24T23:59:14","guid":{"rendered":"https:\/\/shop.kustom.ch\/?post_type=product&#038;p=513775"},"modified":"2026-03-31T09:53:49","modified_gmt":"2026-03-31T08:53:49","slug":"surf-pro-ladies","status":"publish","type":"product","link":"https:\/\/shop.kustom.ch\/en\/product\/surf-pro-ladies\/","title":{"rendered":"Surf Pro Ladies"},"content":{"rendered":"<p>Plain-coloured polo shirt in an easy-care blended fabric, with a flat knit collar, button placket with tone-on-tone buttons, side slits and neck tape for a perfect fit and wide cuffs for optimum comfort. Perfect for commercial use as workwear and suitable for frequent washing.<\/p>\n<p>Material: 60% cotton 40% polyester<br \/>\n200 g\/m\u00b2<\/p>","protected":false},"excerpt":{"rendered":"<p>Unifarbenes Poloshirt in pflegeleichtem Mischgewebe, mit Flachstrickkragen, Knopfleiste mit Ton-in-Ton-Kn\u00f6pfen, Seitenschlitzen und Nackenband f\u00fcr optimale Passform sowie weiten B\u00fcndchen f\u00fcr optimalen Tragekomfort. Perfekt f\u00fcr den gewerbliche Einsatz als Arbeitsbekleidung und f\u00fcr h\u00e4ufiges Waschen geeignet. Material: 60% Baumwolle 40% Polyester 200 g\/m\u00b2<\/p>","protected":false},"featured_media":513808,"template":"","meta":[],"product_brand":[],"product_cat":[4193],"product_tag":[],"class_list":{"0":"post-513775","1":"product","2":"type-product","3":"status-publish","4":"has-post-thumbnail","6":"product_cat-polos","7":"pa_brand-printer","8":"pa_brand-type-sportswear","9":"pa_filter-color-blau","10":"pa_filter-color-grau","11":"pa_filter-color-gruen","12":"pa_filter-color-rot","13":"pa_filter-color-schwarz","14":"pa_filter-color-weiss","16":"first","17":"instock","18":"sale","19":"taxable","20":"shipping-taxable","21":"purchasable","22":"product-type-variable","23":"add-to-wishlist-before_image"},"exclude_global_add_ons":[],"addons":[],"acf":[],"_links":{"self":[{"href":"https:\/\/shop.kustom.ch\/en\/wp-json\/wp\/v2\/product\/513775"}],"collection":[{"href":"https:\/\/shop.kustom.ch\/en\/wp-json\/wp\/v2\/product"}],"about":[{"href":"https:\/\/shop.kustom.ch\/en\/wp-json\/wp\/v2\/types\/product"}],"wp:featuredmedia":[{"embeddable":true,"href":"https:\/\/shop.kustom.ch\/en\/wp-json\/wp\/v2\/media\/513808"}],"wp:attachment":[{"href":"https:\/\/shop.kustom.ch\/en\/wp-json\/wp\/v2\/media?parent=513775"}],"wp:term":[{"taxonomy":"product_brand","embeddable":true,"href":"https:\/\/shop.kustom.ch\/en\/wp-json\/wp\/v2\/product_brand?post=513775"},{"taxonomy":"product_cat","embeddable":true,"href":"https:\/\/shop.kustom.ch\/en\/wp-json\/wp\/v2\/product_cat?post=513775"},{"taxonomy":"product_tag","embeddable":true,"href":"https:\/\/shop.kustom.ch\/en\/wp-json\/wp\/v2\/product_tag?post=513775"}],"curies":[{"name":"wp","href":"https:\/\/api.w.org\/{rel}","templated":true}]}}