{"id":513635,"date":"2025-01-25T00:58:39","date_gmt":"2025-01-24T23:58:39","guid":{"rendered":"https:\/\/shop.kustom.ch\/produkt\/surf-light-rsx\/"},"modified":"2026-03-31T09:54:42","modified_gmt":"2026-03-31T08:54:42","slug":"surf-light-rsx","status":"publish","type":"product","link":"https:\/\/shop.kustom.ch\/en\/product\/surf-light-rsx\/","title":{"rendered":"Surf Light RSX"},"content":{"rendered":"<p>Lightweight piqu\u00e9 polo with a modern fit, flat knit on the collar and sleeves. Neck tape, side slits and tone-on-tone buttons on the front placket.<\/p>\n<p>Material: 100% cotton, 180 g\/m\u00b2<\/p>","protected":false},"excerpt":{"rendered":"<p>Leichtes Piqu\u00e9 Polo mit moderner Passform, Flachstrick am Kragen und an den \u00c4rmeln. Nackenband, Seitenschlitze und Ton-in-Ton Kn\u00f6pfen an der Frontleiste. Material: 100% Baumwolle, 180 g\/m\u00b2<\/p>","protected":false},"featured_media":513634,"template":"","meta":[],"product_brand":[],"product_cat":[4193],"product_tag":[],"class_list":{"0":"post-513635","1":"product","2":"type-product","3":"status-publish","4":"has-post-thumbnail","6":"product_cat-polos","7":"pa_brand-printer","8":"pa_brand-type-sportswear","9":"pa_filter-color-blau","10":"pa_filter-color-grau","11":"pa_filter-color-gruen","12":"pa_filter-color-rot","13":"pa_filter-color-schwarz","14":"pa_filter-color-weiss","16":"first","17":"instock","18":"sale","19":"taxable","20":"shipping-taxable","21":"purchasable","22":"product-type-variable","23":"add-to-wishlist-before_image"},"exclude_global_add_ons":[],"addons":[],"acf":[],"_links":{"self":[{"href":"https:\/\/shop.kustom.ch\/en\/wp-json\/wp\/v2\/product\/513635"}],"collection":[{"href":"https:\/\/shop.kustom.ch\/en\/wp-json\/wp\/v2\/product"}],"about":[{"href":"https:\/\/shop.kustom.ch\/en\/wp-json\/wp\/v2\/types\/product"}],"wp:featuredmedia":[{"embeddable":true,"href":"https:\/\/shop.kustom.ch\/en\/wp-json\/wp\/v2\/media\/513634"}],"wp:attachment":[{"href":"https:\/\/shop.kustom.ch\/en\/wp-json\/wp\/v2\/media?parent=513635"}],"wp:term":[{"taxonomy":"product_brand","embeddable":true,"href":"https:\/\/shop.kustom.ch\/en\/wp-json\/wp\/v2\/product_brand?post=513635"},{"taxonomy":"product_cat","embeddable":true,"href":"https:\/\/shop.kustom.ch\/en\/wp-json\/wp\/v2\/product_cat?post=513635"},{"taxonomy":"product_tag","embeddable":true,"href":"https:\/\/shop.kustom.ch\/en\/wp-json\/wp\/v2\/product_tag?post=513635"}],"curies":[{"name":"wp","href":"https:\/\/api.w.org\/{rel}","templated":true}]}}