{"id":513225,"date":"2025-01-25T00:56:54","date_gmt":"2025-01-24T23:56:54","guid":{"rendered":"https:\/\/shop.kustom.ch\/?post_type=product&#038;p=513225"},"modified":"2026-03-31T09:55:55","modified_gmt":"2026-03-31T08:55:55","slug":"skeleton-lady","status":"publish","type":"product","link":"https:\/\/shop.kustom.ch\/en\/product\/skeleton-lady\/","title":{"rendered":"Skeleton Lady"},"content":{"rendered":"<p>Lined softshell jacket with detachable hood, ergonomically shaped sleeves, drawstring in the waistband and Velcro fasteners at the sleeve ends. Front pockets and breast pocket with zip, two inside pockets with zip and a mesh pocket.<\/p>\n<p>Material: 100% polyester<\/p>","protected":false},"excerpt":{"rendered":"<p>Gef\u00fctterte Softshell Jacke mit abnehmbarer Kapuze, ergonomisch geformten \u00c4rmeln, Kordelzug im Bund und Klettverschl\u00fcssen an den \u00c4rmelenden. Fronttaschen und Brusttasche mit Reissverschluss, zwei Innentaschen mit Reissverschluss sowie eine Netztasche. Material: 100% Polyester<\/p>","protected":false},"featured_media":513260,"template":"","meta":[],"product_brand":[],"product_cat":[4186],"product_tag":[],"class_list":{"0":"post-513225","1":"product","2":"type-product","3":"status-publish","4":"has-post-thumbnail","6":"product_cat-jacken","7":"pa_brand-printer","8":"pa_brand-type-sportswear","9":"pa_filter-color-blau","10":"pa_filter-color-grau","11":"pa_filter-color-gruen","12":"pa_filter-color-rot","13":"pa_filter-color-schwarz","14":"pa_filter-color-weiss","16":"first","17":"instock","18":"sale","19":"taxable","20":"shipping-taxable","21":"purchasable","22":"product-type-variable","23":"add-to-wishlist-before_image"},"exclude_global_add_ons":[],"addons":[],"acf":[],"_links":{"self":[{"href":"https:\/\/shop.kustom.ch\/en\/wp-json\/wp\/v2\/product\/513225"}],"collection":[{"href":"https:\/\/shop.kustom.ch\/en\/wp-json\/wp\/v2\/product"}],"about":[{"href":"https:\/\/shop.kustom.ch\/en\/wp-json\/wp\/v2\/types\/product"}],"wp:featuredmedia":[{"embeddable":true,"href":"https:\/\/shop.kustom.ch\/en\/wp-json\/wp\/v2\/media\/513260"}],"wp:attachment":[{"href":"https:\/\/shop.kustom.ch\/en\/wp-json\/wp\/v2\/media?parent=513225"}],"wp:term":[{"taxonomy":"product_brand","embeddable":true,"href":"https:\/\/shop.kustom.ch\/en\/wp-json\/wp\/v2\/product_brand?post=513225"},{"taxonomy":"product_cat","embeddable":true,"href":"https:\/\/shop.kustom.ch\/en\/wp-json\/wp\/v2\/product_cat?post=513225"},{"taxonomy":"product_tag","embeddable":true,"href":"https:\/\/shop.kustom.ch\/en\/wp-json\/wp\/v2\/product_tag?post=513225"}],"curies":[{"name":"wp","href":"https:\/\/api.w.org\/{rel}","templated":true}]}}