{"id":513023,"date":"2025-01-25T00:55:58","date_gmt":"2025-01-24T23:55:58","guid":{"rendered":"https:\/\/shop.kustom.ch\/?post_type=product&#038;p=513023"},"modified":"2026-03-31T09:55:42","modified_gmt":"2026-03-31T08:55:42","slug":"point-lady","status":"publish","type":"product","link":"https:\/\/shop.kustom.ch\/en\/product\/point-lady\/","title":{"rendered":"Point Lady"},"content":{"rendered":"<p>Shirt made of light and soft material with a large breast pocket. Tone-on-tone buttons. The buttons can be replaced with buttons in a different colour, which are available separately.<\/p>\n<p>Material: 65% polyester 35% cotton<\/p>","protected":false},"excerpt":{"rendered":"<p>Hemd aus leichtem und weichem Material mit grosser Brusttasche. Ton-in-Ton Kn\u00f6pfe. Die Kn\u00f6pfe k\u00f6nnen durch andersfarbige Kn\u00f6pfe ersetzt werden, die separat erh\u00e4ltlich sind. Material: 65% Polyester 35% Baumwolle<\/p>","protected":false},"featured_media":513040,"template":"","meta":[],"product_brand":[],"product_cat":[9895],"product_tag":[],"class_list":{"0":"post-513023","1":"product","2":"type-product","3":"status-publish","4":"has-post-thumbnail","6":"product_cat-blusen","7":"pa_brand-printer","8":"pa_brand-type-sportswear","9":"pa_filter-color-blau","10":"pa_filter-color-grau","11":"pa_filter-color-gruen","12":"pa_filter-color-rot","13":"pa_filter-color-schwarz","15":"first","16":"instock","17":"sale","18":"taxable","19":"shipping-taxable","20":"purchasable","21":"product-type-variable","22":"add-to-wishlist-before_image"},"exclude_global_add_ons":[],"addons":[],"acf":[],"_links":{"self":[{"href":"https:\/\/shop.kustom.ch\/en\/wp-json\/wp\/v2\/product\/513023"}],"collection":[{"href":"https:\/\/shop.kustom.ch\/en\/wp-json\/wp\/v2\/product"}],"about":[{"href":"https:\/\/shop.kustom.ch\/en\/wp-json\/wp\/v2\/types\/product"}],"wp:featuredmedia":[{"embeddable":true,"href":"https:\/\/shop.kustom.ch\/en\/wp-json\/wp\/v2\/media\/513040"}],"wp:attachment":[{"href":"https:\/\/shop.kustom.ch\/en\/wp-json\/wp\/v2\/media?parent=513023"}],"wp:term":[{"taxonomy":"product_brand","embeddable":true,"href":"https:\/\/shop.kustom.ch\/en\/wp-json\/wp\/v2\/product_brand?post=513023"},{"taxonomy":"product_cat","embeddable":true,"href":"https:\/\/shop.kustom.ch\/en\/wp-json\/wp\/v2\/product_cat?post=513023"},{"taxonomy":"product_tag","embeddable":true,"href":"https:\/\/shop.kustom.ch\/en\/wp-json\/wp\/v2\/product_tag?post=513023"}],"curies":[{"name":"wp","href":"https:\/\/api.w.org\/{rel}","templated":true}]}}