{"id":510830,"date":"2025-01-25T00:47:03","date_gmt":"2025-01-24T23:47:03","guid":{"rendered":"https:\/\/shop.kustom.ch\/?post_type=product&#038;p=510830"},"modified":"2026-03-31T09:54:54","modified_gmt":"2026-03-31T08:54:54","slug":"fastpitch-rsx-homme","status":"publish","type":"product","link":"https:\/\/shop.kustom.ch\/en\/product\/fastpitch-rsx-homme\/","title":{"rendered":"FASTPITCH RSX HOMME"},"content":{"rendered":"<p>Hooded jumper with half moon in the neck. Ribbed 2\u00d72 cuffs on the sleeves and at the hem. Cord stoppers in contrasting colour, these can also be purchased in other colours and exchanged.<\/p>\n<p>Material: 60% cotton, 40% polyester, 280 g\/m\u00b2<\/p>","protected":false},"excerpt":{"rendered":"<p>Kapuzensweater mit Halbmond im Nacken. Gerippte 2&#215;2 B\u00fcndchen an den \u00c4rmeln sowie am Saumende. Kordelstopper in Kontrastfarbe, diese k\u00f6nnen auch in weiteren Farben zus\u00e4tzlich gekauft und ausgetauscht werden. Material: 60% Baumwolle, 40% Polyester, 280 g\/m\u00b2<\/p>","protected":false},"featured_media":510834,"template":"","meta":[],"product_brand":[],"product_cat":[4191],"product_tag":[],"class_list":{"0":"post-510830","1":"product","2":"type-product","3":"status-publish","4":"has-post-thumbnail","6":"product_cat-longsleeves-sweatshirts","7":"pa_brand-printer","8":"pa_brand-type-sportswear","9":"pa_filter-color-blau","10":"pa_filter-color-grau","11":"pa_filter-color-gruen","12":"pa_filter-color-rot","13":"pa_filter-color-schwarz","14":"pa_filter-color-weiss","16":"first","17":"instock","18":"sale","19":"taxable","20":"shipping-taxable","21":"purchasable","22":"product-type-variable","23":"add-to-wishlist-before_image"},"exclude_global_add_ons":[],"addons":[],"acf":[],"_links":{"self":[{"href":"https:\/\/shop.kustom.ch\/en\/wp-json\/wp\/v2\/product\/510830"}],"collection":[{"href":"https:\/\/shop.kustom.ch\/en\/wp-json\/wp\/v2\/product"}],"about":[{"href":"https:\/\/shop.kustom.ch\/en\/wp-json\/wp\/v2\/types\/product"}],"wp:featuredmedia":[{"embeddable":true,"href":"https:\/\/shop.kustom.ch\/en\/wp-json\/wp\/v2\/media\/510834"}],"wp:attachment":[{"href":"https:\/\/shop.kustom.ch\/en\/wp-json\/wp\/v2\/media?parent=510830"}],"wp:term":[{"taxonomy":"product_brand","embeddable":true,"href":"https:\/\/shop.kustom.ch\/en\/wp-json\/wp\/v2\/product_brand?post=510830"},{"taxonomy":"product_cat","embeddable":true,"href":"https:\/\/shop.kustom.ch\/en\/wp-json\/wp\/v2\/product_cat?post=510830"},{"taxonomy":"product_tag","embeddable":true,"href":"https:\/\/shop.kustom.ch\/en\/wp-json\/wp\/v2\/product_tag?post=510830"}],"curies":[{"name":"wp","href":"https:\/\/api.w.org\/{rel}","templated":true}]}}