{"id":510760,"date":"2025-01-25T00:46:48","date_gmt":"2025-01-24T23:46:48","guid":{"rendered":"https:\/\/shop.kustom.ch\/?post_type=product&#038;p=510760"},"modified":"2026-03-31T09:54:58","modified_gmt":"2026-03-31T08:54:58","slug":"fastpitch-lady","status":"publish","type":"product","link":"https:\/\/shop.kustom.ch\/en\/product\/fastpitch-lady\/","title":{"rendered":"FASTPITCH LADY"},"content":{"rendered":"<p>Hooded jumper with half moon in the neck. Ribbed 2\u00d72 cuffs on the sleeves and at the hem. Cord stoppers in contrasting colour, these can also be purchased in other colours and exchanged.<\/p>\n<p>Material: 60% cotton 40% polyester<\/p>","protected":false},"excerpt":{"rendered":"<p>Kapuzensweater mit Halbmond im Nacken. Gerippte 2&#215;2 B\u00fcndchen an den \u00c4rmeln sowie am Saumende. Kordelstopper in Kontrastfarbe, diese k\u00f6nnen auch in weiteren Farben zus\u00e4tzlich gekauft und ausgetauscht werden. Material: 60% Baumwolle 40% Polyester<\/p>","protected":false},"featured_media":510770,"template":"","meta":[],"product_brand":[],"product_cat":[4191],"product_tag":[],"class_list":{"0":"post-510760","1":"product","2":"type-product","3":"status-publish","4":"has-post-thumbnail","6":"product_cat-longsleeves-sweatshirts","7":"pa_brand-printer","8":"pa_brand-type-sportswear","9":"pa_filter-color-blau","10":"pa_filter-color-grau","11":"pa_filter-color-gruen","12":"pa_filter-color-rot","13":"pa_filter-color-schwarz","14":"pa_filter-color-weiss","16":"first","17":"instock","18":"sale","19":"taxable","20":"shipping-taxable","21":"purchasable","22":"product-type-variable","23":"add-to-wishlist-before_image"},"exclude_global_add_ons":[],"addons":[],"acf":[],"_links":{"self":[{"href":"https:\/\/shop.kustom.ch\/en\/wp-json\/wp\/v2\/product\/510760"}],"collection":[{"href":"https:\/\/shop.kustom.ch\/en\/wp-json\/wp\/v2\/product"}],"about":[{"href":"https:\/\/shop.kustom.ch\/en\/wp-json\/wp\/v2\/types\/product"}],"wp:featuredmedia":[{"embeddable":true,"href":"https:\/\/shop.kustom.ch\/en\/wp-json\/wp\/v2\/media\/510770"}],"wp:attachment":[{"href":"https:\/\/shop.kustom.ch\/en\/wp-json\/wp\/v2\/media?parent=510760"}],"wp:term":[{"taxonomy":"product_brand","embeddable":true,"href":"https:\/\/shop.kustom.ch\/en\/wp-json\/wp\/v2\/product_brand?post=510760"},{"taxonomy":"product_cat","embeddable":true,"href":"https:\/\/shop.kustom.ch\/en\/wp-json\/wp\/v2\/product_cat?post=510760"},{"taxonomy":"product_tag","embeddable":true,"href":"https:\/\/shop.kustom.ch\/en\/wp-json\/wp\/v2\/product_tag?post=510760"}],"curies":[{"name":"wp","href":"https:\/\/api.w.org\/{rel}","templated":true}]}}