{"id":510623,"date":"2025-01-25T00:46:20","date_gmt":"2025-01-24T23:46:20","guid":{"rendered":"https:\/\/shop.kustom.ch\/?post_type=product&#038;p=510623"},"modified":"2026-03-31T09:52:55","modified_gmt":"2026-03-31T08:52:55","slug":"expedition-vest","status":"publish","type":"product","link":"https:\/\/shop.kustom.ch\/en\/product\/expedition-vest\/","title":{"rendered":"Expedition Vest"},"content":{"rendered":"<p>Quilted padded gilet with softshell inserts over the shoulder and at the sides. Two outside pockets with zip, inside two mesh-lined pouch pockets. Elasticated band at the hem. Choice of colours, zips and zip pullers to match all Essentials items.<\/p>\n<p>Material: Material 1: Softshell; 94% polyester, 6% elastane, inside with brushed fleece. Material 2: 100% polyester, lining with \"Bluesign\" certificate (100 g\/m\u00b2)<\/p>","protected":false},"excerpt":{"rendered":"<p>Wattiertes Gilet gesteppt und mit Sofshell Eins\u00e4tzen \u00fcber der Schulter und an den Seiten. Zwei Aussentaschen mit Reissverschluss, Innen zwei Beuteltaschen Meshgef\u00fcttert. Elastisches Band als Abschluss am Saum. Farbauswahl, Reissverschl\u00fcsse und Zipper Puller sind passend zu allen Essentials Artikel. Material: Material 1: Softshell; 94% Polyester, 6% Elastan, Innen mit aufgerautem Fleece. Material 2: 100% Polyester, [&hellip;]<\/p>\n","protected":false},"featured_media":510639,"template":"","meta":[],"product_brand":[],"product_cat":[4208],"product_tag":[],"class_list":{"0":"post-510623","1":"product","2":"type-product","3":"status-publish","4":"has-post-thumbnail","6":"product_cat-westen","7":"pa_brand-printer","8":"pa_brand-type-sportswear","9":"pa_filter-color-blau","10":"pa_filter-color-grau","11":"pa_filter-color-gruen","12":"pa_filter-color-rot","13":"pa_filter-color-schwarz","14":"pa_filter-color-weiss","16":"first","17":"instock","18":"sale","19":"taxable","20":"shipping-taxable","21":"purchasable","22":"product-type-variable","23":"add-to-wishlist-before_image"},"exclude_global_add_ons":[],"addons":[],"acf":[],"_links":{"self":[{"href":"https:\/\/shop.kustom.ch\/en\/wp-json\/wp\/v2\/product\/510623"}],"collection":[{"href":"https:\/\/shop.kustom.ch\/en\/wp-json\/wp\/v2\/product"}],"about":[{"href":"https:\/\/shop.kustom.ch\/en\/wp-json\/wp\/v2\/types\/product"}],"wp:featuredmedia":[{"embeddable":true,"href":"https:\/\/shop.kustom.ch\/en\/wp-json\/wp\/v2\/media\/510639"}],"wp:attachment":[{"href":"https:\/\/shop.kustom.ch\/en\/wp-json\/wp\/v2\/media?parent=510623"}],"wp:term":[{"taxonomy":"product_brand","embeddable":true,"href":"https:\/\/shop.kustom.ch\/en\/wp-json\/wp\/v2\/product_brand?post=510623"},{"taxonomy":"product_cat","embeddable":true,"href":"https:\/\/shop.kustom.ch\/en\/wp-json\/wp\/v2\/product_cat?post=510623"},{"taxonomy":"product_tag","embeddable":true,"href":"https:\/\/shop.kustom.ch\/en\/wp-json\/wp\/v2\/product_tag?post=510623"}],"curies":[{"name":"wp","href":"https:\/\/api.w.org\/{rel}","templated":true}]}}