{"id":510001,"date":"2025-01-25T00:38:16","date_gmt":"2025-01-24T23:38:16","guid":{"rendered":"https:\/\/shop.kustom.ch\/?post_type=product&#038;p=510001"},"modified":"2026-03-31T12:07:17","modified_gmt":"2026-03-31T11:07:17","slug":"yellow-bow-51-women","status":"publish","type":"product","link":"https:\/\/shop.kustom.ch\/en\/product\/yellow-bow-51-women\/","title":{"rendered":"Yellow Bow 51 Women"},"content":{"rendered":"<p>Yellow Bow is our \"roll up your sleeves and go to work\" shirt. It's a classic one-colour shirt with modern tailored details, made from our favourite blend of fine twill with an additional, unique eco-friendly Easy Care treatment. As usual with a split yoke and taped main seams for the highest quality standards.<br \/>\n- YELLOW BOW Collection<br \/>\n- Fine twill fabric<br \/>\n- 60% cotton, 40% polyester, 134 g\/m\u00b2<br \/>\n- High colour fastness<br \/>\n- Suitable for washing machines<br \/>\n- Easy Care, patented environmental treatment<br \/>\n- Properties thanks to special finish: crease-resistant, luxurious and soft feel, quick-drying.<br \/>\n- Split back yoke ensures smooth, contoured shoulders and greater freedom of movement<br \/>\n- Taped main seams give the shirt a fresh and exclusive look after every wash<br \/>\n- Semi cut away collar<br \/>\n- Long sleeve<br \/>\n- Cuffs with extra buttonhole for cufflinks<br \/>\n- High, 4 mm thick knobs<br \/>\n- Rounded hem<\/p>\n<p>Material: 60% cotton, 40% polyester<\/p>","protected":false},"excerpt":{"rendered":"<p>Yellow Bow ist unser &#8222;kr\u00e4mpel die \u00c4rmel hoch und geh zur Arbeit&#8220; Hemd. Es ist ein einfarbiges klassisches Hemd mit modernen massgeschneiderten Details, aus unserem Lieblings Mix Fein Twill mit einer zus\u00e4tzlichen, einzigartigen umweltfreundlichen Easy Care Behandlung hergestellt. Wie gewohnt mit einem Split Yoke und Taped Main Seams f\u00fcr h\u00f6chste Qualit\u00e4tsanspr\u00fcche. \u2022 YELLOW BOW Kollektion [&hellip;]<\/p>\n","protected":false},"featured_media":510027,"template":"","meta":[],"product_brand":[],"product_cat":[9895],"product_tag":[],"class_list":{"0":"post-510001","1":"product","2":"type-product","3":"status-publish","4":"has-post-thumbnail","6":"product_cat-blusen","7":"pa_brand-harvest-frost","8":"pa_brand-type-workwear","9":"pa_filter-color-blau","10":"pa_filter-color-grau","11":"pa_filter-color-schwarz","12":"pa_filter-color-weiss","14":"first","15":"instock","16":"sale","17":"taxable","18":"shipping-taxable","19":"purchasable","20":"product-type-variable","21":"add-to-wishlist-before_image"},"exclude_global_add_ons":[],"addons":[],"acf":[],"_links":{"self":[{"href":"https:\/\/shop.kustom.ch\/en\/wp-json\/wp\/v2\/product\/510001"}],"collection":[{"href":"https:\/\/shop.kustom.ch\/en\/wp-json\/wp\/v2\/product"}],"about":[{"href":"https:\/\/shop.kustom.ch\/en\/wp-json\/wp\/v2\/types\/product"}],"wp:featuredmedia":[{"embeddable":true,"href":"https:\/\/shop.kustom.ch\/en\/wp-json\/wp\/v2\/media\/510027"}],"wp:attachment":[{"href":"https:\/\/shop.kustom.ch\/en\/wp-json\/wp\/v2\/media?parent=510001"}],"wp:term":[{"taxonomy":"product_brand","embeddable":true,"href":"https:\/\/shop.kustom.ch\/en\/wp-json\/wp\/v2\/product_brand?post=510001"},{"taxonomy":"product_cat","embeddable":true,"href":"https:\/\/shop.kustom.ch\/en\/wp-json\/wp\/v2\/product_cat?post=510001"},{"taxonomy":"product_tag","embeddable":true,"href":"https:\/\/shop.kustom.ch\/en\/wp-json\/wp\/v2\/product_tag?post=510001"}],"curies":[{"name":"wp","href":"https:\/\/api.w.org\/{rel}","templated":true}]}}