{"id":509370,"date":"2025-01-25T00:34:47","date_gmt":"2025-01-24T23:34:47","guid":{"rendered":"https:\/\/shop.kustom.ch\/?post_type=product&#038;p=509370"},"modified":"2026-03-31T12:05:32","modified_gmt":"2026-03-31T11:05:32","slug":"red-bow-20-slim","status":"publish","type":"product","link":"https:\/\/shop.kustom.ch\/en\/product\/red-bow-20-slim\/","title":{"rendered":"Red Bow 20 slim"},"content":{"rendered":"<p>A modern and fashionable interpretation of the popular classics. The Red Bow models shine with many details, fresh colours and high quality for a smart appearance in all areas. The shirt is made from high-quality twill fabric, which makes it pleasantly soft to wear and the colours have even more impact. The woven structure also ensures that the shirts appear less transparent.<br \/>\n- RED BOW Collection<br \/>\n- Finest twill, classic colours<br \/>\n- 100% cotton, 124 g\/m\u00b2<br \/>\n- Non-iron (non-iron, patented environmental treatment)<br \/>\n- Suitable for washing machines<br \/>\n- Split back yoke ensures smooth, contoured shoulders and greater freedom of movement<br \/>\n- Taped main seams give the shirt a fresh and exclusive look after every wash. No creases<br \/>\n- Semi cut away collar<br \/>\n- Long sleeve<br \/>\n- Cuffs with extra buttonhole for cufflinks<br \/>\n- High, 4 mm thick knobs<br \/>\n- Rounded hem<\/p>\n<p>Material: 100% cotton<\/p>","protected":false},"excerpt":{"rendered":"<p>Eine moderne und modische Interpretation der beliebten Klassiker. Die Red Bow Modelle gl\u00e4nzen mit vielen Details, frischen Farben und hoher Qualit\u00e4t f\u00fcr ein smartes Auftreten in allen Bereichen. Das Hemd ist aus hochwertigem Twill Gewebe, wodurch sich das Tragegef\u00fchl angenehm weich anf\u00fchlt und die Farben noch mehr Wirkung zeigen. Die Webstruktur sorgt zus\u00e4tzlich daf\u00fcr, dass [&hellip;]<\/p>\n","protected":false},"featured_media":509425,"template":"","meta":[],"product_brand":[],"product_cat":[9874],"product_tag":[],"class_list":{"0":"post-509370","1":"product","2":"type-product","3":"status-publish","4":"has-post-thumbnail","6":"product_cat-hemden","7":"pa_brand-harvest-frost","8":"pa_brand-type-workwear","9":"pa_filter-color-blau","10":"pa_filter-color-rot","11":"pa_filter-color-schwarz","12":"pa_filter-color-weiss","14":"first","15":"instock","16":"sale","17":"taxable","18":"shipping-taxable","19":"purchasable","20":"product-type-variable","21":"add-to-wishlist-before_image"},"exclude_global_add_ons":[],"addons":[],"acf":[],"_links":{"self":[{"href":"https:\/\/shop.kustom.ch\/en\/wp-json\/wp\/v2\/product\/509370"}],"collection":[{"href":"https:\/\/shop.kustom.ch\/en\/wp-json\/wp\/v2\/product"}],"about":[{"href":"https:\/\/shop.kustom.ch\/en\/wp-json\/wp\/v2\/types\/product"}],"wp:featuredmedia":[{"embeddable":true,"href":"https:\/\/shop.kustom.ch\/en\/wp-json\/wp\/v2\/media\/509425"}],"wp:attachment":[{"href":"https:\/\/shop.kustom.ch\/en\/wp-json\/wp\/v2\/media?parent=509370"}],"wp:term":[{"taxonomy":"product_brand","embeddable":true,"href":"https:\/\/shop.kustom.ch\/en\/wp-json\/wp\/v2\/product_brand?post=509370"},{"taxonomy":"product_cat","embeddable":true,"href":"https:\/\/shop.kustom.ch\/en\/wp-json\/wp\/v2\/product_cat?post=509370"},{"taxonomy":"product_tag","embeddable":true,"href":"https:\/\/shop.kustom.ch\/en\/wp-json\/wp\/v2\/product_tag?post=509370"}],"curies":[{"name":"wp","href":"https:\/\/api.w.org\/{rel}","templated":true}]}}