{"id":509166,"date":"2025-01-25T00:33:50","date_gmt":"2025-01-24T23:33:50","guid":{"rendered":"https:\/\/shop.kustom.ch\/?post_type=product&#038;p=509166"},"modified":"2026-03-31T12:07:37","modified_gmt":"2026-03-31T11:07:37","slug":"red-bow-122-woman","status":"publish","type":"product","link":"https:\/\/shop.kustom.ch\/en\/product\/red-bow-122-woman\/","title":{"rendered":"Red Bow 122 Woman"},"content":{"rendered":"<p>It's time to carefully update one of our favourite models. The Red Bow 122 is an extension of the Red Bow 20, an essential model with new, modern details and the addition of the new hidden button down collar we love so much. We're ready for a new decade. Are you too?<br \/>\n- RED BOW Collection<br \/>\n- Non-iron (non-iron) patented environmental treatment<br \/>\n- 100% Cotton, 124 G\/M2<br \/>\n- 2-ply, long-staple, compact cotton<br \/>\n- Split back yoke ensures smooth, contoured shoulders and greater freedom of movement<br \/>\n- Taped main seams give the shirt a fresh and exclusive look after every wash. No creases<br \/>\n- Kent collar, concealed button down<br \/>\n- Long sleeve<br \/>\n- Cuffs with extra buttonhole for cufflinks<br \/>\n- High, 4 mm thick knobs<br \/>\n- Rounded hem<\/p>\n<p>Material: 100% cotton<\/p>","protected":false},"excerpt":{"rendered":"<p>Es ist an der Zeit, eines unserer beliebtesten Modelle behutsam zu erneuern. Das Red Bow 122 ist eine Erweiterung zum Red Bow 20. Ein unerl\u00e4ssliches Modell mit neuen, modernen Details und dem zus\u00e4tzlichen neuen, versteckten Button Down Kragen, den wir so sehr lieben. Wir sind bereit f\u00fcr ein neues Jahrzehnt. Sie auch? \u2022 RED BOW [&hellip;]<\/p>\n","protected":false},"featured_media":509226,"template":"","meta":[],"product_brand":[],"product_cat":[9895],"product_tag":[],"class_list":{"0":"post-509166","1":"product","2":"type-product","3":"status-publish","4":"has-post-thumbnail","6":"product_cat-blusen","7":"pa_brand-harvest-frost","8":"pa_brand-type-workwear","9":"pa_filter-color-blau","10":"pa_filter-color-grau","11":"pa_filter-color-weiss","13":"first","14":"instock","15":"sale","16":"taxable","17":"shipping-taxable","18":"purchasable","19":"product-type-variable","20":"add-to-wishlist-before_image"},"exclude_global_add_ons":[],"addons":[],"acf":[],"_links":{"self":[{"href":"https:\/\/shop.kustom.ch\/en\/wp-json\/wp\/v2\/product\/509166"}],"collection":[{"href":"https:\/\/shop.kustom.ch\/en\/wp-json\/wp\/v2\/product"}],"about":[{"href":"https:\/\/shop.kustom.ch\/en\/wp-json\/wp\/v2\/types\/product"}],"wp:featuredmedia":[{"embeddable":true,"href":"https:\/\/shop.kustom.ch\/en\/wp-json\/wp\/v2\/media\/509226"}],"wp:attachment":[{"href":"https:\/\/shop.kustom.ch\/en\/wp-json\/wp\/v2\/media?parent=509166"}],"wp:term":[{"taxonomy":"product_brand","embeddable":true,"href":"https:\/\/shop.kustom.ch\/en\/wp-json\/wp\/v2\/product_brand?post=509166"},{"taxonomy":"product_cat","embeddable":true,"href":"https:\/\/shop.kustom.ch\/en\/wp-json\/wp\/v2\/product_cat?post=509166"},{"taxonomy":"product_tag","embeddable":true,"href":"https:\/\/shop.kustom.ch\/en\/wp-json\/wp\/v2\/product_tag?post=509166"}],"curies":[{"name":"wp","href":"https:\/\/api.w.org\/{rel}","templated":true}]}}