{"id":508972,"date":"2025-01-25T00:32:35","date_gmt":"2025-01-24T23:32:35","guid":{"rendered":"https:\/\/shop.kustom.ch\/?post_type=product&#038;p=508972"},"modified":"2026-03-31T12:06:29","modified_gmt":"2026-03-31T11:06:29","slug":"purple-bow-49-woman","status":"publish","type":"product","link":"https:\/\/shop.kustom.ch\/en\/product\/purple-bow-49-woman\/","title":{"rendered":"Purple Bow 49 Woman"},"content":{"rendered":"<p>Ein doppelter Jacquard Stoff aus 100%Baumwolle, gewebt mit weissen Punkten auf navy Hintergrund f\u00fcr einen modernen und anspruchsvollen Look. Kombinieren Sie es mit dem Anzug oder zu einem casual Look mit Jeans. Unser neu entwickelter Stoff wurde mit einem mechanischen Stretch f\u00fcr mehr Komfort hergestellt. Es verleiht dem Hemd eine nat\u00fcrliche Elastizit\u00e4t von bis zu 12%. Durch den Querfaden beh\u00e4lt es trotzdem unsere grossartige b\u00fcgelfreie Leistung.<br \/>\n- PURPLE BOW Collection<br \/>\n- Navy coloured jacquard fabric, woven with white micro dots<br \/>\n- 100% cotton, mechanical stretch, 130 g\/m\u00b2<br \/>\n- Long-staple, compact cotton<br \/>\n- Non-iron, patented environmental treatment<br \/>\n- Suitable for washing machines<br \/>\n- Split back yoke ensures smooth, contoured shoulders and greater freedom of movement<br \/>\n- Taped main seams give the shirt a fresh and exclusive look after every wash. No creases<br \/>\n- Modern cut away collar, concealed button down<br \/>\n- Long sleeve<br \/>\n- Cuffs with extra buttonhole for cufflinks<br \/>\n- Imitation mother-of-pearl buttons 2.5mm<br \/>\n- Rounded hem<\/p>\n<p>Material: 100 % long staple compact cotton<\/p>","protected":false},"excerpt":{"rendered":"<p>Ein doppelter Jacquard Stoff aus 100%Baumwolle, gewebt mit weissen Punkten auf navy Hintergrund f\u00fcr einen modernen und anspruchsvollen Look. Kombinieren Sie es mit dem Anzug oder zu einem casual Look mit Jeans. Unser neu entwickelter Stoff wurde mit einem mechanischen Stretch f\u00fcr mehr Komfort hergestellt. Es verleiht dem Hemd eine nat\u00fcrliche Elastizit\u00e4t von bis zu [&hellip;]<\/p>\n","protected":false},"featured_media":509028,"template":"","meta":[],"product_brand":[],"product_cat":[9895],"product_tag":[],"class_list":{"0":"post-508972","1":"product","2":"type-product","3":"status-publish","4":"has-post-thumbnail","6":"product_cat-blusen","7":"pa_brand-harvest-frost","8":"pa_brand-type-workwear","9":"pa_filter-color-blau","11":"first","12":"instock","13":"sale","14":"taxable","15":"shipping-taxable","16":"purchasable","17":"product-type-variable","18":"add-to-wishlist-before_image"},"exclude_global_add_ons":[],"addons":[],"acf":[],"_links":{"self":[{"href":"https:\/\/shop.kustom.ch\/en\/wp-json\/wp\/v2\/product\/508972"}],"collection":[{"href":"https:\/\/shop.kustom.ch\/en\/wp-json\/wp\/v2\/product"}],"about":[{"href":"https:\/\/shop.kustom.ch\/en\/wp-json\/wp\/v2\/types\/product"}],"wp:featuredmedia":[{"embeddable":true,"href":"https:\/\/shop.kustom.ch\/en\/wp-json\/wp\/v2\/media\/509028"}],"wp:attachment":[{"href":"https:\/\/shop.kustom.ch\/en\/wp-json\/wp\/v2\/media?parent=508972"}],"wp:term":[{"taxonomy":"product_brand","embeddable":true,"href":"https:\/\/shop.kustom.ch\/en\/wp-json\/wp\/v2\/product_brand?post=508972"},{"taxonomy":"product_cat","embeddable":true,"href":"https:\/\/shop.kustom.ch\/en\/wp-json\/wp\/v2\/product_cat?post=508972"},{"taxonomy":"product_tag","embeddable":true,"href":"https:\/\/shop.kustom.ch\/en\/wp-json\/wp\/v2\/product_tag?post=508972"}],"curies":[{"name":"wp","href":"https:\/\/api.w.org\/{rel}","templated":true}]}}